{"id":2555,"date":"2026-05-12T10:46:09","date_gmt":"2026-05-12T15:46:09","guid":{"rendered":"https:\/\/ctsaul.com\/tienda\/?post_type=product&#038;p=2555"},"modified":"2026-05-14T16:25:20","modified_gmt":"2026-05-14T21:25:20","slug":"audifono-diadema-usb-mh-7030-esenses-mh-7030","status":"publish","type":"product","link":"https:\/\/ctsaul.com\/tienda\/producto\/audifono-diadema-usb-mh-7030-esenses-mh-7030\/","title":{"rendered":"Aud\u00edfono Diadema USB MH-7030 \u2013 ESENSES"},"content":{"rendered":"<p data-start=\"96\" data-end=\"429\">El Aud\u00edfono Diadema MH-7030 USB de <span class=\"hover:entity-accent entity-underline inline cursor-pointer align-baseline\"><span class=\"whitespace-normal\">ESENSES MH-7030<\/span><\/span> es un headset dise\u00f1ado para ofrecer una experiencia de sonido clara y c\u00f3moda en tareas de oficina, estudio, videollamadas y uso multimedia. Cuenta con conexi\u00f3n USB plug and play, lo que permite una instalaci\u00f3n r\u00e1pida sin necesidad de drivers.<\/p>\n<p data-start=\"431\" data-end=\"702\">Incorpora micr\u00f3fono integrado con buena captaci\u00f3n de voz, dise\u00f1o tipo diadema ajustable y almohadillas acolchadas que brindan comodidad durante largas jornadas de uso. Su dise\u00f1o over-ear ayuda a mejorar el aislamiento del sonido, ideal para entornos de trabajo o estudio.<\/p>\n","protected":false},"excerpt":{"rendered":"<div class=\"qMYqUG_convSearchResultHighlightRoot\">\n<div class=\"\" data-turn-id-container=\"request-69fde804-3a44-83e9-8ee0-7f1c78f5c8a1-20\" data-is-intersecting=\"true\">\n<div class=\"relative w-full overflow-visible\">\n<section class=\"text-token-text-primary w-full focus:outline-none [--shadow-height:45px] has-data-writing-block:pointer-events-none has-data-writing-block:-mt-(--shadow-height) has-data-writing-block:pt-(--shadow-height) [&amp;:has([data-writing-block])&gt;*]:pointer-events-auto R6Vx5W_threadScrollVars scroll-mb-[calc(var(--scroll-root-safe-area-inset-bottom,0px)+var(--thread-response-height))] scroll-mt-[calc(var(--header-height)+min(200px,max(70px,20svh)))]\" dir=\"auto\" data-turn-id=\"request-69fde804-3a44-83e9-8ee0-7f1c78f5c8a1-20\" data-turn-id-container=\"request-69fde804-3a44-83e9-8ee0-7f1c78f5c8a1-20\" data-testid=\"conversation-turn-66\" data-scroll-anchor=\"false\" data-turn=\"assistant\">\n<div class=\"text-base my-auto mx-auto pb-10 [--thread-content-margin:var(--thread-content-margin-xs,calc(var(--spacing)*4))] @w-sm\/main:[--thread-content-margin:var(--thread-content-margin-sm,calc(var(--spacing)*6))] @w-lg\/main:[--thread-content-margin:var(--thread-content-margin-lg,calc(var(--spacing)*16))] px-(--thread-content-margin)\">\n<div class=\"[--thread-content-max-width:40rem] @w-lg\/main:[--thread-content-max-width:48rem] mx-auto max-w-(--thread-content-max-width) flex-1 group\/turn-messages focus-visible:outline-hidden relative flex w-full min-w-0 flex-col agent-turn\">\n<div class=\"flex max-w-full flex-col gap-4 grow\">\n<div class=\"min-h-8 text-message relative flex w-full flex-col items-end gap-2 text-start break-words whitespace-normal outline-none keyboard-focused:focus-ring [.text-message+&amp;]:mt-1\" dir=\"auto\" tabindex=\"0\" data-message-author-role=\"assistant\" data-message-id=\"e0106063-5a75-40f7-abf1-265a1506c6fc\" data-turn-start-message=\"true\" data-message-model-slug=\"gpt-5-3-mini\">\n<div class=\"flex w-full flex-col gap-1 empty:hidden\">\n<div class=\"markdown prose dark:prose-invert wrap-break-word w-full light markdown-new-styling\">\n<p data-start=\"704\" data-end=\"892\">Aud\u00edfono diadema USB MH-7030 de <span class=\"hover:entity-accent entity-underline inline cursor-pointer align-baseline\"><span class=\"whitespace-normal\">ESENSES MH-7030<\/span><\/span>. C\u00f3modo, con micr\u00f3fono integrado y conexi\u00f3n plug and play, ideal para oficina y videollamadas.<\/p>\n<\/div>\n<\/div>\n<\/div>\n<\/div>\n<div class=\"z-0 flex min-h-[46px] justify-start\"><\/div>\n<div class=\"mt-3 w-full empty:hidden\">\n<div class=\"text-center\"><\/div>\n<\/div>\n<\/div>\n<\/div>\n<\/section>\n<div class=\"contents\"><\/div>\n<\/div>\n<\/div>\n<\/div>\n<div class=\"pointer-events-none -mt-px h-px translate-y-[calc(var(--scroll-root-safe-area-inset-bottom)-14*var(--spacing))]\" aria-hidden=\"true\"><\/div>\n","protected":false},"featured_media":2556,"comment_status":"open","ping_status":"closed","template":"","meta":[],"product_brand":[228],"product_cat":[19],"product_tag":[],"class_list":{"0":"post-2555","1":"product","2":"type-product","3":"status-publish","4":"has-post-thumbnail","6":"product_brand-esenses","7":"product_cat-mouse","8":"thunk-woo-product-list","9":"opn-qv-enable","10":"big-store-woo-hover-zoom","11":"open-single-product-tab-horizontal","12":"open-shadow-","13":"open-shadow-hover-","15":"first","16":"instock","17":"sale","18":"taxable","19":"shipping-taxable","20":"purchasable","21":"product-type-simple"},"_links":{"self":[{"href":"https:\/\/ctsaul.com\/tienda\/wp-json\/wp\/v2\/product\/2555","targetHints":{"allow":["GET"]}}],"collection":[{"href":"https:\/\/ctsaul.com\/tienda\/wp-json\/wp\/v2\/product"}],"about":[{"href":"https:\/\/ctsaul.com\/tienda\/wp-json\/wp\/v2\/types\/product"}],"replies":[{"embeddable":true,"href":"https:\/\/ctsaul.com\/tienda\/wp-json\/wp\/v2\/comments?post=2555"}],"wp:featuredmedia":[{"embeddable":true,"href":"https:\/\/ctsaul.com\/tienda\/wp-json\/wp\/v2\/media\/2556"}],"wp:attachment":[{"href":"https:\/\/ctsaul.com\/tienda\/wp-json\/wp\/v2\/media?parent=2555"}],"wp:term":[{"taxonomy":"product_brand","embeddable":true,"href":"https:\/\/ctsaul.com\/tienda\/wp-json\/wp\/v2\/product_brand?post=2555"},{"taxonomy":"product_cat","embeddable":true,"href":"https:\/\/ctsaul.com\/tienda\/wp-json\/wp\/v2\/product_cat?post=2555"},{"taxonomy":"product_tag","embeddable":true,"href":"https:\/\/ctsaul.com\/tienda\/wp-json\/wp\/v2\/product_tag?post=2555"}],"curies":[{"name":"wp","href":"https:\/\/api.w.org\/{rel}","templated":true}]}}