{"id":2549,"date":"2026-05-12T10:18:39","date_gmt":"2026-05-12T15:18:39","guid":{"rendered":"https:\/\/ctsaul.com\/tienda\/?post_type=product&#038;p=2549"},"modified":"2026-05-12T10:18:39","modified_gmt":"2026-05-12T15:18:39","slug":"mouse-optico-usb-etr-1080g-2-generico","status":"publish","type":"product","link":"https:\/\/ctsaul.com\/tienda\/producto\/mouse-optico-usb-etr-1080g-2-generico\/","title":{"rendered":"Mouse \u00d3ptico USB ETR 1080G-2 \u2013 Gen\u00e9rico"},"content":{"rendered":"<p data-start=\"91\" data-end=\"420\">El Mouse ETR 1080G-2 USB es un mouse \u00f3ptico al\u00e1mbrico dise\u00f1ado para ofrecer un uso pr\u00e1ctico, c\u00f3modo y confiable en tareas diarias de oficina, estudio o navegaci\u00f3n en el computador. Su conexi\u00f3n USB tipo plug and play permite una instalaci\u00f3n r\u00e1pida sin necesidad de drivers, siendo compatible con la mayor\u00eda de sistemas operativos.<\/p>\n<p data-start=\"422\" data-end=\"705\">Cuenta con sensor \u00f3ptico de alta precisi\u00f3n que garantiza un desplazamiento fluido del cursor, ideal para trabajo continuo. Su dise\u00f1o ergon\u00f3mico facilita el agarre y reduce la fatiga durante el uso prolongado, convirti\u00e9ndolo en una opci\u00f3n funcional y econ\u00f3mica para cualquier entorno.<\/p>\n","protected":false},"excerpt":{"rendered":"<div class=\"qMYqUG_convSearchResultHighlightRoot\">\n<div class=\"\" data-turn-id-container=\"request-69fde804-3a44-83e9-8ee0-7f1c78f5c8a1-15\" data-is-intersecting=\"true\">\n<div class=\"relative w-full overflow-visible\">\n<section class=\"text-token-text-primary w-full focus:outline-none [--shadow-height:45px] has-data-writing-block:pointer-events-none has-data-writing-block:-mt-(--shadow-height) has-data-writing-block:pt-(--shadow-height) [&amp;:has([data-writing-block])&gt;*]:pointer-events-auto R6Vx5W_threadScrollVars scroll-mb-[calc(var(--scroll-root-safe-area-inset-bottom,0px)+var(--thread-response-height))] scroll-mt-[calc(var(--header-height)+min(200px,max(70px,20svh)))]\" dir=\"auto\" data-turn-id=\"request-69fde804-3a44-83e9-8ee0-7f1c78f5c8a1-15\" data-turn-id-container=\"request-69fde804-3a44-83e9-8ee0-7f1c78f5c8a1-15\" data-testid=\"conversation-turn-58\" data-scroll-anchor=\"false\" data-turn=\"assistant\">\n<div class=\"text-base my-auto mx-auto pb-10 [--thread-content-margin:var(--thread-content-margin-xs,calc(var(--spacing)*4))] @w-sm\/main:[--thread-content-margin:var(--thread-content-margin-sm,calc(var(--spacing)*6))] @w-lg\/main:[--thread-content-margin:var(--thread-content-margin-lg,calc(var(--spacing)*16))] px-(--thread-content-margin)\">\n<div class=\"[--thread-content-max-width:40rem] @w-lg\/main:[--thread-content-max-width:48rem] mx-auto max-w-(--thread-content-max-width) flex-1 group\/turn-messages focus-visible:outline-hidden relative flex w-full min-w-0 flex-col agent-turn\">\n<div class=\"flex max-w-full flex-col gap-4 grow\">\n<div class=\"min-h-8 text-message relative flex w-full flex-col items-end gap-2 text-start break-words whitespace-normal outline-none keyboard-focused:focus-ring [.text-message+&amp;]:mt-1\" dir=\"auto\" tabindex=\"0\" data-message-author-role=\"assistant\" data-message-id=\"05499e55-0a20-4053-814f-1ad9fd29be0b\" data-turn-start-message=\"true\" data-message-model-slug=\"gpt-5-3-mini\">\n<div class=\"flex w-full flex-col gap-1 empty:hidden\">\n<div class=\"markdown prose dark:prose-invert wrap-break-word w-full light markdown-new-styling\">\n<p data-start=\"734\" data-end=\"856\">Mouse \u00f3ptico USB ETR 1080G-2. C\u00f3modo, preciso y f\u00e1cil de usar con conexi\u00f3n plug and play, ideal para oficina y uso diario.<\/p>\n<\/div>\n<\/div>\n<\/div>\n<\/div>\n<div class=\"z-0 flex min-h-[46px] justify-start\"><\/div>\n<div class=\"mt-3 w-full empty:hidden\">\n<div class=\"text-center\"><\/div>\n<\/div>\n<\/div>\n<\/div>\n<\/section>\n<div class=\"contents\"><\/div>\n<\/div>\n<\/div>\n<\/div>\n<div class=\"pointer-events-none -mt-px h-px translate-y-[calc(var(--scroll-root-safe-area-inset-bottom)-14*var(--spacing))]\" aria-hidden=\"true\"><\/div>\n","protected":false},"featured_media":2550,"comment_status":"open","ping_status":"closed","template":"","meta":[],"product_brand":[],"product_cat":[19],"product_tag":[],"class_list":{"0":"post-2549","1":"product","2":"type-product","3":"status-publish","4":"has-post-thumbnail","6":"product_cat-mouse","7":"thunk-woo-product-list","8":"opn-qv-enable","9":"big-store-woo-hover-zoom","10":"open-single-product-tab-horizontal","11":"open-shadow-","12":"open-shadow-hover-","14":"first","15":"instock","16":"sale","17":"taxable","18":"shipping-taxable","19":"purchasable","20":"product-type-simple"},"_links":{"self":[{"href":"https:\/\/ctsaul.com\/tienda\/wp-json\/wp\/v2\/product\/2549","targetHints":{"allow":["GET"]}}],"collection":[{"href":"https:\/\/ctsaul.com\/tienda\/wp-json\/wp\/v2\/product"}],"about":[{"href":"https:\/\/ctsaul.com\/tienda\/wp-json\/wp\/v2\/types\/product"}],"replies":[{"embeddable":true,"href":"https:\/\/ctsaul.com\/tienda\/wp-json\/wp\/v2\/comments?post=2549"}],"wp:featuredmedia":[{"embeddable":true,"href":"https:\/\/ctsaul.com\/tienda\/wp-json\/wp\/v2\/media\/2550"}],"wp:attachment":[{"href":"https:\/\/ctsaul.com\/tienda\/wp-json\/wp\/v2\/media?parent=2549"}],"wp:term":[{"taxonomy":"product_brand","embeddable":true,"href":"https:\/\/ctsaul.com\/tienda\/wp-json\/wp\/v2\/product_brand?post=2549"},{"taxonomy":"product_cat","embeddable":true,"href":"https:\/\/ctsaul.com\/tienda\/wp-json\/wp\/v2\/product_cat?post=2549"},{"taxonomy":"product_tag","embeddable":true,"href":"https:\/\/ctsaul.com\/tienda\/wp-json\/wp\/v2\/product_tag?post=2549"}],"curies":[{"name":"wp","href":"https:\/\/api.w.org\/{rel}","templated":true}]}}