{"id":2539,"date":"2026-05-12T09:59:31","date_gmt":"2026-05-12T14:59:31","guid":{"rendered":"https:\/\/ctsaul.com\/tienda\/?post_type=product&#038;p=2539"},"modified":"2026-05-12T09:59:32","modified_gmt":"2026-05-12T14:59:32","slug":"mouse-inalambrico-amw50us-targus","status":"publish","type":"product","link":"https:\/\/ctsaul.com\/tienda\/producto\/mouse-inalambrico-amw50us-targus\/","title":{"rendered":"Mouse Inal\u00e1mbrico AMW50US \u2013 Targus"},"content":{"rendered":"<p data-start=\"93\" data-end=\"435\">El Mouse Inal\u00e1mbrico AMW50US de <span class=\"hover:entity-accent entity-underline inline cursor-pointer align-baseline\"><span class=\"whitespace-normal\">Targus<\/span><\/span> es un dispositivo compacto y confiable dise\u00f1ado para ofrecer precisi\u00f3n y comodidad en el uso diario. Cuenta con tecnolog\u00eda inal\u00e1mbrica 2.4 GHz que permite una conexi\u00f3n estable con alcance de hasta 10 metros, ideal para oficina, estudio o uso en el hogar.<\/p>\n<p data-start=\"437\" data-end=\"715\">Incorpora sensor \u00f3ptico con resoluci\u00f3n de 800 DPI para un control suave y preciso del cursor, adem\u00e1s de dise\u00f1o ergon\u00f3mico ambidiestro que se adapta tanto a usuarios diestros como zurdos. Su receptor USB tipo plug and play facilita la instalaci\u00f3n sin configuraciones adicionales.<\/p>\n","protected":false},"excerpt":{"rendered":"<p>Mouse inal\u00e1mbrico AMW50US de <span class=\"hover:entity-accent entity-underline inline cursor-pointer align-baseline\"><span class=\"whitespace-normal\">Targus<\/span><\/span>. C\u00f3modo, preciso y f\u00e1cil de usar con conexi\u00f3n USB 2.4 GHz.<\/p>\n","protected":false},"featured_media":2540,"comment_status":"open","ping_status":"closed","template":"","meta":[],"product_brand":[],"product_cat":[19],"product_tag":[],"class_list":{"0":"post-2539","1":"product","2":"type-product","3":"status-publish","4":"has-post-thumbnail","6":"product_cat-mouse","7":"thunk-woo-product-list","8":"opn-qv-enable","9":"big-store-woo-hover-zoom","10":"open-single-product-tab-horizontal","11":"open-shadow-","12":"open-shadow-hover-","14":"first","15":"instock","16":"sale","17":"taxable","18":"shipping-taxable","19":"purchasable","20":"product-type-simple"},"_links":{"self":[{"href":"https:\/\/ctsaul.com\/tienda\/wp-json\/wp\/v2\/product\/2539","targetHints":{"allow":["GET"]}}],"collection":[{"href":"https:\/\/ctsaul.com\/tienda\/wp-json\/wp\/v2\/product"}],"about":[{"href":"https:\/\/ctsaul.com\/tienda\/wp-json\/wp\/v2\/types\/product"}],"replies":[{"embeddable":true,"href":"https:\/\/ctsaul.com\/tienda\/wp-json\/wp\/v2\/comments?post=2539"}],"wp:featuredmedia":[{"embeddable":true,"href":"https:\/\/ctsaul.com\/tienda\/wp-json\/wp\/v2\/media\/2540"}],"wp:attachment":[{"href":"https:\/\/ctsaul.com\/tienda\/wp-json\/wp\/v2\/media?parent=2539"}],"wp:term":[{"taxonomy":"product_brand","embeddable":true,"href":"https:\/\/ctsaul.com\/tienda\/wp-json\/wp\/v2\/product_brand?post=2539"},{"taxonomy":"product_cat","embeddable":true,"href":"https:\/\/ctsaul.com\/tienda\/wp-json\/wp\/v2\/product_cat?post=2539"},{"taxonomy":"product_tag","embeddable":true,"href":"https:\/\/ctsaul.com\/tienda\/wp-json\/wp\/v2\/product_tag?post=2539"}],"curies":[{"name":"wp","href":"https:\/\/api.w.org\/{rel}","templated":true}]}}