{"id":2499,"date":"2026-05-08T09:53:00","date_gmt":"2026-05-08T14:53:00","guid":{"rendered":"https:\/\/ctsaul.com\/tienda\/?post_type=product&#038;p=2499"},"modified":"2026-05-08T09:53:27","modified_gmt":"2026-05-08T14:53:27","slug":"cajon-monedero-plastico-40261-jaltech","status":"publish","type":"product","link":"https:\/\/ctsaul.com\/tienda\/producto\/cajon-monedero-plastico-40261-jaltech\/","title":{"rendered":"Caj\u00f3n Monedero Pl\u00e1stico 40261 \u2013 JALTECH"},"content":{"rendered":"<p>El Caj\u00f3n Monedero Pl\u00e1stico 40261 de <span class=\"hover:entity-accent entity-underline inline cursor-pointer align-baseline\"><span class=\"whitespace-normal\">JALTECH<\/span><\/span> es una soluci\u00f3n pr\u00e1ctica y liviana para la organizaci\u00f3n y resguardo de dinero en efectivo en puntos de venta. Fabricado en material pl\u00e1stico resistente, es ideal para negocios que buscan un caj\u00f3n monedero funcional, econ\u00f3mico y de f\u00e1cil uso. Cuenta con compartimentos internos para billetes y monedas, permitiendo una mejor organizaci\u00f3n del efectivo durante las operaciones diarias. Su dise\u00f1o compacto facilita su instalaci\u00f3n en mostradores y espacios reducidos.<\/p>\n","protected":false},"excerpt":{"rendered":"<p>Caj\u00f3n monedero pl\u00e1stico 40261 de <span class=\"hover:entity-accent entity-underline inline cursor-pointer align-baseline\"><span class=\"whitespace-normal\">JALTECH<\/span><\/span>. Pr\u00e1ctico, liviano y con compartimentos para billetes y monedas, ideal para negocios.<\/p>\n","protected":false},"featured_media":2500,"comment_status":"open","ping_status":"closed","template":"","meta":[],"product_brand":[22],"product_cat":[149],"product_tag":[],"class_list":{"0":"post-2499","1":"product","2":"type-product","3":"status-publish","4":"has-post-thumbnail","6":"product_brand-jaltech","7":"product_cat-cajon-monedero","8":"thunk-woo-product-list","9":"opn-qv-enable","10":"big-store-woo-hover-zoom","11":"open-single-product-tab-horizontal","12":"open-shadow-","13":"open-shadow-hover-","15":"first","16":"instock","17":"sale","18":"taxable","19":"shipping-taxable","20":"purchasable","21":"product-type-simple"},"_links":{"self":[{"href":"https:\/\/ctsaul.com\/tienda\/wp-json\/wp\/v2\/product\/2499","targetHints":{"allow":["GET"]}}],"collection":[{"href":"https:\/\/ctsaul.com\/tienda\/wp-json\/wp\/v2\/product"}],"about":[{"href":"https:\/\/ctsaul.com\/tienda\/wp-json\/wp\/v2\/types\/product"}],"replies":[{"embeddable":true,"href":"https:\/\/ctsaul.com\/tienda\/wp-json\/wp\/v2\/comments?post=2499"}],"wp:featuredmedia":[{"embeddable":true,"href":"https:\/\/ctsaul.com\/tienda\/wp-json\/wp\/v2\/media\/2500"}],"wp:attachment":[{"href":"https:\/\/ctsaul.com\/tienda\/wp-json\/wp\/v2\/media?parent=2499"}],"wp:term":[{"taxonomy":"product_brand","embeddable":true,"href":"https:\/\/ctsaul.com\/tienda\/wp-json\/wp\/v2\/product_brand?post=2499"},{"taxonomy":"product_cat","embeddable":true,"href":"https:\/\/ctsaul.com\/tienda\/wp-json\/wp\/v2\/product_cat?post=2499"},{"taxonomy":"product_tag","embeddable":true,"href":"https:\/\/ctsaul.com\/tienda\/wp-json\/wp\/v2\/product_tag?post=2499"}],"curies":[{"name":"wp","href":"https:\/\/api.w.org\/{rel}","templated":true}]}}