{"id":2497,"date":"2026-05-08T09:03:43","date_gmt":"2026-05-08T14:03:43","guid":{"rendered":"https:\/\/ctsaul.com\/tienda\/?post_type=product&#038;p=2497"},"modified":"2026-05-08T09:03:43","modified_gmt":"2026-05-08T14:03:43","slug":"kaspersky-small-office-security-8-licencia-1-ano-5-pcs-5-moviles-1-servidor","status":"publish","type":"product","link":"https:\/\/ctsaul.com\/tienda\/producto\/kaspersky-small-office-security-8-licencia-1-ano-5-pcs-5-moviles-1-servidor\/","title":{"rendered":"Kaspersky Small Office Security 8 \u2013 Licencia 1 A\u00f1o (5 PCs + 5 m\u00f3viles + 1 servidor)"},"content":{"rendered":"<p data-start=\"115\" data-end=\"455\">Protege tu negocio con <span class=\"hover:entity-accent entity-underline inline cursor-pointer align-baseline\"><span class=\"whitespace-normal\">Kaspersky Small Office Security 8<\/span><\/span>, una soluci\u00f3n de seguridad dise\u00f1ada especialmente para peque\u00f1as empresas y oficinas. Esta licencia ofrece protecci\u00f3n completa contra virus, ransomware, phishing y amenazas en l\u00ednea para hasta 5 dispositivos PC, 5 dispositivos m\u00f3viles y 1 servidor durante 1 a\u00f1o.<\/p>\n<p data-start=\"457\" data-end=\"746\">Incluye administraci\u00f3n sencilla, protecci\u00f3n de datos financieros, seguridad para pagos en l\u00ednea, protecci\u00f3n de archivos cr\u00edticos y herramientas para mantener los equipos de trabajo seguros y productivos. Ideal para empresas que necesitan una soluci\u00f3n confiable sin complicaciones t\u00e9cnicas.<\/p>\n","protected":false},"excerpt":{"rendered":"<p><span class=\"hover:entity-accent entity-underline inline cursor-pointer align-baseline\"><span class=\"whitespace-normal\">Kaspersky Small Office Security 8<\/span><\/span> para 5 PCs, 5 m\u00f3viles y 1 servidor por 1 a\u00f1o. Protecci\u00f3n completa para empresas contra virus, ransomware y amenazas en l\u00ednea.<\/p>\n","protected":false},"featured_media":2498,"comment_status":"open","ping_status":"closed","template":"","meta":[],"product_brand":[],"product_cat":[226],"product_tag":[],"class_list":{"0":"post-2497","1":"product","2":"type-product","3":"status-publish","4":"has-post-thumbnail","6":"product_cat-antivirus","7":"thunk-woo-product-list","8":"opn-qv-enable","9":"big-store-woo-hover-zoom","10":"open-single-product-tab-horizontal","11":"open-shadow-","12":"open-shadow-hover-","14":"first","15":"instock","16":"sale","17":"virtual","18":"taxable","19":"purchasable","20":"product-type-simple"},"_links":{"self":[{"href":"https:\/\/ctsaul.com\/tienda\/wp-json\/wp\/v2\/product\/2497","targetHints":{"allow":["GET"]}}],"collection":[{"href":"https:\/\/ctsaul.com\/tienda\/wp-json\/wp\/v2\/product"}],"about":[{"href":"https:\/\/ctsaul.com\/tienda\/wp-json\/wp\/v2\/types\/product"}],"replies":[{"embeddable":true,"href":"https:\/\/ctsaul.com\/tienda\/wp-json\/wp\/v2\/comments?post=2497"}],"wp:featuredmedia":[{"embeddable":true,"href":"https:\/\/ctsaul.com\/tienda\/wp-json\/wp\/v2\/media\/2498"}],"wp:attachment":[{"href":"https:\/\/ctsaul.com\/tienda\/wp-json\/wp\/v2\/media?parent=2497"}],"wp:term":[{"taxonomy":"product_brand","embeddable":true,"href":"https:\/\/ctsaul.com\/tienda\/wp-json\/wp\/v2\/product_brand?post=2497"},{"taxonomy":"product_cat","embeddable":true,"href":"https:\/\/ctsaul.com\/tienda\/wp-json\/wp\/v2\/product_cat?post=2497"},{"taxonomy":"product_tag","embeddable":true,"href":"https:\/\/ctsaul.com\/tienda\/wp-json\/wp\/v2\/product_tag?post=2497"}],"curies":[{"name":"wp","href":"https:\/\/api.w.org\/{rel}","templated":true}]}}