{"id":2494,"date":"2026-05-08T08:55:52","date_gmt":"2026-05-08T13:55:52","guid":{"rendered":"https:\/\/ctsaul.com\/tienda\/?post_type=product&#038;p=2494"},"modified":"2026-05-08T08:55:52","modified_gmt":"2026-05-08T13:55:52","slug":"kaspersky-premium-licencia-1-ano-para-1-dispositivo-kpm","status":"publish","type":"product","link":"https:\/\/ctsaul.com\/tienda\/producto\/kaspersky-premium-licencia-1-ano-para-1-dispositivo-kpm\/","title":{"rendered":"Kaspersky Premium \u2013 Licencia 1 A\u00f1o para 1 Dispositivo + KPM"},"content":{"rendered":"<p>Obt\u00e9n la m\u00e1xima protecci\u00f3n digital con <span class=\"hover:entity-accent entity-underline inline cursor-pointer align-baseline\"><span class=\"whitespace-normal\">Kaspersky Premium<\/span><\/span>, una soluci\u00f3n completa de seguridad que protege tu dispositivo frente a virus, malware, ransomware y amenazas en l\u00ednea. Incluye herramientas avanzadas de privacidad, protecci\u00f3n de identidad, navegaci\u00f3n segura, optimizaci\u00f3n del rendimiento y acceso a <span class=\"hover:entity-accent entity-underline inline cursor-pointer align-baseline\"><span class=\"whitespace-normal\">Kaspersky Password Manager<\/span><\/span> para almacenar y administrar tus contrase\u00f1as de forma segura. Esta licencia cubre 1 dispositivo durante 1 a\u00f1o y es compatible con Windows, macOS, Android e iOS.<\/p>\n","protected":false},"excerpt":{"rendered":"<p>Licencia original de <span class=\"hover:entity-accent entity-underline inline cursor-pointer align-baseline\"><span class=\"whitespace-normal\">Kaspersky Premium<\/span><\/span> para 1 dispositivo por 1 a\u00f1o. Incluye seguridad avanzada, protecci\u00f3n de privacidad y <span class=\"hover:entity-accent entity-underline inline cursor-pointer align-baseline\"><span class=\"whitespace-normal\">Kaspersky Password Manager<\/span><\/span> incluido.<\/p>\n","protected":false},"featured_media":2495,"comment_status":"open","ping_status":"closed","template":"","meta":[],"product_brand":[],"product_cat":[226],"product_tag":[],"class_list":{"0":"post-2494","1":"product","2":"type-product","3":"status-publish","4":"has-post-thumbnail","6":"product_cat-antivirus","7":"thunk-woo-product-list","8":"opn-qv-enable","9":"big-store-woo-hover-zoom","10":"open-single-product-tab-horizontal","11":"open-shadow-","12":"open-shadow-hover-","14":"first","15":"instock","16":"sale","17":"virtual","18":"taxable","19":"purchasable","20":"product-type-simple"},"_links":{"self":[{"href":"https:\/\/ctsaul.com\/tienda\/wp-json\/wp\/v2\/product\/2494","targetHints":{"allow":["GET"]}}],"collection":[{"href":"https:\/\/ctsaul.com\/tienda\/wp-json\/wp\/v2\/product"}],"about":[{"href":"https:\/\/ctsaul.com\/tienda\/wp-json\/wp\/v2\/types\/product"}],"replies":[{"embeddable":true,"href":"https:\/\/ctsaul.com\/tienda\/wp-json\/wp\/v2\/comments?post=2494"}],"wp:featuredmedia":[{"embeddable":true,"href":"https:\/\/ctsaul.com\/tienda\/wp-json\/wp\/v2\/media\/2495"}],"wp:attachment":[{"href":"https:\/\/ctsaul.com\/tienda\/wp-json\/wp\/v2\/media?parent=2494"}],"wp:term":[{"taxonomy":"product_brand","embeddable":true,"href":"https:\/\/ctsaul.com\/tienda\/wp-json\/wp\/v2\/product_brand?post=2494"},{"taxonomy":"product_cat","embeddable":true,"href":"https:\/\/ctsaul.com\/tienda\/wp-json\/wp\/v2\/product_cat?post=2494"},{"taxonomy":"product_tag","embeddable":true,"href":"https:\/\/ctsaul.com\/tienda\/wp-json\/wp\/v2\/product_tag?post=2494"}],"curies":[{"name":"wp","href":"https:\/\/api.w.org\/{rel}","templated":true}]}}