{"id":2488,"date":"2026-05-08T08:46:11","date_gmt":"2026-05-08T13:46:11","guid":{"rendered":"https:\/\/ctsaul.com\/tienda\/?post_type=product&#038;p=2488"},"modified":"2026-05-08T08:46:11","modified_gmt":"2026-05-08T13:46:11","slug":"kaspersky-standard-licencia-1-ano-para-3-dispositivos","status":"publish","type":"product","link":"https:\/\/ctsaul.com\/tienda\/producto\/kaspersky-standard-licencia-1-ano-para-3-dispositivos\/","title":{"rendered":"Kaspersky Standard \u2013 Licencia 1 A\u00f1o para 3 Dispositivos"},"content":{"rendered":"<p>Protege tus equipos con <span class=\"hover:entity-accent entity-underline inline cursor-pointer align-baseline\"><span class=\"whitespace-normal\">Kaspersky Standard<\/span><\/span>, una soluci\u00f3n de seguridad completa dise\u00f1ada para mantener seguros tus dispositivos frente a virus, malware, ransomware y amenazas en l\u00ednea. Esta licencia cubre hasta 3 dispositivos durante 1 a\u00f1o, ofreciendo navegaci\u00f3n segura, protecci\u00f3n en tiempo real y optimizaci\u00f3n del rendimiento del sistema. Compatible con Windows, macOS, Android e iOS, es ideal para usuarios que buscan seguridad confiable para el hogar o la oficina.<\/p>\n","protected":false},"excerpt":{"rendered":"<p>Protege tus equipos con <span class=\"hover:entity-accent entity-underline inline cursor-pointer align-baseline\"><span class=\"whitespace-normal\">Kaspersky Standard<\/span><\/span>, una soluci\u00f3n de seguridad completa dise\u00f1ada para mantener seguros tus dispositivos frente a virus, malware, ransomware y amenazas en l\u00ednea. Esta licencia cubre hasta 3 dispositivos durante 1 a\u00f1o, ofreciendo navegaci\u00f3n segura, protecci\u00f3n en tiempo real y optimizaci\u00f3n del rendimiento del sistema. Compatible con Windows, macOS, Android e iOS, es ideal para usuarios que buscan seguridad confiable para el hogar o la oficina.<\/p>\n","protected":false},"featured_media":2489,"comment_status":"open","ping_status":"closed","template":"","meta":[],"product_brand":[],"product_cat":[226],"product_tag":[],"class_list":{"0":"post-2488","1":"product","2":"type-product","3":"status-publish","4":"has-post-thumbnail","6":"product_cat-antivirus","7":"thunk-woo-product-list","8":"opn-qv-enable","9":"big-store-woo-hover-zoom","10":"open-single-product-tab-horizontal","11":"open-shadow-","12":"open-shadow-hover-","14":"first","15":"instock","16":"sale","17":"virtual","18":"taxable","19":"purchasable","20":"product-type-simple"},"_links":{"self":[{"href":"https:\/\/ctsaul.com\/tienda\/wp-json\/wp\/v2\/product\/2488","targetHints":{"allow":["GET"]}}],"collection":[{"href":"https:\/\/ctsaul.com\/tienda\/wp-json\/wp\/v2\/product"}],"about":[{"href":"https:\/\/ctsaul.com\/tienda\/wp-json\/wp\/v2\/types\/product"}],"replies":[{"embeddable":true,"href":"https:\/\/ctsaul.com\/tienda\/wp-json\/wp\/v2\/comments?post=2488"}],"wp:featuredmedia":[{"embeddable":true,"href":"https:\/\/ctsaul.com\/tienda\/wp-json\/wp\/v2\/media\/2489"}],"wp:attachment":[{"href":"https:\/\/ctsaul.com\/tienda\/wp-json\/wp\/v2\/media?parent=2488"}],"wp:term":[{"taxonomy":"product_brand","embeddable":true,"href":"https:\/\/ctsaul.com\/tienda\/wp-json\/wp\/v2\/product_brand?post=2488"},{"taxonomy":"product_cat","embeddable":true,"href":"https:\/\/ctsaul.com\/tienda\/wp-json\/wp\/v2\/product_cat?post=2488"},{"taxonomy":"product_tag","embeddable":true,"href":"https:\/\/ctsaul.com\/tienda\/wp-json\/wp\/v2\/product_tag?post=2488"}],"curies":[{"name":"wp","href":"https:\/\/api.w.org\/{rel}","templated":true}]}}