{"id":2443,"date":"2026-05-01T11:05:51","date_gmt":"2026-05-01T16:05:51","guid":{"rendered":"https:\/\/ctsaul.com\/tienda\/?post_type=product&#038;p=2443"},"modified":"2026-05-01T11:05:51","modified_gmt":"2026-05-01T16:05:51","slug":"pilas-recargables-beston-aa-ni-mh-2100mah-1-2v","status":"publish","type":"product","link":"https:\/\/ctsaul.com\/tienda\/producto\/pilas-recargables-beston-aa-ni-mh-2100mah-1-2v\/","title":{"rendered":"Pilas Recargables BESTON AA Ni-MH 2100mAh 1.2V"},"content":{"rendered":"<p>Las pilas recargables BESTON AA Ni-MH de 2100mAh est\u00e1n dise\u00f1adas para ofrecer un rendimiento confiable y duradero en una amplia variedad de dispositivos electr\u00f3nicos. Con tecnolog\u00eda de n\u00edquel-metal hidruro (Ni-MH), proporcionan una excelente capacidad de carga y pueden recargarse cientos de veces, reduciendo el uso de pilas desechables y el impacto ambiental. Son ideales para controles remotos, c\u00e1maras, juguetes, linternas, teclados inal\u00e1mbricos y otros equipos de uso diario. Su voltaje estable de 1.2V garantiza un funcionamiento seguro y eficiente en dispositivos compatibles.<\/p>\n","protected":false},"excerpt":{"rendered":"<p>Pilas recargables BESTON AA 2100mAh Ni-MH, ideales para dispositivos electr\u00f3nicos de uso diario y larga duraci\u00f3n.<\/p>\n","protected":false},"featured_media":2444,"comment_status":"open","ping_status":"closed","template":"","meta":[],"product_brand":[105],"product_cat":[129,126],"product_tag":[],"class_list":{"0":"post-2443","1":"product","2":"type-product","3":"status-publish","4":"has-post-thumbnail","6":"product_brand-beston","7":"product_cat-baterias","8":"product_cat-baterias-recargables","9":"thunk-woo-product-list","10":"opn-qv-enable","11":"big-store-woo-hover-zoom","12":"open-single-product-tab-horizontal","13":"open-shadow-","14":"open-shadow-hover-","16":"first","17":"instock","18":"sale","19":"taxable","20":"shipping-taxable","21":"purchasable","22":"product-type-simple"},"_links":{"self":[{"href":"https:\/\/ctsaul.com\/tienda\/wp-json\/wp\/v2\/product\/2443","targetHints":{"allow":["GET"]}}],"collection":[{"href":"https:\/\/ctsaul.com\/tienda\/wp-json\/wp\/v2\/product"}],"about":[{"href":"https:\/\/ctsaul.com\/tienda\/wp-json\/wp\/v2\/types\/product"}],"replies":[{"embeddable":true,"href":"https:\/\/ctsaul.com\/tienda\/wp-json\/wp\/v2\/comments?post=2443"}],"wp:featuredmedia":[{"embeddable":true,"href":"https:\/\/ctsaul.com\/tienda\/wp-json\/wp\/v2\/media\/2444"}],"wp:attachment":[{"href":"https:\/\/ctsaul.com\/tienda\/wp-json\/wp\/v2\/media?parent=2443"}],"wp:term":[{"taxonomy":"product_brand","embeddable":true,"href":"https:\/\/ctsaul.com\/tienda\/wp-json\/wp\/v2\/product_brand?post=2443"},{"taxonomy":"product_cat","embeddable":true,"href":"https:\/\/ctsaul.com\/tienda\/wp-json\/wp\/v2\/product_cat?post=2443"},{"taxonomy":"product_tag","embeddable":true,"href":"https:\/\/ctsaul.com\/tienda\/wp-json\/wp\/v2\/product_tag?post=2443"}],"curies":[{"name":"wp","href":"https:\/\/api.w.org\/{rel}","templated":true}]}}