{"id":2422,"date":"2026-05-01T09:43:45","date_gmt":"2026-05-01T14:43:45","guid":{"rendered":"https:\/\/ctsaul.com\/tienda\/?post_type=product&#038;p=2422"},"modified":"2026-05-01T09:43:46","modified_gmt":"2026-05-01T14:43:46","slug":"bateria-alcalina-maxell-9v-6lr61","status":"publish","type":"product","link":"https:\/\/ctsaul.com\/tienda\/producto\/bateria-alcalina-maxell-9v-6lr61\/","title":{"rendered":"Bater\u00eda Alcalina Maxell 9V 6LR61"},"content":{"rendered":"<p>La bater\u00eda alcalina Maxell 9V 6LR61 ofrece un rendimiento confiable y duradero para una amplia variedad de dispositivos electr\u00f3nicos. Est\u00e1 dise\u00f1ada para proporcionar energ\u00eda estable en equipos de uso cotidiano y profesional como detectores de humo, micr\u00f3fonos inal\u00e1mbricos, mult\u00edmetros, juguetes y radios. Fabricada con tecnolog\u00eda libre de mercurio y cadmio, garantiza mayor seguridad y menor impacto ambiental. Ideal para quienes buscan una excelente relaci\u00f3n entre calidad y precio, con el respaldo de la marca Maxell.<\/p>\n","protected":false},"excerpt":{"rendered":"<p>Bater\u00eda Maxell 9V alcalina de larga duraci\u00f3n, ideal para detectores de humo, micr\u00f3fonos y dispositivos electr\u00f3nicos.<\/p>\n","protected":false},"featured_media":2423,"comment_status":"open","ping_status":"closed","template":"","meta":[],"product_brand":[119],"product_cat":[129,125],"product_tag":[],"class_list":{"0":"post-2422","1":"product","2":"type-product","3":"status-publish","4":"has-post-thumbnail","6":"product_brand-maxell","7":"product_cat-baterias","8":"product_cat-baterias-alcalina","9":"thunk-woo-product-list","10":"opn-qv-enable","11":"big-store-woo-hover-zoom","12":"open-single-product-tab-horizontal","13":"open-shadow-","14":"open-shadow-hover-","16":"first","17":"instock","18":"sale","19":"taxable","20":"shipping-taxable","21":"purchasable","22":"product-type-simple"},"_links":{"self":[{"href":"https:\/\/ctsaul.com\/tienda\/wp-json\/wp\/v2\/product\/2422","targetHints":{"allow":["GET"]}}],"collection":[{"href":"https:\/\/ctsaul.com\/tienda\/wp-json\/wp\/v2\/product"}],"about":[{"href":"https:\/\/ctsaul.com\/tienda\/wp-json\/wp\/v2\/types\/product"}],"replies":[{"embeddable":true,"href":"https:\/\/ctsaul.com\/tienda\/wp-json\/wp\/v2\/comments?post=2422"}],"wp:featuredmedia":[{"embeddable":true,"href":"https:\/\/ctsaul.com\/tienda\/wp-json\/wp\/v2\/media\/2423"}],"wp:attachment":[{"href":"https:\/\/ctsaul.com\/tienda\/wp-json\/wp\/v2\/media?parent=2422"}],"wp:term":[{"taxonomy":"product_brand","embeddable":true,"href":"https:\/\/ctsaul.com\/tienda\/wp-json\/wp\/v2\/product_brand?post=2422"},{"taxonomy":"product_cat","embeddable":true,"href":"https:\/\/ctsaul.com\/tienda\/wp-json\/wp\/v2\/product_cat?post=2422"},{"taxonomy":"product_tag","embeddable":true,"href":"https:\/\/ctsaul.com\/tienda\/wp-json\/wp\/v2\/product_tag?post=2422"}],"curies":[{"name":"wp","href":"https:\/\/api.w.org\/{rel}","templated":true}]}}