{"id":2381,"date":"2026-04-24T09:35:28","date_gmt":"2026-04-24T14:35:28","guid":{"rendered":"https:\/\/ctsaul.com\/tienda\/?post_type=product&#038;p=2381"},"modified":"2026-04-24T10:49:28","modified_gmt":"2026-04-24T15:49:28","slug":"smart-tv-box-q1-8k-android","status":"publish","type":"product","link":"https:\/\/ctsaul.com\/tienda\/producto\/smart-tv-box-q1-8k-android\/","title":{"rendered":"Smart TV Box Q1 8K Android"},"content":{"rendered":"<p data-start=\"521\" data-end=\"777\">Convierte tu televisor en un potente Smart TV con el Q1 8K Android TV Box. Disfruta de contenido en ultra alta definici\u00f3n con im\u00e1genes n\u00edtidas y colores vibrantes, adem\u00e1s de un rendimiento r\u00e1pido y fluido para tus aplicaciones favoritas.<\/p>\n<p data-start=\"779\" data-end=\"1003\">Gracias a su sistema Android, podr\u00e1s acceder a plataformas de streaming, descargar apps y navegar con facilidad. Incluye control remoto con funci\u00f3n de voz, conexi\u00f3n WiFi de alta velocidad y una instalaci\u00f3n r\u00e1pida y sencilla.<\/p>\n<p data-start=\"1005\" data-end=\"1037\"><strong data-start=\"1005\" data-end=\"1037\">Caracter\u00edsticas principales:<\/strong><\/p>\n<ul data-start=\"1038\" data-end=\"1222\">\n<li data-section-id=\"13175cc\" data-start=\"1038\" data-end=\"1064\">Resoluci\u00f3n 8K Ultra HD<\/li>\n<li data-section-id=\"18cedwn\" data-start=\"1065\" data-end=\"1084\">Sistema Android<\/li>\n<li data-section-id=\"1xekxv5\" data-start=\"1085\" data-end=\"1118\">Conectividad WiFi y Bluetooth<\/li>\n<li data-section-id=\"1j31oxs\" data-start=\"1119\" data-end=\"1145\">Control remoto con voz<\/li>\n<li data-section-id=\"1iyhpkz\" data-start=\"1146\" data-end=\"1182\">Compatible con apps de streaming<\/li>\n<li data-section-id=\"piv11e\" data-start=\"1183\" data-end=\"1222\">Dise\u00f1o compacto y f\u00e1cil de instalar<\/li>\n<\/ul>\n","protected":false},"excerpt":{"rendered":"<p>Convierte tu TV en un Smart TV con el Q1 8K Android TV Box. Disfruta de streaming en alta definici\u00f3n, acceso a tus apps favoritas, control por voz y un rendimiento r\u00e1pido y f\u00e1cil de usar.<\/p>\n","protected":false},"featured_media":2382,"comment_status":"open","ping_status":"closed","template":"","meta":[],"product_brand":[],"product_cat":[221],"product_tag":[],"class_list":{"0":"post-2381","1":"product","2":"type-product","3":"status-publish","4":"has-post-thumbnail","6":"product_cat-tv-box","7":"thunk-woo-product-list","8":"opn-qv-enable","9":"big-store-woo-hover-zoom","10":"open-single-product-tab-horizontal","11":"open-shadow-","12":"open-shadow-hover-","14":"first","15":"instock","16":"sale","17":"taxable","18":"shipping-taxable","19":"purchasable","20":"product-type-simple"},"_links":{"self":[{"href":"https:\/\/ctsaul.com\/tienda\/wp-json\/wp\/v2\/product\/2381","targetHints":{"allow":["GET"]}}],"collection":[{"href":"https:\/\/ctsaul.com\/tienda\/wp-json\/wp\/v2\/product"}],"about":[{"href":"https:\/\/ctsaul.com\/tienda\/wp-json\/wp\/v2\/types\/product"}],"replies":[{"embeddable":true,"href":"https:\/\/ctsaul.com\/tienda\/wp-json\/wp\/v2\/comments?post=2381"}],"wp:featuredmedia":[{"embeddable":true,"href":"https:\/\/ctsaul.com\/tienda\/wp-json\/wp\/v2\/media\/2382"}],"wp:attachment":[{"href":"https:\/\/ctsaul.com\/tienda\/wp-json\/wp\/v2\/media?parent=2381"}],"wp:term":[{"taxonomy":"product_brand","embeddable":true,"href":"https:\/\/ctsaul.com\/tienda\/wp-json\/wp\/v2\/product_brand?post=2381"},{"taxonomy":"product_cat","embeddable":true,"href":"https:\/\/ctsaul.com\/tienda\/wp-json\/wp\/v2\/product_cat?post=2381"},{"taxonomy":"product_tag","embeddable":true,"href":"https:\/\/ctsaul.com\/tienda\/wp-json\/wp\/v2\/product_tag?post=2381"}],"curies":[{"name":"wp","href":"https:\/\/api.w.org\/{rel}","templated":true}]}}