{"id":2377,"date":"2026-04-24T09:18:36","date_gmt":"2026-04-24T14:18:36","guid":{"rendered":"https:\/\/ctsaul.com\/tienda\/?post_type=product&#038;p=2377"},"modified":"2026-04-24T10:50:14","modified_gmt":"2026-04-24T15:50:14","slug":"watch-onn-4k","status":"publish","type":"product","link":"https:\/\/ctsaul.com\/tienda\/producto\/watch-onn-4k\/","title":{"rendered":"Watch Onn 4K"},"content":{"rendered":"<p data-start=\"163\" data-end=\"440\">Convierte cualquier televisor en un centro de entretenimiento avanzado con el Watch Onn 4K. Este dispositivo de streaming te permite disfrutar de tus series, pel\u00edculas y aplicaciones favoritas en calidad Ultra HD 4K, con im\u00e1genes n\u00edtidas y colores vibrantes.<\/p>\n<p data-start=\"442\" data-end=\"754\">Equipado con un sistema intuitivo y f\u00e1cil de usar, el Watch Onn 4K ofrece acceso r\u00e1pido a plataformas de streaming populares, control por voz y una navegaci\u00f3n fluida. Su dise\u00f1o compacto se adapta perfectamente a cualquier espacio, mientras que su potente rendimiento garantiza una experiencia sin interrupciones.<\/p>\n<p data-start=\"756\" data-end=\"788\"><strong data-start=\"756\" data-end=\"788\">Caracter\u00edsticas principales:<\/strong><\/p>\n<ul data-start=\"789\" data-end=\"1007\">\n<li data-section-id=\"cmg0cd\" data-start=\"789\" data-end=\"845\">Resoluci\u00f3n 4K Ultra HD para m\u00e1xima calidad de imagen<\/li>\n<li data-section-id=\"mk2vwr\" data-start=\"846\" data-end=\"894\">Acceso a m\u00faltiples aplicaciones de streaming<\/li>\n<li data-section-id=\"1rgvz3f\" data-start=\"895\" data-end=\"932\">Control remoto con funci\u00f3n de voz<\/li>\n<li data-section-id=\"1r0l6ly\" data-start=\"933\" data-end=\"966\">Instalaci\u00f3n r\u00e1pida y sencilla<\/li>\n<li data-section-id=\"1hto3dd\" data-start=\"967\" data-end=\"1007\">Conectividad Wi-Fi de alta velocidad<\/li>\n<\/ul>\n<p data-start=\"1009\" data-end=\"1118\">Ideal para quienes buscan actualizar su TV y disfrutar de contenido digital con la mejor calidad y comodidad.<\/p>\n","protected":false},"excerpt":{"rendered":"<section class=\"text-token-text-primary w-full focus:outline-none [--shadow-height:45px] has-data-writing-block:pointer-events-none has-data-writing-block:-mt-(--shadow-height) has-data-writing-block:pt-(--shadow-height) [&amp;:has([data-writing-block])&gt;*]:pointer-events-auto [content-visibility:auto] supports-[content-visibility:auto]:[contain-intrinsic-size:auto_100lvh] R6Vx5W_threadScrollVars scroll-mb-[calc(var(--scroll-root-safe-area-inset-bottom,0px)+var(--thread-response-height))] scroll-mt-[calc(var(--header-height)+min(200px,max(70px,20svh)))]\" dir=\"auto\" data-turn-id=\"request-WEB:69eb7274-2547-4103-85ee-08509da6de92-1\" data-testid=\"conversation-turn-4\" data-scroll-anchor=\"false\" data-turn=\"assistant\">\n<div class=\"text-base my-auto mx-auto pb-10 [--thread-content-margin:var(--thread-content-margin-xs,calc(var(--spacing)*4))] @w-sm\/main:[--thread-content-margin:var(--thread-content-margin-sm,calc(var(--spacing)*6))] @w-lg\/main:[--thread-content-margin:var(--thread-content-margin-lg,calc(var(--spacing)*16))] px-(--thread-content-margin)\">\n<div class=\"[--thread-content-max-width:40rem] @w-lg\/main:[--thread-content-max-width:48rem] mx-auto max-w-(--thread-content-max-width) flex-1 group\/turn-messages focus-visible:outline-hidden relative flex w-full min-w-0 flex-col agent-turn\">\n<div class=\"flex max-w-full flex-col gap-4 grow\">\n<div class=\"min-h-8 text-message relative flex w-full flex-col items-end gap-2 text-start break-words whitespace-normal outline-none keyboard-focused:focus-ring [.text-message+&amp;]:mt-1\" dir=\"auto\" tabindex=\"0\" data-message-author-role=\"assistant\" data-message-id=\"1c2dbbe9-dc8f-4c2b-b026-06a628d3fa42\" data-message-model-slug=\"gpt-5-3\" data-turn-start-message=\"true\">\n<div class=\"flex w-full flex-col gap-1 empty:hidden\">\n<div class=\"markdown prose dark:prose-invert w-full wrap-break-word light markdown-new-styling\">\n<p data-start=\"0\" data-end=\"193\" data-is-last-node=\"\" data-is-only-node=\"\">Convierte tu televisor en un Smart TV con el Watch Onn 4K. Disfruta de tus plataformas de streaming favoritas en calidad Ultra HD 4K, con navegaci\u00f3n r\u00e1pida, control por voz y f\u00e1cil instalaci\u00f3n.<\/p>\n<\/div>\n<\/div>\n<\/div>\n<\/div>\n<div class=\"z-0 flex min-h-[46px] justify-start\"><\/div>\n<\/div>\n<\/div>\n<\/section>\n<div class=\"pointer-events-none -mt-px h-px translate-y-[calc(var(--scroll-root-safe-area-inset-bottom)-14*var(--spacing))]\" aria-hidden=\"true\"><\/div>\n","protected":false},"featured_media":2378,"comment_status":"open","ping_status":"closed","template":"","meta":[],"product_brand":[],"product_cat":[221],"product_tag":[],"class_list":{"0":"post-2377","1":"product","2":"type-product","3":"status-publish","4":"has-post-thumbnail","6":"product_cat-tv-box","7":"thunk-woo-product-list","8":"opn-qv-enable","9":"big-store-woo-hover-zoom","10":"open-single-product-tab-horizontal","11":"open-shadow-","12":"open-shadow-hover-","14":"first","15":"instock","16":"sale","17":"taxable","18":"shipping-taxable","19":"purchasable","20":"product-type-simple"},"_links":{"self":[{"href":"https:\/\/ctsaul.com\/tienda\/wp-json\/wp\/v2\/product\/2377","targetHints":{"allow":["GET"]}}],"collection":[{"href":"https:\/\/ctsaul.com\/tienda\/wp-json\/wp\/v2\/product"}],"about":[{"href":"https:\/\/ctsaul.com\/tienda\/wp-json\/wp\/v2\/types\/product"}],"replies":[{"embeddable":true,"href":"https:\/\/ctsaul.com\/tienda\/wp-json\/wp\/v2\/comments?post=2377"}],"wp:featuredmedia":[{"embeddable":true,"href":"https:\/\/ctsaul.com\/tienda\/wp-json\/wp\/v2\/media\/2378"}],"wp:attachment":[{"href":"https:\/\/ctsaul.com\/tienda\/wp-json\/wp\/v2\/media?parent=2377"}],"wp:term":[{"taxonomy":"product_brand","embeddable":true,"href":"https:\/\/ctsaul.com\/tienda\/wp-json\/wp\/v2\/product_brand?post=2377"},{"taxonomy":"product_cat","embeddable":true,"href":"https:\/\/ctsaul.com\/tienda\/wp-json\/wp\/v2\/product_cat?post=2377"},{"taxonomy":"product_tag","embeddable":true,"href":"https:\/\/ctsaul.com\/tienda\/wp-json\/wp\/v2\/product_tag?post=2377"}],"curies":[{"name":"wp","href":"https:\/\/api.w.org\/{rel}","templated":true}]}}