{"id":2252,"date":"2025-07-30T15:03:54","date_gmt":"2025-07-30T20:03:54","guid":{"rendered":"https:\/\/ctsaul.com\/tienda\/?post_type=product&#038;p=2252"},"modified":"2025-07-30T15:03:54","modified_gmt":"2025-07-30T20:03:54","slug":"adaptador-ap-d040-24v-dc-5a","status":"publish","type":"product","link":"https:\/\/ctsaul.com\/tienda\/producto\/adaptador-ap-d040-24v-dc-5a\/","title":{"rendered":"ADAPTADOR AP-D040 24V DC 5A"},"content":{"rendered":"<ul class=\"a-unordered-list a-vertical a-spacing-mini\">\n<li class=\"a-spacing-mini\">\n<h3><span class=\"a-list-item\">Voltaje de entrada mundial 100-240VCA 50\/60Hz.<\/span><\/h3>\n<\/li>\n<li class=\"a-spacing-mini\">\n<h3><span class=\"a-list-item\">Adaptador de CA de repuesto, 100% compatible con el modelo de dispositivo indicado.<\/span><\/h3>\n<\/li>\n<li class=\"a-spacing-mini\">\n<h3><span class=\"a-list-item\">Caracter\u00edsticas de seguridad: Protecci\u00f3n contra sobrecorriente; Protecci\u00f3n de potencia total; Protecci\u00f3n contra sobretensi\u00f3n; Protecci\u00f3n contra cortocircuitos.<\/span><\/h3>\n<\/li>\n<li class=\"a-spacing-mini\">\n<h3><span class=\"a-list-item\">Fabricado con materiales de la m\u00e1s alta calidad. Certificaci\u00f3n: FCC, CE y RoHS.<\/span><\/h3>\n<\/li>\n<li class=\"a-spacing-mini\">\n<h3><span class=\"a-list-item\">Adaptador de CA\/CC compatible con Inogen One G5 BA-501 Concentrador de ox\u00edgeno BA503 BA-500 BA-516 MANGO120S-24CB-ING MANGO120S24CB-ING MANGO120S-24CBING MANGO120S24CBING 24V 5A Cable de alimentaci\u00f3n PS Cargador PSU<\/span><\/h3>\n<\/li>\n<\/ul>\n","protected":false},"excerpt":{"rendered":"<p>Voltaje de entrada mundial 100-240VCA 50\/60Hz. Adaptador de CA de repuesto, 100% compatible con el modelo de dispositivo indicado. Caracter\u00edsticas de seguridad: Protecci\u00f3n contra sobrecorriente; Protecci\u00f3n de potencia total; Protecci\u00f3n contra sobretensi\u00f3n; Protecci\u00f3n contra cortocircuitos. Fabricado con materiales de la m\u00e1s alta calidad. Certificaci\u00f3n: FCC, CE y RoHS. Adaptador de CA\/CC compatible con Inogen One &hellip;<\/p>\n<p class=\"read-more\"> <a class=\" thunk-readmore button \" href=\"https:\/\/ctsaul.com\/tienda\/producto\/adaptador-ap-d040-24v-dc-5a\/\"> <span class=\"screen-reader-text\">ADAPTADOR AP-D040 24V DC 5A<\/span>Leer m\u00e1s<\/a><\/p>\n","protected":false},"featured_media":2253,"comment_status":"open","ping_status":"closed","template":"","meta":[],"product_brand":[],"product_cat":[218],"product_tag":[],"class_list":{"0":"post-2252","1":"product","2":"type-product","3":"status-publish","4":"has-post-thumbnail","6":"product_cat-adaptadores","7":"thunk-woo-product-list","8":"opn-qv-enable","9":"big-store-woo-hover-zoom","10":"open-single-product-tab-horizontal","11":"open-shadow-","12":"open-shadow-hover-","14":"first","15":"instock","16":"sale","17":"taxable","18":"shipping-taxable","19":"purchasable","20":"product-type-simple"},"_links":{"self":[{"href":"https:\/\/ctsaul.com\/tienda\/wp-json\/wp\/v2\/product\/2252","targetHints":{"allow":["GET"]}}],"collection":[{"href":"https:\/\/ctsaul.com\/tienda\/wp-json\/wp\/v2\/product"}],"about":[{"href":"https:\/\/ctsaul.com\/tienda\/wp-json\/wp\/v2\/types\/product"}],"replies":[{"embeddable":true,"href":"https:\/\/ctsaul.com\/tienda\/wp-json\/wp\/v2\/comments?post=2252"}],"wp:featuredmedia":[{"embeddable":true,"href":"https:\/\/ctsaul.com\/tienda\/wp-json\/wp\/v2\/media\/2253"}],"wp:attachment":[{"href":"https:\/\/ctsaul.com\/tienda\/wp-json\/wp\/v2\/media?parent=2252"}],"wp:term":[{"taxonomy":"product_brand","embeddable":true,"href":"https:\/\/ctsaul.com\/tienda\/wp-json\/wp\/v2\/product_brand?post=2252"},{"taxonomy":"product_cat","embeddable":true,"href":"https:\/\/ctsaul.com\/tienda\/wp-json\/wp\/v2\/product_cat?post=2252"},{"taxonomy":"product_tag","embeddable":true,"href":"https:\/\/ctsaul.com\/tienda\/wp-json\/wp\/v2\/product_tag?post=2252"}],"curies":[{"name":"wp","href":"https:\/\/api.w.org\/{rel}","templated":true}]}}