{"id":2203,"date":"2025-07-23T16:47:53","date_gmt":"2025-07-23T21:47:53","guid":{"rendered":"https:\/\/ctsaul.com\/tienda\/?post_type=product&#038;p=2203"},"modified":"2025-07-23T16:47:53","modified_gmt":"2025-07-23T21:47:53","slug":"adaptador-ap-d017-12v-10a","status":"publish","type":"product","link":"https:\/\/ctsaul.com\/tienda\/producto\/adaptador-ap-d017-12v-10a\/","title":{"rendered":"ADAPTADOR AP-D017 12V 10A"},"content":{"rendered":"<ul class=\"a-unordered-list a-vertical a-spacing-mini\">\n<li class=\"a-spacing-mini\">\n<h3><span class=\"a-list-item\">Salida: DC 12V 10A | Potencia de potencia: 120 W m\u00e1x. Conector CC: 0.217 in x 0.098 in.<\/span><\/h3>\n<\/li>\n<li class=\"a-spacing-mini\">\n<h3><span class=\"a-list-item\">Es el reemplazo perfecto para 7A \/ 7.5A \/ 8A \/ 8.5A \/ 9A ya que el amperaje no es forzado. (Si tu adaptador anterior era inferior a 10 A, este ser\u00e1 un reemplazo perfecto ya que el amperaje NO est\u00e1 forzado).<\/span><\/h3>\n<\/li>\n<li class=\"a-spacing-mini\">\n<h3><span class=\"a-list-item\">Es perfecto para controlador LED, tira de luz LED 5050 3528 12V, enrutador inal\u00e1mbrico, gatos ADSL, c\u00e1maras de seguridad, fuente de alimentaci\u00f3n de audio\/video, sistema de seguridad CCTV, monitor LCD, enrutador de c\u00e1mara web y otros dispositivos de 12 V.<\/span><\/h3>\n<\/li>\n<\/ul>\n","protected":false},"excerpt":{"rendered":"<p>Salida: DC 12V 10A | Potencia de potencia: 120 W m\u00e1x. Conector CC: 0.217 in x 0.098 in. Es el reemplazo perfecto para 7A \/ 7.5A \/ 8A \/ 8.5A \/ 9A ya que el amperaje no es forzado. (Si tu adaptador anterior era inferior a 10 A, este ser\u00e1 un reemplazo perfecto ya que &hellip;<\/p>\n<p class=\"read-more\"> <a class=\" thunk-readmore button \" href=\"https:\/\/ctsaul.com\/tienda\/producto\/adaptador-ap-d017-12v-10a\/\"> <span class=\"screen-reader-text\">ADAPTADOR AP-D017 12V 10A<\/span>Leer m\u00e1s<\/a><\/p>\n","protected":false},"featured_media":2204,"comment_status":"open","ping_status":"closed","template":"","meta":[],"product_brand":[],"product_cat":[218],"product_tag":[],"class_list":{"0":"post-2203","1":"product","2":"type-product","3":"status-publish","4":"has-post-thumbnail","6":"product_cat-adaptadores","7":"thunk-woo-product-list","8":"opn-qv-enable","9":"big-store-woo-hover-zoom","10":"open-single-product-tab-horizontal","11":"open-shadow-","12":"open-shadow-hover-","14":"first","15":"instock","16":"sale","17":"taxable","18":"shipping-taxable","19":"purchasable","20":"product-type-simple"},"_links":{"self":[{"href":"https:\/\/ctsaul.com\/tienda\/wp-json\/wp\/v2\/product\/2203","targetHints":{"allow":["GET"]}}],"collection":[{"href":"https:\/\/ctsaul.com\/tienda\/wp-json\/wp\/v2\/product"}],"about":[{"href":"https:\/\/ctsaul.com\/tienda\/wp-json\/wp\/v2\/types\/product"}],"replies":[{"embeddable":true,"href":"https:\/\/ctsaul.com\/tienda\/wp-json\/wp\/v2\/comments?post=2203"}],"wp:featuredmedia":[{"embeddable":true,"href":"https:\/\/ctsaul.com\/tienda\/wp-json\/wp\/v2\/media\/2204"}],"wp:attachment":[{"href":"https:\/\/ctsaul.com\/tienda\/wp-json\/wp\/v2\/media?parent=2203"}],"wp:term":[{"taxonomy":"product_brand","embeddable":true,"href":"https:\/\/ctsaul.com\/tienda\/wp-json\/wp\/v2\/product_brand?post=2203"},{"taxonomy":"product_cat","embeddable":true,"href":"https:\/\/ctsaul.com\/tienda\/wp-json\/wp\/v2\/product_cat?post=2203"},{"taxonomy":"product_tag","embeddable":true,"href":"https:\/\/ctsaul.com\/tienda\/wp-json\/wp\/v2\/product_tag?post=2203"}],"curies":[{"name":"wp","href":"https:\/\/api.w.org\/{rel}","templated":true}]}}