{"id":2196,"date":"2025-07-19T11:45:33","date_gmt":"2025-07-19T16:45:33","guid":{"rendered":"https:\/\/ctsaul.com\/tienda\/?post_type=product&#038;p=2196"},"modified":"2025-07-19T11:45:33","modified_gmt":"2025-07-19T16:45:33","slug":"adaptador-12v-3a-pol","status":"publish","type":"product","link":"https:\/\/ctsaul.com\/tienda\/producto\/adaptador-12v-3a-pol\/","title":{"rendered":"ADAPTADOR 12V 3A POL"},"content":{"rendered":"<p>ADAPTADOR 12V 3A CARGADOR, CONECTOR 5.5X2.1MM<\/p>\n<p>Cargador, adaptador o conversor AC-DC de voltaje. Sirve para alimentar dispositivos electr\u00f3nicos que requieran un voltaje DC. \u00datil para c\u00e1maras de seguridad, radios, modem, decodificadores, entre otros aparatos.<\/p>\n","protected":false},"excerpt":{"rendered":"<p>ADAPTADOR 12V 3A CARGADOR, CONECTOR 5.5X2.1MM Cargador, adaptador o conversor AC-DC de voltaje. Sirve para alimentar dispositivos electr\u00f3nicos que requieran un voltaje DC. \u00datil para c\u00e1maras de seguridad, radios, modem, decodificadores, entre otros aparatos.<\/p>\n","protected":false},"featured_media":2197,"comment_status":"open","ping_status":"closed","template":"","meta":[],"product_brand":[],"product_cat":[218],"product_tag":[],"class_list":{"0":"post-2196","1":"product","2":"type-product","3":"status-publish","4":"has-post-thumbnail","6":"product_cat-adaptadores","7":"thunk-woo-product-list","8":"opn-qv-enable","9":"big-store-woo-hover-zoom","10":"open-single-product-tab-horizontal","11":"open-shadow-","12":"open-shadow-hover-","14":"first","15":"instock","16":"sale","17":"taxable","18":"shipping-taxable","19":"purchasable","20":"product-type-simple"},"_links":{"self":[{"href":"https:\/\/ctsaul.com\/tienda\/wp-json\/wp\/v2\/product\/2196","targetHints":{"allow":["GET"]}}],"collection":[{"href":"https:\/\/ctsaul.com\/tienda\/wp-json\/wp\/v2\/product"}],"about":[{"href":"https:\/\/ctsaul.com\/tienda\/wp-json\/wp\/v2\/types\/product"}],"replies":[{"embeddable":true,"href":"https:\/\/ctsaul.com\/tienda\/wp-json\/wp\/v2\/comments?post=2196"}],"wp:featuredmedia":[{"embeddable":true,"href":"https:\/\/ctsaul.com\/tienda\/wp-json\/wp\/v2\/media\/2197"}],"wp:attachment":[{"href":"https:\/\/ctsaul.com\/tienda\/wp-json\/wp\/v2\/media?parent=2196"}],"wp:term":[{"taxonomy":"product_brand","embeddable":true,"href":"https:\/\/ctsaul.com\/tienda\/wp-json\/wp\/v2\/product_brand?post=2196"},{"taxonomy":"product_cat","embeddable":true,"href":"https:\/\/ctsaul.com\/tienda\/wp-json\/wp\/v2\/product_cat?post=2196"},{"taxonomy":"product_tag","embeddable":true,"href":"https:\/\/ctsaul.com\/tienda\/wp-json\/wp\/v2\/product_tag?post=2196"}],"curies":[{"name":"wp","href":"https:\/\/api.w.org\/{rel}","templated":true}]}}