{"id":2188,"date":"2025-07-18T15:00:27","date_gmt":"2025-07-18T20:00:27","guid":{"rendered":"https:\/\/ctsaul.com\/tienda\/?post_type=product&#038;p=2188"},"modified":"2025-07-18T15:00:27","modified_gmt":"2025-07-18T20:00:27","slug":"adaptador-12v-1a-sat","status":"publish","type":"product","link":"https:\/\/ctsaul.com\/tienda\/producto\/adaptador-12v-1a-sat\/","title":{"rendered":"ADAPTADOR 12V \u2013 1A SAT"},"content":{"rendered":"<h3><span data-huuid=\"5710058078770535070\">Un adaptador de 12V a 1A es un\u00a0<span style=\"color: #000000;\"><mark class=\"QVRyCf\">dispositivo que convierte la corriente alterna (AC) de la red el\u00e9ctrica a corriente continua (DC) de 12 voltios y 1 amperio<\/mark><\/span>.\u00a0<\/span><span data-huuid=\"5710058078770534241\">Este tipo de adaptador se utiliza para alimentar dispositivos electr\u00f3nicos que requieren esta especificaci\u00f3n de voltaje y corriente, como c\u00e1maras de seguridad, routers, m\u00f3dems, entre otros.<span class=\"pjBG2e\" data-cid=\"6b844bd6-6928-412d-a4d9-e439bd5eabac\"><span class=\"UV3uM\">\u00a0<\/span><\/span><\/span><\/h3>\n","protected":false},"excerpt":{"rendered":"<p>Un adaptador de 12V a 1A es un\u00a0dispositivo que convierte la corriente alterna (AC) de la red el\u00e9ctrica a corriente continua (DC) de 12 voltios y 1 amperio.\u00a0Este tipo de adaptador se utiliza para alimentar dispositivos electr\u00f3nicos que requieren esta especificaci\u00f3n de voltaje y corriente, como c\u00e1maras de seguridad, routers, m\u00f3dems, entre otros.\u00a0<\/p>\n","protected":false},"featured_media":2189,"comment_status":"open","ping_status":"closed","template":"","meta":[],"product_brand":[30],"product_cat":[218],"product_tag":[],"class_list":{"0":"post-2188","1":"product","2":"type-product","3":"status-publish","4":"has-post-thumbnail","6":"product_brand-sat","7":"product_cat-adaptadores","8":"thunk-woo-product-list","9":"opn-qv-enable","10":"big-store-woo-hover-zoom","11":"open-single-product-tab-horizontal","12":"open-shadow-","13":"open-shadow-hover-","15":"first","16":"instock","17":"sale","18":"taxable","19":"shipping-taxable","20":"purchasable","21":"product-type-simple"},"_links":{"self":[{"href":"https:\/\/ctsaul.com\/tienda\/wp-json\/wp\/v2\/product\/2188","targetHints":{"allow":["GET"]}}],"collection":[{"href":"https:\/\/ctsaul.com\/tienda\/wp-json\/wp\/v2\/product"}],"about":[{"href":"https:\/\/ctsaul.com\/tienda\/wp-json\/wp\/v2\/types\/product"}],"replies":[{"embeddable":true,"href":"https:\/\/ctsaul.com\/tienda\/wp-json\/wp\/v2\/comments?post=2188"}],"wp:featuredmedia":[{"embeddable":true,"href":"https:\/\/ctsaul.com\/tienda\/wp-json\/wp\/v2\/media\/2189"}],"wp:attachment":[{"href":"https:\/\/ctsaul.com\/tienda\/wp-json\/wp\/v2\/media?parent=2188"}],"wp:term":[{"taxonomy":"product_brand","embeddable":true,"href":"https:\/\/ctsaul.com\/tienda\/wp-json\/wp\/v2\/product_brand?post=2188"},{"taxonomy":"product_cat","embeddable":true,"href":"https:\/\/ctsaul.com\/tienda\/wp-json\/wp\/v2\/product_cat?post=2188"},{"taxonomy":"product_tag","embeddable":true,"href":"https:\/\/ctsaul.com\/tienda\/wp-json\/wp\/v2\/product_tag?post=2188"}],"curies":[{"name":"wp","href":"https:\/\/api.w.org\/{rel}","templated":true}]}}