{"id":2154,"date":"2025-07-05T11:30:47","date_gmt":"2025-07-05T16:30:47","guid":{"rendered":"https:\/\/ctsaul.com\/tienda\/?post_type=product&#038;p=2154"},"modified":"2025-07-05T11:42:07","modified_gmt":"2025-07-05T16:42:07","slug":"ups-interactiva-1200va-reales-720w-jaltech","status":"publish","type":"product","link":"https:\/\/ctsaul.com\/tienda\/producto\/ups-interactiva-1200va-reales-720w-jaltech\/","title":{"rendered":"UPS INTERACTIVA 1200VA REALES 720W JALTECH"},"content":{"rendered":"<h3>Modelo: 1200va<br \/>\n\u00b7 Sistema de alimentaci\u00f3n in-interrumpible<br \/>\n\u00b7 Con certificaci\u00f3n nacional retie<br \/>\n\u00b7 Capacidad: 1200va (volti-amperios) reales &#8211; 720w(watts)<br \/>\n\u00b7 Factor de potencia: 0.6<br \/>\n\u00b7 Voltaje: 110 v ca<br \/>\n\u00b7 Rango de voltaje de entrada de la red de ca: 145-280 v ca (igual que la red el\u00e9ctrica de ca)<br \/>\n\u00b7 Frecuencia: 60hz<br \/>\n\u00b7 Rango de voltaje (modo de bater\u00eda): \u00b110%<br \/>\n\u00b7 Rango de frecuencia (modo de bater\u00eda): 50 hz \u00b11 hz<br \/>\n\u00b7 Tiempo de transferencia: 6ms<br \/>\n\u00b7 Forma de onda (bater\u00eda): onda sinusoidal modificada<br \/>\n\u00b7 Tipo y cantidad de bater\u00eda: 12 v 7,2 ah x 2<br \/>\n\u00b7 Tiempo de carga de la bater\u00eda: 6 horas de carga al 90%<br \/>\n\u00b7 Modo ca: luz verde<br \/>\n\u00b7 Modo bater\u00eda: destello de luz roja<br \/>\n\u00b7 Modo bater\u00eda: la alarma suena cada seis segundos<br \/>\n\u00b7 Bater\u00eda baja: la alarma suena cada segundo<br \/>\n\u00b7 Sobrecarga: la alarma suena dos veces por segundo<br \/>\n\u00b7 Falla: la alarma suena continuamente<br \/>\n\u00b7 Protecci\u00f3n integral: protecci\u00f3n contra sobrecarga, descarga profunda y regulador avr<br \/>\n\u00b7 Temperatura y humedad: humedad relativa 0-90% y temperatura 0- 40\u00b0c (sin condensaci\u00f3n)<br \/>\n\u00b7 Ruido: menos de 40db a un metro de distancia<br \/>\n\u00b7 Dimensiones lxanxal (mm): 460x408x313<br \/>\n\u00b7 Peso neto (kg): 10.5<br \/>\n\u00b7 Numero de nemas(tomas): 8<br \/>\n\u00b7 Inicio: cargue la bater\u00eda durante al menos 8 horas antes de utilizar el ups. La bater\u00eda se cargar\u00e1 autom\u00e1ticamente si solo est\u00e1 conectado el ups.<br \/>\n\u00b7 Tiempo de respaldo: 15-35 minutos depende de la carga<br \/>\n\u00b7 Excelente microprocesador para garantizar un funcionamiento fiablups de l\u00ednea interactiva<\/h3>\n","protected":false},"excerpt":{"rendered":"<p>Modelo: 1200va \u00b7 Sistema de alimentaci\u00f3n in-interrumpible \u00b7 Con certificaci\u00f3n nacional retie \u00b7 Capacidad: 1200va (volti-amperios) reales &#8211; 720w(watts) \u00b7 Factor de potencia: 0.6 \u00b7 Voltaje: 110 v ca \u00b7 Rango de voltaje de entrada de la red de ca: 145-280 v ca (igual que la red el\u00e9ctrica de ca) \u00b7 Frecuencia: 60hz \u00b7 Rango &hellip;<\/p>\n<p class=\"read-more\"> <a class=\" thunk-readmore button \" href=\"https:\/\/ctsaul.com\/tienda\/producto\/ups-interactiva-1200va-reales-720w-jaltech\/\"> <span class=\"screen-reader-text\">UPS INTERACTIVA 1200VA REALES 720W JALTECH<\/span>Leer m\u00e1s<\/a><\/p>\n","protected":false},"featured_media":2162,"comment_status":"open","ping_status":"closed","template":"","meta":[],"product_brand":[22],"product_cat":[217],"product_tag":[],"class_list":{"0":"post-2154","1":"product","2":"type-product","3":"status-publish","4":"has-post-thumbnail","6":"product_brand-jaltech","7":"product_cat-ups","8":"thunk-woo-product-list","9":"opn-qv-enable","10":"big-store-woo-hover-zoom","11":"open-single-product-tab-horizontal","12":"open-shadow-","13":"open-shadow-hover-","15":"first","16":"instock","17":"sale","18":"taxable","19":"shipping-taxable","20":"purchasable","21":"product-type-simple"},"_links":{"self":[{"href":"https:\/\/ctsaul.com\/tienda\/wp-json\/wp\/v2\/product\/2154","targetHints":{"allow":["GET"]}}],"collection":[{"href":"https:\/\/ctsaul.com\/tienda\/wp-json\/wp\/v2\/product"}],"about":[{"href":"https:\/\/ctsaul.com\/tienda\/wp-json\/wp\/v2\/types\/product"}],"replies":[{"embeddable":true,"href":"https:\/\/ctsaul.com\/tienda\/wp-json\/wp\/v2\/comments?post=2154"}],"wp:featuredmedia":[{"embeddable":true,"href":"https:\/\/ctsaul.com\/tienda\/wp-json\/wp\/v2\/media\/2162"}],"wp:attachment":[{"href":"https:\/\/ctsaul.com\/tienda\/wp-json\/wp\/v2\/media?parent=2154"}],"wp:term":[{"taxonomy":"product_brand","embeddable":true,"href":"https:\/\/ctsaul.com\/tienda\/wp-json\/wp\/v2\/product_brand?post=2154"},{"taxonomy":"product_cat","embeddable":true,"href":"https:\/\/ctsaul.com\/tienda\/wp-json\/wp\/v2\/product_cat?post=2154"},{"taxonomy":"product_tag","embeddable":true,"href":"https:\/\/ctsaul.com\/tienda\/wp-json\/wp\/v2\/product_tag?post=2154"}],"curies":[{"name":"wp","href":"https:\/\/api.w.org\/{rel}","templated":true}]}}