{"id":2152,"date":"2025-07-04T14:46:54","date_gmt":"2025-07-04T19:46:54","guid":{"rendered":"https:\/\/ctsaul.com\/tienda\/?post_type=product&#038;p=2152"},"modified":"2025-07-04T14:46:55","modified_gmt":"2025-07-04T19:46:55","slug":"ups-interactiva-ur1000-500w-sat","status":"publish","type":"product","link":"https:\/\/ctsaul.com\/tienda\/producto\/ups-interactiva-ur1000-500w-sat\/","title":{"rendered":"UPS INTERACTIVA UR1000+ 500W SAT"},"content":{"rendered":"<h3><strong>Caracter\u00edsticas principales:<\/strong><\/h3>\n<h3><strong>Capacidad:<\/strong>\u00a01000 VA \/ 500 W, ideal para peque\u00f1os servidores, sistemas de telecomunicaciones y m\u00e1s.<\/h3>\n<h3><strong>N\u00famero de Tomas:<\/strong>\u00a04 tomas con respaldo de energ\u00eda y 2 tomas reguladas.<\/h3>\n<h3><strong>Autonom\u00eda:<\/strong>\u00a0Hasta 5 minutos de respaldo durante cortes de energ\u00eda.<\/h3>\n<h3><strong>Tipo de Bater\u00eda:<\/strong>\u00a0Bater\u00eda libre de mantenimiento sellada de plomo \u00e1cido.<\/h3>\n<h3><strong>Forma de onda:<\/strong>\u00a0Simulada, compatible con equipos sensibles.<\/h3>\n<h3><strong>Tiempo de transferencia:<\/strong>\u00a0M\u00e1ximo de 10 milisegundos para garantizar la continuidad de la operaci\u00f3n.<\/h3>\n","protected":false},"excerpt":{"rendered":"<p>Caracter\u00edsticas principales: Capacidad:\u00a01000 VA \/ 500 W, ideal para peque\u00f1os servidores, sistemas de telecomunicaciones y m\u00e1s. N\u00famero de Tomas:\u00a04 tomas con respaldo de energ\u00eda y 2 tomas reguladas. Autonom\u00eda:\u00a0Hasta 5 minutos de respaldo durante cortes de energ\u00eda. Tipo de Bater\u00eda:\u00a0Bater\u00eda libre de mantenimiento sellada de plomo \u00e1cido. Forma de onda:\u00a0Simulada, compatible con equipos sensibles. Tiempo &hellip;<\/p>\n<p class=\"read-more\"> <a class=\" thunk-readmore button \" href=\"https:\/\/ctsaul.com\/tienda\/producto\/ups-interactiva-ur1000-500w-sat\/\"> <span class=\"screen-reader-text\">UPS INTERACTIVA UR1000+ 500W SAT<\/span>Leer m\u00e1s<\/a><\/p>\n","protected":false},"featured_media":2153,"comment_status":"open","ping_status":"closed","template":"","meta":[],"product_brand":[30],"product_cat":[217],"product_tag":[],"class_list":{"0":"post-2152","1":"product","2":"type-product","3":"status-publish","4":"has-post-thumbnail","6":"product_brand-sat","7":"product_cat-ups","8":"thunk-woo-product-list","9":"opn-qv-enable","10":"big-store-woo-hover-zoom","11":"open-single-product-tab-horizontal","12":"open-shadow-","13":"open-shadow-hover-","15":"first","16":"instock","17":"sale","18":"taxable","19":"shipping-taxable","20":"purchasable","21":"product-type-simple"},"_links":{"self":[{"href":"https:\/\/ctsaul.com\/tienda\/wp-json\/wp\/v2\/product\/2152","targetHints":{"allow":["GET"]}}],"collection":[{"href":"https:\/\/ctsaul.com\/tienda\/wp-json\/wp\/v2\/product"}],"about":[{"href":"https:\/\/ctsaul.com\/tienda\/wp-json\/wp\/v2\/types\/product"}],"replies":[{"embeddable":true,"href":"https:\/\/ctsaul.com\/tienda\/wp-json\/wp\/v2\/comments?post=2152"}],"wp:featuredmedia":[{"embeddable":true,"href":"https:\/\/ctsaul.com\/tienda\/wp-json\/wp\/v2\/media\/2153"}],"wp:attachment":[{"href":"https:\/\/ctsaul.com\/tienda\/wp-json\/wp\/v2\/media?parent=2152"}],"wp:term":[{"taxonomy":"product_brand","embeddable":true,"href":"https:\/\/ctsaul.com\/tienda\/wp-json\/wp\/v2\/product_brand?post=2152"},{"taxonomy":"product_cat","embeddable":true,"href":"https:\/\/ctsaul.com\/tienda\/wp-json\/wp\/v2\/product_cat?post=2152"},{"taxonomy":"product_tag","embeddable":true,"href":"https:\/\/ctsaul.com\/tienda\/wp-json\/wp\/v2\/product_tag?post=2152"}],"curies":[{"name":"wp","href":"https:\/\/api.w.org\/{rel}","templated":true}]}}