{"id":2139,"date":"2025-07-02T14:37:48","date_gmt":"2025-07-02T19:37:48","guid":{"rendered":"https:\/\/ctsaul.com\/tienda\/?post_type=product&#038;p=2139"},"modified":"2025-07-02T16:15:08","modified_gmt":"2025-07-02T21:15:08","slug":"ups-interactiva-bt-751-forza","status":"publish","type":"product","link":"https:\/\/ctsaul.com\/tienda\/producto\/ups-interactiva-bt-751-forza\/","title":{"rendered":"UPS INTERACTIVA BT-751VA FORZA"},"content":{"rendered":"<h2>CAPACIDAD: 750VA 375W<\/h2>\n<h2>8 TOMAS<\/h2>\n<h2>Protecci\u00f3n total ante irregularidades en la tensi\u00f3n el\u00e9ctrica<span data-v-0a7aa7c2=\"\">Esencial en \u00e1reas caracterizadas por fluctuaciones frecuentes de voltaje, esta funci\u00f3n garantiza el suministro de energ\u00eda pura y estable a las cargas<\/span><\/h2>\n<h2>Fuente de reserva excepcional que reduce per\u00edodos de inactividad<span data-v-0a7aa7c2=\"\">Activa instant\u00e1neamente el modo de bater\u00eda en la UPS cuando no hay suministro de alterna en la red<\/span><\/h2>\n<p>&nbsp;<\/p>\n","protected":false},"excerpt":{"rendered":"<p>CAPACIDAD: 750VA 375W 8 TOMAS Protecci\u00f3n total ante irregularidades en la tensi\u00f3n el\u00e9ctricaEsencial en \u00e1reas caracterizadas por fluctuaciones frecuentes de voltaje, esta funci\u00f3n garantiza el suministro de energ\u00eda pura y estable a las cargas Fuente de reserva excepcional que reduce per\u00edodos de inactividadActiva instant\u00e1neamente el modo de bater\u00eda en la UPS cuando no hay suministro &hellip;<\/p>\n<p class=\"read-more\"> <a class=\" thunk-readmore button \" href=\"https:\/\/ctsaul.com\/tienda\/producto\/ups-interactiva-bt-751-forza\/\"> <span class=\"screen-reader-text\">UPS INTERACTIVA BT-751VA FORZA<\/span>Leer m\u00e1s<\/a><\/p>\n","protected":false},"featured_media":2140,"comment_status":"open","ping_status":"closed","template":"","meta":[],"product_brand":[112],"product_cat":[217],"product_tag":[],"class_list":{"0":"post-2139","1":"product","2":"type-product","3":"status-publish","4":"has-post-thumbnail","6":"product_brand-forza","7":"product_cat-ups","8":"thunk-woo-product-list","9":"opn-qv-enable","10":"big-store-woo-hover-zoom","11":"open-single-product-tab-horizontal","12":"open-shadow-","13":"open-shadow-hover-","15":"first","16":"instock","17":"sale","18":"taxable","19":"shipping-taxable","20":"purchasable","21":"product-type-simple"},"_links":{"self":[{"href":"https:\/\/ctsaul.com\/tienda\/wp-json\/wp\/v2\/product\/2139","targetHints":{"allow":["GET"]}}],"collection":[{"href":"https:\/\/ctsaul.com\/tienda\/wp-json\/wp\/v2\/product"}],"about":[{"href":"https:\/\/ctsaul.com\/tienda\/wp-json\/wp\/v2\/types\/product"}],"replies":[{"embeddable":true,"href":"https:\/\/ctsaul.com\/tienda\/wp-json\/wp\/v2\/comments?post=2139"}],"wp:featuredmedia":[{"embeddable":true,"href":"https:\/\/ctsaul.com\/tienda\/wp-json\/wp\/v2\/media\/2140"}],"wp:attachment":[{"href":"https:\/\/ctsaul.com\/tienda\/wp-json\/wp\/v2\/media?parent=2139"}],"wp:term":[{"taxonomy":"product_brand","embeddable":true,"href":"https:\/\/ctsaul.com\/tienda\/wp-json\/wp\/v2\/product_brand?post=2139"},{"taxonomy":"product_cat","embeddable":true,"href":"https:\/\/ctsaul.com\/tienda\/wp-json\/wp\/v2\/product_cat?post=2139"},{"taxonomy":"product_tag","embeddable":true,"href":"https:\/\/ctsaul.com\/tienda\/wp-json\/wp\/v2\/product_tag?post=2139"}],"curies":[{"name":"wp","href":"https:\/\/api.w.org\/{rel}","templated":true}]}}