{"id":2133,"date":"2025-06-26T16:32:16","date_gmt":"2025-06-26T21:32:16","guid":{"rendered":"https:\/\/ctsaul.com\/tienda\/?post_type=product&#038;p=2133"},"modified":"2025-07-02T16:16:41","modified_gmt":"2025-07-02T21:16:41","slug":"ups-interactiva-bt-601va-forza","status":"publish","type":"product","link":"https:\/\/ctsaul.com\/tienda\/producto\/ups-interactiva-bt-601va-forza\/","title":{"rendered":"UPS INTERACTIVA BT-601VA FORZA"},"content":{"rendered":"<h3>Caracter\u00edsticas<\/h3>\n<p>\u2022 Sistema de alimentaci\u00f3n ininterrumpible con topolog\u00eda de l\u00ednea interactiva<br \/>\n\u2022 Protecci\u00f3n el\u00e9ctrica para equipos de uso dom\u00e9stico, comercial y puntos de venta<br \/>\n\u2022 La regulaci\u00f3n autom\u00e1tica de voltaje (AVR) suministra corriente pura y estable a las cargas conectadas<br \/>\n\u2022 Estabilizador AVR mediante la atenuaci\u00f3n y elevaci\u00f3n de tensi\u00f3n<br \/>\n\u2022 Seis (6) tomacorrientes con respaldo de bater\u00eda, supresi\u00f3n de sobretensiones y regulaci\u00f3n de tensi\u00f3n autom\u00e1tica<br \/>\n\u2022 Dos (2) tomacorrientes con supresi\u00f3n de sobretensiones solamente<\/p>\n<p>Indicador visual LED<\/p>\n<p>Estado funcional a la vista Monitoreo simplificado de la UPS en tiempo real<\/p>\n<p>Regulaci\u00f3n autom\u00e1tica de voltaje<\/p>\n<p>Protecci\u00f3n total ante irregularidades en la tensi\u00f3n el\u00e9ctrica Esencial en \u00e1reas caracterizadas por fluctuaciones frecuentes de voltaje, esta funci\u00f3n garantiza el suministro de energ\u00eda pura y estable a las cargas<\/p>\n<p>Termofusible de protecci\u00f3n<\/p>\n","protected":false},"excerpt":{"rendered":"<p>Caracter\u00edsticas \u2022 Sistema de alimentaci\u00f3n ininterrumpible con topolog\u00eda de l\u00ednea interactiva \u2022 Protecci\u00f3n el\u00e9ctrica para equipos de uso dom\u00e9stico, comercial y puntos de venta \u2022 La regulaci\u00f3n autom\u00e1tica de voltaje (AVR) suministra corriente pura y estable a las cargas conectadas \u2022 Estabilizador AVR mediante la atenuaci\u00f3n y elevaci\u00f3n de tensi\u00f3n \u2022 Seis (6) tomacorrientes con &hellip;<\/p>\n<p class=\"read-more\"> <a class=\" thunk-readmore button \" href=\"https:\/\/ctsaul.com\/tienda\/producto\/ups-interactiva-bt-601va-forza\/\"> <span class=\"screen-reader-text\">UPS INTERACTIVA BT-601VA FORZA<\/span>Leer m\u00e1s<\/a><\/p>\n","protected":false},"featured_media":2143,"comment_status":"open","ping_status":"closed","template":"","meta":[],"product_brand":[112],"product_cat":[217],"product_tag":[],"class_list":{"0":"post-2133","1":"product","2":"type-product","3":"status-publish","4":"has-post-thumbnail","6":"product_brand-forza","7":"product_cat-ups","8":"thunk-woo-product-list","9":"opn-qv-enable","10":"big-store-woo-hover-zoom","11":"open-single-product-tab-horizontal","12":"open-shadow-","13":"open-shadow-hover-","15":"first","16":"instock","17":"sale","18":"taxable","19":"shipping-taxable","20":"purchasable","21":"product-type-simple"},"_links":{"self":[{"href":"https:\/\/ctsaul.com\/tienda\/wp-json\/wp\/v2\/product\/2133","targetHints":{"allow":["GET"]}}],"collection":[{"href":"https:\/\/ctsaul.com\/tienda\/wp-json\/wp\/v2\/product"}],"about":[{"href":"https:\/\/ctsaul.com\/tienda\/wp-json\/wp\/v2\/types\/product"}],"replies":[{"embeddable":true,"href":"https:\/\/ctsaul.com\/tienda\/wp-json\/wp\/v2\/comments?post=2133"}],"wp:featuredmedia":[{"embeddable":true,"href":"https:\/\/ctsaul.com\/tienda\/wp-json\/wp\/v2\/media\/2143"}],"wp:attachment":[{"href":"https:\/\/ctsaul.com\/tienda\/wp-json\/wp\/v2\/media?parent=2133"}],"wp:term":[{"taxonomy":"product_brand","embeddable":true,"href":"https:\/\/ctsaul.com\/tienda\/wp-json\/wp\/v2\/product_brand?post=2133"},{"taxonomy":"product_cat","embeddable":true,"href":"https:\/\/ctsaul.com\/tienda\/wp-json\/wp\/v2\/product_cat?post=2133"},{"taxonomy":"product_tag","embeddable":true,"href":"https:\/\/ctsaul.com\/tienda\/wp-json\/wp\/v2\/product_tag?post=2133"}],"curies":[{"name":"wp","href":"https:\/\/api.w.org\/{rel}","templated":true}]}}