{"id":2093,"date":"2025-06-12T10:41:21","date_gmt":"2025-06-12T15:41:21","guid":{"rendered":"https:\/\/ctsaul.com\/tienda\/?post_type=product&#038;p=2093"},"modified":"2025-06-12T10:46:58","modified_gmt":"2025-06-12T15:46:58","slug":"mlt-d111s-generico-asta","status":"publish","type":"product","link":"https:\/\/ctsaul.com\/tienda\/producto\/mlt-d111s-generico-asta\/","title":{"rendered":"MLT-D111S GENERICO ASTA"},"content":{"rendered":"<ul class=\"a-unordered-list a-vertical a-spacing-mini\">\n<li class=\"a-spacing-mini\">\n<h3><span class=\"a-list-item\">Alto rendimiento de p\u00e1ginas: el reemplazo para el cartucho de t\u00f3ner Samsung mlt-d111s alto rendimiento Hasta 1800 p\u00e1ginas por cartucho (con 5% de cobertura)<\/span><\/h3>\n<\/li>\n<li class=\"a-spacing-mini\">\n<h3><span class=\"a-list-item\">Compatibilidad de impresora: D111S cartucho de t\u00f3ner compatible para Samsung Xpress M2070 SL-M2020 M2020W M2021 M2021W M2022 M2022W M2026 M2026W M2070W M2070F M2070F M2070FW M2070FW M20020 70FH M Impresoras 2070HW M2071 M2071W M2071HW M2071FH M2078W<\/span><\/h3>\n<\/li>\n<\/ul>\n","protected":false},"excerpt":{"rendered":"<p>Alto rendimiento de p\u00e1ginas: el reemplazo para el cartucho de t\u00f3ner Samsung mlt-d111s alto rendimiento Hasta 1800 p\u00e1ginas por cartucho (con 5% de cobertura) Compatibilidad de impresora: D111S cartucho de t\u00f3ner compatible para Samsung Xpress M2070 SL-M2020 M2020W M2021 M2021W M2022 M2022W M2026 M2026W M2070W M2070F M2070F M2070FW M2070FW M20020 70FH M Impresoras 2070HW M2071 &hellip;<\/p>\n<p class=\"read-more\"> <a class=\" thunk-readmore button \" href=\"https:\/\/ctsaul.com\/tienda\/producto\/mlt-d111s-generico-asta\/\"> <span class=\"screen-reader-text\">MLT-D111S GENERICO ASTA<\/span>Leer m\u00e1s<\/a><\/p>\n","protected":false},"featured_media":2094,"comment_status":"open","ping_status":"closed","template":"","meta":[],"product_brand":[210],"product_cat":[215,213],"product_tag":[],"class_list":{"0":"post-2093","1":"product","2":"type-product","3":"status-publish","4":"has-post-thumbnail","6":"product_brand-asta","7":"product_cat-sin-chip","8":"product_cat-toner","9":"thunk-woo-product-list","10":"opn-qv-enable","11":"big-store-woo-hover-zoom","12":"open-single-product-tab-horizontal","13":"open-shadow-","14":"open-shadow-hover-","16":"first","17":"instock","18":"sale","19":"taxable","20":"shipping-taxable","21":"purchasable","22":"product-type-simple"},"_links":{"self":[{"href":"https:\/\/ctsaul.com\/tienda\/wp-json\/wp\/v2\/product\/2093","targetHints":{"allow":["GET"]}}],"collection":[{"href":"https:\/\/ctsaul.com\/tienda\/wp-json\/wp\/v2\/product"}],"about":[{"href":"https:\/\/ctsaul.com\/tienda\/wp-json\/wp\/v2\/types\/product"}],"replies":[{"embeddable":true,"href":"https:\/\/ctsaul.com\/tienda\/wp-json\/wp\/v2\/comments?post=2093"}],"wp:featuredmedia":[{"embeddable":true,"href":"https:\/\/ctsaul.com\/tienda\/wp-json\/wp\/v2\/media\/2094"}],"wp:attachment":[{"href":"https:\/\/ctsaul.com\/tienda\/wp-json\/wp\/v2\/media?parent=2093"}],"wp:term":[{"taxonomy":"product_brand","embeddable":true,"href":"https:\/\/ctsaul.com\/tienda\/wp-json\/wp\/v2\/product_brand?post=2093"},{"taxonomy":"product_cat","embeddable":true,"href":"https:\/\/ctsaul.com\/tienda\/wp-json\/wp\/v2\/product_cat?post=2093"},{"taxonomy":"product_tag","embeddable":true,"href":"https:\/\/ctsaul.com\/tienda\/wp-json\/wp\/v2\/product_tag?post=2093"}],"curies":[{"name":"wp","href":"https:\/\/api.w.org\/{rel}","templated":true}]}}