{"id":2074,"date":"2025-05-30T16:39:34","date_gmt":"2025-05-30T21:39:34","guid":{"rendered":"https:\/\/ctsaul.com\/tienda\/?post_type=product&#038;p=2074"},"modified":"2025-06-17T10:27:15","modified_gmt":"2025-06-17T15:27:15","slug":"1105a-con-chip-generico-asta","status":"publish","type":"product","link":"https:\/\/ctsaul.com\/tienda\/producto\/1105a-con-chip-generico-asta\/","title":{"rendered":"1105A  GENERICO ASTA"},"content":{"rendered":"<ul>\n<li><strong>Modelo de T\u00f3ner:<\/strong>\u00a0Asta Universal 105A con Chip<\/li>\n<li><strong>Compatibilidad:<\/strong>\n<ul>\n<li>HP W1105A<\/li>\n<li>HP 107A<\/li>\n<li>HP 107W<\/li>\n<li>HP 135A<\/li>\n<li>HP 135W<\/li>\n<\/ul>\n<\/li>\n<li><strong>Chip Contador:<\/strong>\u00a0Incluye un chip que monitorea el nivel de t\u00f3ner y avisa cuando requiere mantenimiento o recarga.<\/li>\n<li><strong>Rendimiento:<\/strong>\u00a0Hasta 1000 impresiones.<\/li>\n<li><strong>Recargable:<\/strong>\u00a0El t\u00f3ner permite recargas posteriores, pero es necesario reemplazar el chip contador al recargarlo para extender la vida \u00fatil del t\u00f3ner.<\/li>\n<\/ul>\n","protected":false},"excerpt":{"rendered":"<p>Modelo de T\u00f3ner:\u00a0Asta Universal 105A con Chip Compatibilidad: HP W1105A HP 107A HP 107W HP 135A HP 135W Chip Contador:\u00a0Incluye un chip que monitorea el nivel de t\u00f3ner y avisa cuando requiere mantenimiento o recarga. Rendimiento:\u00a0Hasta 1000 impresiones. Recargable:\u00a0El t\u00f3ner permite recargas posteriores, pero es necesario reemplazar el chip contador al recargarlo para extender la &hellip;<\/p>\n<p class=\"read-more\"> <a class=\" thunk-readmore button \" href=\"https:\/\/ctsaul.com\/tienda\/producto\/1105a-con-chip-generico-asta\/\"> <span class=\"screen-reader-text\">1105A  GENERICO ASTA<\/span>Leer m\u00e1s<\/a><\/p>\n","protected":false},"featured_media":2075,"comment_status":"open","ping_status":"closed","template":"","meta":[],"product_brand":[210],"product_cat":[213],"product_tag":[],"class_list":{"0":"post-2074","1":"product","2":"type-product","3":"status-publish","4":"has-post-thumbnail","6":"product_brand-asta","7":"product_cat-toner","8":"thunk-woo-product-list","9":"opn-qv-enable","10":"big-store-woo-hover-zoom","11":"open-single-product-tab-horizontal","12":"open-shadow-","13":"open-shadow-hover-","15":"first","16":"instock","17":"sale","18":"taxable","19":"shipping-taxable","20":"purchasable","21":"product-type-simple"},"_links":{"self":[{"href":"https:\/\/ctsaul.com\/tienda\/wp-json\/wp\/v2\/product\/2074","targetHints":{"allow":["GET"]}}],"collection":[{"href":"https:\/\/ctsaul.com\/tienda\/wp-json\/wp\/v2\/product"}],"about":[{"href":"https:\/\/ctsaul.com\/tienda\/wp-json\/wp\/v2\/types\/product"}],"replies":[{"embeddable":true,"href":"https:\/\/ctsaul.com\/tienda\/wp-json\/wp\/v2\/comments?post=2074"}],"wp:featuredmedia":[{"embeddable":true,"href":"https:\/\/ctsaul.com\/tienda\/wp-json\/wp\/v2\/media\/2075"}],"wp:attachment":[{"href":"https:\/\/ctsaul.com\/tienda\/wp-json\/wp\/v2\/media?parent=2074"}],"wp:term":[{"taxonomy":"product_brand","embeddable":true,"href":"https:\/\/ctsaul.com\/tienda\/wp-json\/wp\/v2\/product_brand?post=2074"},{"taxonomy":"product_cat","embeddable":true,"href":"https:\/\/ctsaul.com\/tienda\/wp-json\/wp\/v2\/product_cat?post=2074"},{"taxonomy":"product_tag","embeddable":true,"href":"https:\/\/ctsaul.com\/tienda\/wp-json\/wp\/v2\/product_tag?post=2074"}],"curies":[{"name":"wp","href":"https:\/\/api.w.org\/{rel}","templated":true}]}}