{"id":1987,"date":"2025-05-22T11:36:23","date_gmt":"2025-05-22T16:36:23","guid":{"rendered":"https:\/\/ctsaul.com\/tienda\/?post_type=product&#038;p=1987"},"modified":"2025-05-27T09:44:56","modified_gmt":"2025-05-27T14:44:56","slug":"canon-190-cyan-original","status":"publish","type":"product","link":"https:\/\/ctsaul.com\/tienda\/producto\/canon-190-cyan-original\/","title":{"rendered":"CANON 190 CYAN ORIGINAL"},"content":{"rendered":"<h1 class=\"product_title entry-title wd-entities-title\">Botella de Tinta Canon GI-190 Cyan G2100\/G3110\/G4110 70ml<\/h1>\n<h3 class=\"product_title entry-title wd-entities-title\">La botella de tinta cian GI-190C contiene una f\u00f3rmula a base de tintes para producir hermosos colores. La combinaci\u00f3n de los colores de tinta CMY maximiza la productividad e imprime hasta 6.000 p\u00e1ginas.<\/h3>\n","protected":false},"excerpt":{"rendered":"<p>Botella de Tinta Canon GI-190 Cyan G2100\/G3110\/G4110 70ml La botella de tinta cian GI-190C contiene una f\u00f3rmula a base de tintes para producir hermosos colores. La combinaci\u00f3n de los colores de tinta CMY maximiza la productividad e imprime hasta 6.000 p\u00e1ginas.<\/p>\n","protected":false},"featured_media":1988,"comment_status":"open","ping_status":"closed","template":"","meta":[],"product_brand":[106],"product_cat":[211,209],"product_tag":[],"class_list":{"0":"post-1987","1":"product","2":"type-product","3":"status-publish","4":"has-post-thumbnail","6":"product_brand-canon","7":"product_cat-original","8":"product_cat-tintas","9":"thunk-woo-product-list","10":"opn-qv-enable","11":"big-store-woo-hover-zoom","12":"open-single-product-tab-horizontal","13":"open-shadow-","14":"open-shadow-hover-","16":"first","17":"instock","18":"sale","19":"taxable","20":"shipping-taxable","21":"purchasable","22":"product-type-simple"},"_links":{"self":[{"href":"https:\/\/ctsaul.com\/tienda\/wp-json\/wp\/v2\/product\/1987","targetHints":{"allow":["GET"]}}],"collection":[{"href":"https:\/\/ctsaul.com\/tienda\/wp-json\/wp\/v2\/product"}],"about":[{"href":"https:\/\/ctsaul.com\/tienda\/wp-json\/wp\/v2\/types\/product"}],"replies":[{"embeddable":true,"href":"https:\/\/ctsaul.com\/tienda\/wp-json\/wp\/v2\/comments?post=1987"}],"wp:featuredmedia":[{"embeddable":true,"href":"https:\/\/ctsaul.com\/tienda\/wp-json\/wp\/v2\/media\/1988"}],"wp:attachment":[{"href":"https:\/\/ctsaul.com\/tienda\/wp-json\/wp\/v2\/media?parent=1987"}],"wp:term":[{"taxonomy":"product_brand","embeddable":true,"href":"https:\/\/ctsaul.com\/tienda\/wp-json\/wp\/v2\/product_brand?post=1987"},{"taxonomy":"product_cat","embeddable":true,"href":"https:\/\/ctsaul.com\/tienda\/wp-json\/wp\/v2\/product_cat?post=1987"},{"taxonomy":"product_tag","embeddable":true,"href":"https:\/\/ctsaul.com\/tienda\/wp-json\/wp\/v2\/product_tag?post=1987"}],"curies":[{"name":"wp","href":"https:\/\/api.w.org\/{rel}","templated":true}]}}