{"id":1984,"date":"2025-05-22T10:57:33","date_gmt":"2025-05-22T15:57:33","guid":{"rendered":"https:\/\/ctsaul.com\/tienda\/?post_type=product&#038;p=1984"},"modified":"2025-05-27T09:45:51","modified_gmt":"2025-05-27T14:45:51","slug":"canon-190-original","status":"publish","type":"product","link":"https:\/\/ctsaul.com\/tienda\/producto\/canon-190-original\/","title":{"rendered":"CANON 190 NEGRA ORIGINAL"},"content":{"rendered":"<h3>Botella de Tinta Canon GI-190 BK, negro<\/h3>\n<p>La Botella de Tinta Canon GI-190 es el complemento de alto rendimiento para seguir utilizando tu equipo PIXMA con eficiencia y practicidad.<br \/>\nEst\u00e1 dise\u00f1ada para lograr impresiones duraderas y resistentes.<br \/>\nObt\u00e9n hasta 6000 p\u00e1ginas impresas en un negro intenso y uniforme.<br \/>\nEst\u00e1 hecha para que recargues con facilidad los tanques de tinta de tu equipo de impresi\u00f3n.<br \/>\nEs compatible con diversos modelos de la l\u00ednea PIXMA de Canon.<\/p>\n<p>ESPECIFICACIONES<br \/>\nNombre: Botella de Tinta Canon GI-190<br \/>\nColor: Negro<br \/>\nCompatibilidad:COMPATIBLE CON CANON G1100\/G2100\/G2110\/G3100\/G3110\/G3102\/G4100\/G4102\/G4110<\/p>\n","protected":false},"excerpt":{"rendered":"<p>Botella de Tinta Canon GI-190 BK, negro La Botella de Tinta Canon GI-190 es el complemento de alto rendimiento para seguir utilizando tu equipo PIXMA con eficiencia y practicidad. Est\u00e1 dise\u00f1ada para lograr impresiones duraderas y resistentes. Obt\u00e9n hasta 6000 p\u00e1ginas impresas en un negro intenso y uniforme. Est\u00e1 hecha para que recargues con facilidad &hellip;<\/p>\n<p class=\"read-more\"> <a class=\" thunk-readmore button \" href=\"https:\/\/ctsaul.com\/tienda\/producto\/canon-190-original\/\"> <span class=\"screen-reader-text\">CANON 190 NEGRA ORIGINAL<\/span>Leer m\u00e1s<\/a><\/p>\n","protected":false},"featured_media":1985,"comment_status":"open","ping_status":"closed","template":"","meta":[],"product_brand":[106],"product_cat":[211,209],"product_tag":[],"class_list":{"0":"post-1984","1":"product","2":"type-product","3":"status-publish","4":"has-post-thumbnail","6":"product_brand-canon","7":"product_cat-original","8":"product_cat-tintas","9":"thunk-woo-product-list","10":"opn-qv-enable","11":"big-store-woo-hover-zoom","12":"open-single-product-tab-horizontal","13":"open-shadow-","14":"open-shadow-hover-","16":"first","17":"instock","18":"sale","19":"taxable","20":"shipping-taxable","21":"purchasable","22":"product-type-simple"},"_links":{"self":[{"href":"https:\/\/ctsaul.com\/tienda\/wp-json\/wp\/v2\/product\/1984","targetHints":{"allow":["GET"]}}],"collection":[{"href":"https:\/\/ctsaul.com\/tienda\/wp-json\/wp\/v2\/product"}],"about":[{"href":"https:\/\/ctsaul.com\/tienda\/wp-json\/wp\/v2\/types\/product"}],"replies":[{"embeddable":true,"href":"https:\/\/ctsaul.com\/tienda\/wp-json\/wp\/v2\/comments?post=1984"}],"wp:featuredmedia":[{"embeddable":true,"href":"https:\/\/ctsaul.com\/tienda\/wp-json\/wp\/v2\/media\/1985"}],"wp:attachment":[{"href":"https:\/\/ctsaul.com\/tienda\/wp-json\/wp\/v2\/media?parent=1984"}],"wp:term":[{"taxonomy":"product_brand","embeddable":true,"href":"https:\/\/ctsaul.com\/tienda\/wp-json\/wp\/v2\/product_brand?post=1984"},{"taxonomy":"product_cat","embeddable":true,"href":"https:\/\/ctsaul.com\/tienda\/wp-json\/wp\/v2\/product_cat?post=1984"},{"taxonomy":"product_tag","embeddable":true,"href":"https:\/\/ctsaul.com\/tienda\/wp-json\/wp\/v2\/product_tag?post=1984"}],"curies":[{"name":"wp","href":"https:\/\/api.w.org\/{rel}","templated":true}]}}