{"id":1978,"date":"2025-05-21T16:38:51","date_gmt":"2025-05-21T21:38:51","guid":{"rendered":"https:\/\/ctsaul.com\/tienda\/?post_type=product&#038;p=1978"},"modified":"2025-05-27T09:46:15","modified_gmt":"2025-05-27T14:46:15","slug":"hp-hgt52-magenta-asta-generica","status":"publish","type":"product","link":"https:\/\/ctsaul.com\/tienda\/producto\/hp-hgt52-magenta-asta-generica\/","title":{"rendered":"HP HGT52 MAGENTA ASTA GENERICA"},"content":{"rendered":"<h2>Tinta Gen\u00e9rica<\/h2>\n<h3>Color: MAGENTA<br \/>\nPresentacion: Botella en Caja<br \/>\nContenido: 70ml<br \/>\nTecnolog\u00eda de impresi\u00f3n: Inyecci\u00f3n de Tinta<br \/>\nCompatibilidad con impresoras Marca: HP<br \/>\nCOMPATIBILIDAD CON IMPRESORAS:<br \/>\nInk Tank 115<br \/>\nInk Tank 318<br \/>\nInk Tank 319<br \/>\nInk Tank 410<br \/>\nInk Tank Wireless 415<br \/>\nInk Tank Wireless 416<br \/>\nInk Tank Wireless 418<br \/>\nInk Tank Wireless 419<br \/>\nSmart Tank 455<br \/>\nSmart Tank 450<br \/>\nSmart Tank 457<br \/>\nDeskJet GT 5810<br \/>\nDeskJet GT 5820<\/h3>\n","protected":false},"excerpt":{"rendered":"<p>Tinta Gen\u00e9rica Color: MAGENTA Presentacion: Botella en Caja Contenido: 70ml Tecnolog\u00eda de impresi\u00f3n: Inyecci\u00f3n de Tinta Compatibilidad con impresoras Marca: HP COMPATIBILIDAD CON IMPRESORAS: Ink Tank 115 Ink Tank 318 Ink Tank 319 Ink Tank 410 Ink Tank Wireless 415 Ink Tank Wireless 416 Ink Tank Wireless 418 Ink Tank Wireless 419 Smart Tank 455 &hellip;<\/p>\n<p class=\"read-more\"> <a class=\" thunk-readmore button \" href=\"https:\/\/ctsaul.com\/tienda\/producto\/hp-hgt52-magenta-asta-generica\/\"> <span class=\"screen-reader-text\">HP HGT52 MAGENTA ASTA GENERICA<\/span>Leer m\u00e1s<\/a><\/p>\n","protected":false},"featured_media":1979,"comment_status":"open","ping_status":"closed","template":"","meta":[],"product_brand":[210,117],"product_cat":[212,209],"product_tag":[],"class_list":{"0":"post-1978","1":"product","2":"type-product","3":"status-publish","4":"has-post-thumbnail","6":"product_brand-asta","7":"product_brand-hp","8":"product_cat-generica","9":"product_cat-tintas","10":"thunk-woo-product-list","11":"opn-qv-enable","12":"big-store-woo-hover-zoom","13":"open-single-product-tab-horizontal","14":"open-shadow-","15":"open-shadow-hover-","17":"first","18":"instock","19":"sale","20":"taxable","21":"shipping-taxable","22":"purchasable","23":"product-type-simple"},"_links":{"self":[{"href":"https:\/\/ctsaul.com\/tienda\/wp-json\/wp\/v2\/product\/1978","targetHints":{"allow":["GET"]}}],"collection":[{"href":"https:\/\/ctsaul.com\/tienda\/wp-json\/wp\/v2\/product"}],"about":[{"href":"https:\/\/ctsaul.com\/tienda\/wp-json\/wp\/v2\/types\/product"}],"replies":[{"embeddable":true,"href":"https:\/\/ctsaul.com\/tienda\/wp-json\/wp\/v2\/comments?post=1978"}],"wp:featuredmedia":[{"embeddable":true,"href":"https:\/\/ctsaul.com\/tienda\/wp-json\/wp\/v2\/media\/1979"}],"wp:attachment":[{"href":"https:\/\/ctsaul.com\/tienda\/wp-json\/wp\/v2\/media?parent=1978"}],"wp:term":[{"taxonomy":"product_brand","embeddable":true,"href":"https:\/\/ctsaul.com\/tienda\/wp-json\/wp\/v2\/product_brand?post=1978"},{"taxonomy":"product_cat","embeddable":true,"href":"https:\/\/ctsaul.com\/tienda\/wp-json\/wp\/v2\/product_cat?post=1978"},{"taxonomy":"product_tag","embeddable":true,"href":"https:\/\/ctsaul.com\/tienda\/wp-json\/wp\/v2\/product_tag?post=1978"}],"curies":[{"name":"wp","href":"https:\/\/api.w.org\/{rel}","templated":true}]}}