{"id":1950,"date":"2025-05-20T17:01:16","date_gmt":"2025-05-20T22:01:16","guid":{"rendered":"https:\/\/ctsaul.com\/tienda\/?post_type=product&#038;p=1950"},"modified":"2025-05-27T09:56:33","modified_gmt":"2025-05-27T14:56:33","slug":"ezviz-m5-cs-h6c-pro-interna","status":"publish","type":"product","link":"https:\/\/ctsaul.com\/tienda\/producto\/ezviz-m5-cs-h6c-pro-interna\/","title":{"rendered":"EZVIZ M5  CS-H6C PRO INTERNA"},"content":{"rendered":"<h3>Modelo CS-H6C PRO<\/h3>\n<p>Resoluci\u00f3n Resoluci\u00f3n 3K<br \/>\nSensor de imagen CMOS de escaneo progresivo de 1\/2,7&#8243;<br \/>\nVelocidad de obturaci\u00f3n Obturador autoadaptativo<br \/>\nLente 4 mm a F1.6, \u00e1ngulo de visi\u00f3n: 87\u00b0 (horizontal), 53\u00b0 (vertical), 104\u00b0 (diagonal)<br \/>\nMontura de lente M12<br \/>\nD\u00eda y noche Filtro de corte IR con conmutaci\u00f3n autom\u00e1tica<br \/>\nDNR DNR 3D<br \/>\nAmplio rango din\u00e1mico (WDR) WDR digital<br \/>\nCompresi\u00f3n<br \/>\nCompresi\u00f3n de v\u00eddeo H.264\/H.265<br \/>\nVelocidad de bits del v\u00eddeo Tasa de bits adaptativa.<br \/>\nImagen<br \/>\nResoluci\u00f3n m\u00e1xima 2880 \u00d7 1620<br \/>\nVelocidad de cuadros Autoadaptaci\u00f3n durante la transmisi\u00f3n de red<br \/>\nRed<br \/>\nAlarma inteligente Detecci\u00f3n de movimiento, detecci\u00f3n de forma humana, detecci\u00f3n de ruidos fuertes, detecci\u00f3n de modo patrulla<br \/>\nEmparejamiento Wi-Fi emparejamiento AP<br \/>\nProtocolo Protocolo propietario de la nube EZVIZ<br \/>\nProtocolo de interfaz Protocolo propietario de la nube EZVIZ<br \/>\nInterfaz<br \/>\nAlmacenamiento Ranura para tarjeta Micro SD (m\u00e1x. 512G)<br \/>\nFuerza TIPO C<br \/>\nRed cableada RJ45 X 1 (puerto Ethernet autoadaptativo de 10 M\/100 M)<br \/>\nWifi<br \/>\nEst\u00e1ndar IEEE802.11a, 802.11b, 802.11g, 802.11n<br \/>\nRango de frecuencia 2,4 G: 2400 ~ 2483,5 MHz 5 G: 5150 MHz-5250 MHz<br \/>\nAncho de banda del canal Soporta 20 MHz<br \/>\nSeguridad WPA\/WPA2, WPA-PSK\/WPA2-PSK<br \/>\nVelocidad de transmisi\u00f3n 11b 11 Mbps, 11g 54 Mbps, 11nHT20 MCS7, 11a 54 Mbps, 11nHT20 MCS7<br \/>\nPotencia de salida (EIRP) 19 dBm<br \/>\nGanancia de la antena 1,9 dBi<br \/>\nGeneral<br \/>\nFuente de alimentaci\u00f3n CC 5 V\/2 A<br \/>\nConsumo de energ\u00eda 8 W m\u00e1x.<br \/>\nRango de infrarrojos M\u00c1XIMO 10 metros (32,81 pies)<br \/>\nDimensiones 88 mm x 88,2 mm x 119 mm (3,46\u201d x 3,47\u201d x 4,69\u201d)<br \/>\nDimensiones del embalaje 103 mm x 103 mm x 168 mm (4,06\u201d x 4,06\u201d x 6,61\u201d)<br \/>\nPeso desnudo 213 g (0,47 libras)<\/p>\n","protected":false},"excerpt":{"rendered":"<p>Modelo CS-H6C PRO Resoluci\u00f3n Resoluci\u00f3n 3K Sensor de imagen CMOS de escaneo progresivo de 1\/2,7&#8243; Velocidad de obturaci\u00f3n Obturador autoadaptativo Lente 4 mm a F1.6, \u00e1ngulo de visi\u00f3n: 87\u00b0 (horizontal), 53\u00b0 (vertical), 104\u00b0 (diagonal) Montura de lente M12 D\u00eda y noche Filtro de corte IR con conmutaci\u00f3n autom\u00e1tica DNR DNR 3D Amplio rango din\u00e1mico (WDR) &hellip;<\/p>\n<p class=\"read-more\"> <a class=\" thunk-readmore button \" href=\"https:\/\/ctsaul.com\/tienda\/producto\/ezviz-m5-cs-h6c-pro-interna\/\"> <span class=\"screen-reader-text\">EZVIZ M5  CS-H6C PRO INTERNA<\/span>Leer m\u00e1s<\/a><\/p>\n","protected":false},"featured_media":1951,"comment_status":"open","ping_status":"closed","template":"","meta":[],"product_brand":[111],"product_cat":[204,207],"product_tag":[],"class_list":{"0":"post-1950","1":"product","2":"type-product","3":"status-publish","4":"has-post-thumbnail","6":"product_brand-ezviz","7":"product_cat-camaras","8":"product_cat-wifi","9":"thunk-woo-product-list","10":"opn-qv-enable","11":"big-store-woo-hover-zoom","12":"open-single-product-tab-horizontal","13":"open-shadow-","14":"open-shadow-hover-","16":"first","17":"instock","18":"sale","19":"taxable","20":"shipping-taxable","21":"purchasable","22":"product-type-simple"},"_links":{"self":[{"href":"https:\/\/ctsaul.com\/tienda\/wp-json\/wp\/v2\/product\/1950","targetHints":{"allow":["GET"]}}],"collection":[{"href":"https:\/\/ctsaul.com\/tienda\/wp-json\/wp\/v2\/product"}],"about":[{"href":"https:\/\/ctsaul.com\/tienda\/wp-json\/wp\/v2\/types\/product"}],"replies":[{"embeddable":true,"href":"https:\/\/ctsaul.com\/tienda\/wp-json\/wp\/v2\/comments?post=1950"}],"wp:featuredmedia":[{"embeddable":true,"href":"https:\/\/ctsaul.com\/tienda\/wp-json\/wp\/v2\/media\/1951"}],"wp:attachment":[{"href":"https:\/\/ctsaul.com\/tienda\/wp-json\/wp\/v2\/media?parent=1950"}],"wp:term":[{"taxonomy":"product_brand","embeddable":true,"href":"https:\/\/ctsaul.com\/tienda\/wp-json\/wp\/v2\/product_brand?post=1950"},{"taxonomy":"product_cat","embeddable":true,"href":"https:\/\/ctsaul.com\/tienda\/wp-json\/wp\/v2\/product_cat?post=1950"},{"taxonomy":"product_tag","embeddable":true,"href":"https:\/\/ctsaul.com\/tienda\/wp-json\/wp\/v2\/product_tag?post=1950"}],"curies":[{"name":"wp","href":"https:\/\/api.w.org\/{rel}","templated":true}]}}