{"id":1945,"date":"2025-05-20T11:00:50","date_gmt":"2025-05-20T16:00:50","guid":{"rendered":"https:\/\/ctsaul.com\/tienda\/?post_type=product&#038;p=1945"},"modified":"2025-05-27T09:59:04","modified_gmt":"2025-05-27T14:59:04","slug":"ranger-3m-mini","status":"publish","type":"product","link":"https:\/\/ctsaul.com\/tienda\/producto\/ranger-3m-mini\/","title":{"rendered":"RANGER 3M MINI"},"content":{"rendered":"<h2>Caracter\u00edsticas Principales<\/h2>\n<ul>\n<li><strong>Resoluci\u00f3n 3MP:<\/strong>Im\u00e1genes claras y detalladas para monitoreo de alta calidad.<\/li>\n<li><strong>Autotracking:<\/strong>La c\u00e1mara sigue autom\u00e1ticamente a los objetos en movimiento.<\/li>\n<li><strong>IA (Inteligencia Artificial):<\/strong>Mejora la detecci\u00f3n de personas y objetos, minimizando falsas alarmas.<\/li>\n<li><strong>Audio bidireccional:<\/strong>Comun\u00edcate f\u00e1cilmente a trav\u00e9s de la c\u00e1mara, ideal para interacciones a distancia.<\/li>\n<li><strong>Sirena integrada:<\/strong>Alerta de intrusos con sonido fuerte para disuadir comportamientos no deseados.<\/li>\n<li><strong>Micr\u00f3fono integrado:<\/strong>Escucha lo que sucede en tiempo real.<\/li>\n<li><strong>Visi\u00f3n 360\u00b0 motorizada:<\/strong>Vista panor\u00e1mica de todo el entorno gracias a su giro motorizado.<\/li>\n<li><strong>Conexi\u00f3n WiFi:<\/strong>Instalaci\u00f3n r\u00e1pida y sin cables.<\/li>\n<li><strong>App IMOU:<\/strong>Controla la c\u00e1mara desde tu smartphone (compatible con iOS y Android)<br \/>\n<h2>Especificaciones T\u00e9cnicas<\/h2>\n<ul>\n<li><strong>Resoluci\u00f3n:<\/strong>3MP (2048 x 1536 p\u00edxeles)<\/li>\n<li><strong>\u00c1ngulo de visi\u00f3n:<\/strong>105\u00b0 horizontal<\/li>\n<li><strong>Visi\u00f3n nocturna:<\/strong>Hasta 10m con infrarrojos<\/li>\n<li><strong>Autotracking: <\/strong>S\u00ed, seguimiento autom\u00e1tico de objetos en movimiento<\/li>\n<li><strong>Audio: <\/strong>Bidireccional (micr\u00f3fono y altavoz integrados)<\/li>\n<li><strong>Sirena:<\/strong>Integrada, 110 dB*<\/li>\n<li><strong>Conexi\u00f3n: <\/strong>WiFi (802.11b\/g\/n)<\/li>\n<li><strong>Almacenamiento: <\/strong>MicroSD (hasta 256GB)<\/li>\n<li><strong>Interfaz:<\/strong>Aplicaci\u00f3n IMOU (compatible con iOS y Android)<\/li>\n<li><strong>Temperatura de operaci\u00f3n:<\/strong>-10\u00b0C a 50\u00b0C<\/li>\n<li><strong>Certificaci\u00f3n:<\/strong>IP65 (resistente al agua y polvo)<\/li>\n<\/ul>\n<\/li>\n<\/ul>\n","protected":false},"excerpt":{"rendered":"<p>Caracter\u00edsticas Principales Resoluci\u00f3n 3MP:Im\u00e1genes claras y detalladas para monitoreo de alta calidad. Autotracking:La c\u00e1mara sigue autom\u00e1ticamente a los objetos en movimiento. IA (Inteligencia Artificial):Mejora la detecci\u00f3n de personas y objetos, minimizando falsas alarmas. Audio bidireccional:Comun\u00edcate f\u00e1cilmente a trav\u00e9s de la c\u00e1mara, ideal para interacciones a distancia. Sirena integrada:Alerta de intrusos con sonido fuerte para disuadir &hellip;<\/p>\n<p class=\"read-more\"> <a class=\" thunk-readmore button \" href=\"https:\/\/ctsaul.com\/tienda\/producto\/ranger-3m-mini\/\"> <span class=\"screen-reader-text\">RANGER 3M MINI<\/span>Leer m\u00e1s<\/a><\/p>\n","protected":false},"featured_media":1946,"comment_status":"open","ping_status":"closed","template":"","meta":[],"product_brand":[107],"product_cat":[204,207],"product_tag":[],"class_list":{"0":"post-1945","1":"product","2":"type-product","3":"status-publish","4":"has-post-thumbnail","6":"product_brand-dahua","7":"product_cat-camaras","8":"product_cat-wifi","9":"thunk-woo-product-list","10":"opn-qv-enable","11":"big-store-woo-hover-zoom","12":"open-single-product-tab-horizontal","13":"open-shadow-","14":"open-shadow-hover-","16":"first","17":"instock","18":"sale","19":"taxable","20":"shipping-taxable","21":"purchasable","22":"product-type-simple"},"_links":{"self":[{"href":"https:\/\/ctsaul.com\/tienda\/wp-json\/wp\/v2\/product\/1945","targetHints":{"allow":["GET"]}}],"collection":[{"href":"https:\/\/ctsaul.com\/tienda\/wp-json\/wp\/v2\/product"}],"about":[{"href":"https:\/\/ctsaul.com\/tienda\/wp-json\/wp\/v2\/types\/product"}],"replies":[{"embeddable":true,"href":"https:\/\/ctsaul.com\/tienda\/wp-json\/wp\/v2\/comments?post=1945"}],"wp:featuredmedia":[{"embeddable":true,"href":"https:\/\/ctsaul.com\/tienda\/wp-json\/wp\/v2\/media\/1946"}],"wp:attachment":[{"href":"https:\/\/ctsaul.com\/tienda\/wp-json\/wp\/v2\/media?parent=1945"}],"wp:term":[{"taxonomy":"product_brand","embeddable":true,"href":"https:\/\/ctsaul.com\/tienda\/wp-json\/wp\/v2\/product_brand?post=1945"},{"taxonomy":"product_cat","embeddable":true,"href":"https:\/\/ctsaul.com\/tienda\/wp-json\/wp\/v2\/product_cat?post=1945"},{"taxonomy":"product_tag","embeddable":true,"href":"https:\/\/ctsaul.com\/tienda\/wp-json\/wp\/v2\/product_tag?post=1945"}],"curies":[{"name":"wp","href":"https:\/\/api.w.org\/{rel}","templated":true}]}}