{"id":1926,"date":"2025-05-17T15:39:31","date_gmt":"2025-05-17T20:39:31","guid":{"rendered":"https:\/\/ctsaul.com\/tienda\/?post_type=product&#038;p=1926"},"modified":"2025-05-27T10:03:55","modified_gmt":"2025-05-27T15:03:55","slug":"bala-de-audio-dahua-2mp","status":"publish","type":"product","link":"https:\/\/ctsaul.com\/tienda\/producto\/bala-de-audio-dahua-2mp\/","title":{"rendered":"BALA DE AUDIO DAHUA 2MP"},"content":{"rendered":"<h3>DAHUA DH-HAC-B1A21N-U-A &#8211; C\u00c1MARA AN\u00c1LOGA BULLET DE 2MP. LENTE 2.6mm \/ 80\u00b0 DE APERTURA VISI\u00d3N NOCTURNA IR 30Mts. AUDIO INCORPORADO. RESISTENCIA IP67. COMPATIBLE CON CVI\/TVI\/AHD\/CVBS<\/h3>\n<p><b>CARACTER\u00cdSTICAS PRINCIPALES:<\/b><\/p>\n<ul>\n<li>Resoluci\u00f3n de 2MP (1080p).<\/li>\n<li>Sensor CMOS de alto rendimiento.<\/li>\n<li>Audio incorporado a trav\u00e9s de HDCVI.<\/li>\n<li>Iluminaci\u00f3n infrarroja de 20 metros.<\/li>\n<li>Lente de 2.8 mm para amplio campo de visi\u00f3n.<\/li>\n<li>Certificaci\u00f3n IP67 (resistente al agua y polvo).<\/li>\n<li>Compatible con HDCVI, TVI, AHD y CVBS.<\/li>\n<\/ul>\n<p><b>ESPECIFICACIONES T\u00c9CNICAS:<\/b><\/p>\n<ul>\n<li><b>Sensor de imagen:<\/b>\u00a01\/2.7&#8243; CMOS<\/li>\n<li><b>Resoluci\u00f3n:<\/b>\u00a01920&#215;1080 (2MP)<\/li>\n<li><b>Iluminaci\u00f3n infrarroja:<\/b>\u00a0Hasta 20m<\/li>\n<li><b>Lente:<\/b>\u00a02.8 mm<\/li>\n<li><b>Formato de salida:<\/b>\u00a0HDCVI, AHD, TVI, CVBS<\/li>\n<li><b>Grado de protecci\u00f3n:<\/b>\u00a0IP67<\/li>\n<li><b>Alimentaci\u00f3n:<\/b>\u00a012V DC<\/li>\n<li><b>Consumo:<\/b>\u00a02.6W (m\u00e1x.)<\/li>\n<li><b>Temperatura de operaci\u00f3n:<\/b>\u00a0-40\u00b0C a 60\u00b0C<\/li>\n<\/ul>\n","protected":false},"excerpt":{"rendered":"<p>DAHUA DH-HAC-B1A21N-U-A &#8211; C\u00c1MARA AN\u00c1LOGA BULLET DE 2MP. LENTE 2.6mm \/ 80\u00b0 DE APERTURA VISI\u00d3N NOCTURNA IR 30Mts. AUDIO INCORPORADO. RESISTENCIA IP67. COMPATIBLE CON CVI\/TVI\/AHD\/CVBS CARACTER\u00cdSTICAS PRINCIPALES: Resoluci\u00f3n de 2MP (1080p). Sensor CMOS de alto rendimiento. Audio incorporado a trav\u00e9s de HDCVI. Iluminaci\u00f3n infrarroja de 20 metros. Lente de 2.8 mm para amplio campo de &hellip;<\/p>\n<p class=\"read-more\"> <a class=\" thunk-readmore button \" href=\"https:\/\/ctsaul.com\/tienda\/producto\/bala-de-audio-dahua-2mp\/\"> <span class=\"screen-reader-text\">BALA DE AUDIO DAHUA 2MP<\/span>Leer m\u00e1s<\/a><\/p>\n","protected":false},"featured_media":1927,"comment_status":"open","ping_status":"closed","template":"","meta":[],"product_brand":[107],"product_cat":[206,204],"product_tag":[],"class_list":{"0":"post-1926","1":"product","2":"type-product","3":"status-publish","4":"has-post-thumbnail","6":"product_brand-dahua","7":"product_cat-bala","8":"product_cat-camaras","9":"thunk-woo-product-list","10":"opn-qv-enable","11":"big-store-woo-hover-zoom","12":"open-single-product-tab-horizontal","13":"open-shadow-","14":"open-shadow-hover-","16":"first","17":"instock","18":"sale","19":"taxable","20":"shipping-taxable","21":"purchasable","22":"product-type-simple"},"_links":{"self":[{"href":"https:\/\/ctsaul.com\/tienda\/wp-json\/wp\/v2\/product\/1926","targetHints":{"allow":["GET"]}}],"collection":[{"href":"https:\/\/ctsaul.com\/tienda\/wp-json\/wp\/v2\/product"}],"about":[{"href":"https:\/\/ctsaul.com\/tienda\/wp-json\/wp\/v2\/types\/product"}],"replies":[{"embeddable":true,"href":"https:\/\/ctsaul.com\/tienda\/wp-json\/wp\/v2\/comments?post=1926"}],"wp:featuredmedia":[{"embeddable":true,"href":"https:\/\/ctsaul.com\/tienda\/wp-json\/wp\/v2\/media\/1927"}],"wp:attachment":[{"href":"https:\/\/ctsaul.com\/tienda\/wp-json\/wp\/v2\/media?parent=1926"}],"wp:term":[{"taxonomy":"product_brand","embeddable":true,"href":"https:\/\/ctsaul.com\/tienda\/wp-json\/wp\/v2\/product_brand?post=1926"},{"taxonomy":"product_cat","embeddable":true,"href":"https:\/\/ctsaul.com\/tienda\/wp-json\/wp\/v2\/product_cat?post=1926"},{"taxonomy":"product_tag","embeddable":true,"href":"https:\/\/ctsaul.com\/tienda\/wp-json\/wp\/v2\/product_tag?post=1926"}],"curies":[{"name":"wp","href":"https:\/\/api.w.org\/{rel}","templated":true}]}}