{"id":1924,"date":"2025-05-17T14:26:54","date_gmt":"2025-05-17T19:26:54","guid":{"rendered":"https:\/\/ctsaul.com\/tienda\/?post_type=product&#038;p=1924"},"modified":"2025-05-27T10:04:08","modified_gmt":"2025-05-27T15:04:08","slug":"domo-de-audio-dahua-2mp","status":"publish","type":"product","link":"https:\/\/ctsaul.com\/tienda\/producto\/domo-de-audio-dahua-2mp\/","title":{"rendered":"DOMO DE AUDIO DAHUA 2MP"},"content":{"rendered":"<ul>\n<li>\n<h3 class=\"title\" data-v-253bec56=\"\">DH-HAC-T1A21-UA<\/h3>\n<p class=\"text\" data-v-253bec56=\"\" data-gtm-vis-recent-on-screen10552706_181=\"717\" data-gtm-vis-first-on-screen10552706_181=\"717\" data-gtm-vis-total-visible-time10552706_181=\"100\" data-gtm-vis-has-fired10552706_181=\"1\" data-gtm-vis-recent-on-screen10552706_184=\"730\" data-gtm-vis-first-on-screen10552706_184=\"730\" data-gtm-vis-total-visible-time10552706_184=\"100\" data-gtm-vis-has-fired10552706_184=\"1\" data-gtm-vis-recent-on-screen10552706_192=\"746\" data-gtm-vis-first-on-screen10552706_192=\"746\" data-gtm-vis-total-visible-time10552706_192=\"100\" data-gtm-vis-has-fired10552706_192=\"1\" data-gtm-vis-recent-on-screen10552706_193=\"759\" data-gtm-vis-first-on-screen10552706_193=\"759\" data-gtm-vis-total-visible-time10552706_193=\"100\" data-gtm-vis-has-fired10552706_193=\"1\" data-gtm-vis-recent-on-screen10552706_194=\"772\" data-gtm-vis-first-on-screen10552706_194=\"772\" data-gtm-vis-total-visible-time10552706_194=\"100\" data-gtm-vis-has-fired10552706_194=\"1\" data-gtm-vis-recent-on-screen10552706_195=\"786\" data-gtm-vis-first-on-screen10552706_195=\"786\" data-gtm-vis-total-visible-time10552706_195=\"100\" data-gtm-vis-has-fired10552706_195=\"1\" data-gtm-vis-recent-on-screen10552706_196=\"788\" data-gtm-vis-first-on-screen10552706_196=\"788\" data-gtm-vis-total-visible-time10552706_196=\"100\" data-gtm-vis-has-fired10552706_196=\"1\" data-gtm-vis-recent-on-screen10552706_217=\"809\" data-gtm-vis-first-on-screen10552706_217=\"809\" data-gtm-vis-total-visible-time10552706_217=\"100\" data-gtm-vis-has-fired10552706_217=\"1\">C\u00e1mara de globo ocular de 2 MP con infrarrojos HDCVI y foco fijo<\/p>\n<div data-v-253bec56=\"\">\n<p data-gtm-vis-has-fired10552706_181=\"1\" data-gtm-vis-recent-on-screen10552706_184=\"732\" data-gtm-vis-first-on-screen10552706_184=\"732\" data-gtm-vis-total-visible-time10552706_184=\"100\" data-gtm-vis-has-fired10552706_184=\"1\" data-gtm-vis-recent-on-screen10552706_192=\"747\" data-gtm-vis-first-on-screen10552706_192=\"747\" data-gtm-vis-total-visible-time10552706_192=\"100\" data-gtm-vis-has-fired10552706_192=\"1\" data-gtm-vis-recent-on-screen10552706_193=\"760\" data-gtm-vis-first-on-screen10552706_193=\"760\" data-gtm-vis-total-visible-time10552706_193=\"100\" data-gtm-vis-has-fired10552706_193=\"1\" data-gtm-vis-recent-on-screen10552706_194=\"774\" data-gtm-vis-first-on-screen10552706_194=\"774\" data-gtm-vis-total-visible-time10552706_194=\"100\" data-gtm-vis-has-fired10552706_194=\"1\" data-gtm-vis-has-fired10552706_195=\"1\" data-gtm-vis-recent-on-screen10552706_196=\"794\" data-gtm-vis-first-on-screen10552706_196=\"794\" data-gtm-vis-total-visible-time10552706_196=\"100\" data-gtm-vis-has-fired10552706_196=\"1\" data-gtm-vis-recent-on-screen10552706_217=\"810\" data-gtm-vis-first-on-screen10552706_217=\"810\" data-gtm-vis-total-visible-time10552706_217=\"100\" data-gtm-vis-has-fired10552706_217=\"1\">&gt; M\u00e1x. 30 fps a 1080p<\/p>\n<p data-gtm-vis-has-fired10552706_181=\"1\" data-gtm-vis-recent-on-screen10552706_184=\"734\" data-gtm-vis-first-on-screen10552706_184=\"734\" data-gtm-vis-total-visible-time10552706_184=\"100\" data-gtm-vis-has-fired10552706_184=\"1\" data-gtm-vis-recent-on-screen10552706_192=\"749\" data-gtm-vis-first-on-screen10552706_192=\"749\" data-gtm-vis-total-visible-time10552706_192=\"100\" data-gtm-vis-has-fired10552706_192=\"1\" data-gtm-vis-recent-on-screen10552706_193=\"762\" data-gtm-vis-first-on-screen10552706_193=\"762\" data-gtm-vis-total-visible-time10552706_193=\"100\" data-gtm-vis-has-fired10552706_193=\"1\" data-gtm-vis-recent-on-screen10552706_194=\"775\" data-gtm-vis-first-on-screen10552706_194=\"775\" data-gtm-vis-total-visible-time10552706_194=\"100\" data-gtm-vis-has-fired10552706_194=\"1\" data-gtm-vis-has-fired10552706_195=\"1\" data-gtm-vis-recent-on-screen10552706_196=\"796\" data-gtm-vis-first-on-screen10552706_196=\"796\" data-gtm-vis-total-visible-time10552706_196=\"100\" data-gtm-vis-has-fired10552706_196=\"1\" data-gtm-vis-recent-on-screen10552706_217=\"811\" data-gtm-vis-first-on-screen10552706_217=\"811\" data-gtm-vis-total-visible-time10552706_217=\"100\" data-gtm-vis-has-fired10552706_217=\"1\">&gt; Micr\u00f3fono incorporado.<\/p>\n<p data-gtm-vis-has-fired10552706_181=\"1\" data-gtm-vis-recent-on-screen10552706_184=\"736\" data-gtm-vis-first-on-screen10552706_184=\"736\" data-gtm-vis-total-visible-time10552706_184=\"100\" data-gtm-vis-has-fired10552706_184=\"1\" data-gtm-vis-recent-on-screen10552706_192=\"751\" data-gtm-vis-first-on-screen10552706_192=\"751\" data-gtm-vis-total-visible-time10552706_192=\"100\" data-gtm-vis-has-fired10552706_192=\"1\" data-gtm-vis-recent-on-screen10552706_193=\"763\" data-gtm-vis-first-on-screen10552706_193=\"763\" data-gtm-vis-total-visible-time10552706_193=\"100\" data-gtm-vis-has-fired10552706_193=\"1\" data-gtm-vis-recent-on-screen10552706_194=\"776\" data-gtm-vis-first-on-screen10552706_194=\"776\" data-gtm-vis-total-visible-time10552706_194=\"100\" data-gtm-vis-has-fired10552706_194=\"1\" data-gtm-vis-has-fired10552706_195=\"1\" data-gtm-vis-recent-on-screen10552706_196=\"798\" data-gtm-vis-first-on-screen10552706_196=\"798\" data-gtm-vis-total-visible-time10552706_196=\"100\" data-gtm-vis-has-fired10552706_196=\"1\" data-gtm-vis-recent-on-screen10552706_217=\"812\" data-gtm-vis-first-on-screen10552706_217=\"812\" data-gtm-vis-total-visible-time10552706_217=\"100\" data-gtm-vis-has-fired10552706_217=\"1\">&gt; Iluminaci\u00f3n infrarroja inteligente<\/p>\n<p data-gtm-vis-has-fired10552706_181=\"1\" data-gtm-vis-recent-on-screen10552706_184=\"737\" data-gtm-vis-first-on-screen10552706_184=\"737\" data-gtm-vis-total-visible-time10552706_184=\"100\" data-gtm-vis-has-fired10552706_184=\"1\" data-gtm-vis-recent-on-screen10552706_192=\"752\" data-gtm-vis-first-on-screen10552706_192=\"752\" data-gtm-vis-total-visible-time10552706_192=\"100\" data-gtm-vis-has-fired10552706_192=\"1\" data-gtm-vis-recent-on-screen10552706_193=\"765\" data-gtm-vis-first-on-screen10552706_193=\"765\" data-gtm-vis-total-visible-time10552706_193=\"100\" data-gtm-vis-has-fired10552706_193=\"1\" data-gtm-vis-recent-on-screen10552706_194=\"777\" data-gtm-vis-first-on-screen10552706_194=\"777\" data-gtm-vis-total-visible-time10552706_194=\"100\" data-gtm-vis-has-fired10552706_194=\"1\" data-gtm-vis-has-fired10552706_195=\"1\" data-gtm-vis-recent-on-screen10552706_196=\"799\" data-gtm-vis-first-on-screen10552706_196=\"799\" data-gtm-vis-total-visible-time10552706_196=\"100\" data-gtm-vis-has-fired10552706_196=\"1\" data-gtm-vis-recent-on-screen10552706_217=\"813\" data-gtm-vis-first-on-screen10552706_217=\"813\" data-gtm-vis-total-visible-time10552706_217=\"100\" data-gtm-vis-has-fired10552706_217=\"1\">&gt; Distancia de iluminaci\u00f3n de 25 m.<\/p>\n<p data-gtm-vis-has-fired10552706_181=\"1\" data-gtm-vis-recent-on-screen10552706_184=\"740\" data-gtm-vis-first-on-screen10552706_184=\"740\" data-gtm-vis-total-visible-time10552706_184=\"100\" data-gtm-vis-has-fired10552706_184=\"1\" data-gtm-vis-recent-on-screen10552706_192=\"753\" data-gtm-vis-first-on-screen10552706_192=\"753\" data-gtm-vis-total-visible-time10552706_192=\"100\" data-gtm-vis-has-fired10552706_192=\"1\" data-gtm-vis-recent-on-screen10552706_193=\"767\" data-gtm-vis-first-on-screen10552706_193=\"767\" data-gtm-vis-total-visible-time10552706_193=\"100\" data-gtm-vis-has-fired10552706_193=\"1\" data-gtm-vis-recent-on-screen10552706_194=\"779\" data-gtm-vis-first-on-screen10552706_194=\"779\" data-gtm-vis-total-visible-time10552706_194=\"100\" data-gtm-vis-has-fired10552706_194=\"1\" data-gtm-vis-has-fired10552706_195=\"1\" data-gtm-vis-recent-on-screen10552706_196=\"800\" data-gtm-vis-first-on-screen10552706_196=\"800\" data-gtm-vis-total-visible-time10552706_196=\"100\" data-gtm-vis-has-fired10552706_196=\"1\" data-gtm-vis-recent-on-screen10552706_217=\"814\" data-gtm-vis-first-on-screen10552706_217=\"814\" data-gtm-vis-total-visible-time10552706_217=\"100\" data-gtm-vis-has-fired10552706_217=\"1\">&gt; El globo ocular de instalaci\u00f3n r\u00e1pida ahorra tiempo de instalaci\u00f3n.<\/p>\n<p data-gtm-vis-has-fired10552706_181=\"1\" data-gtm-vis-recent-on-screen10552706_184=\"741\" data-gtm-vis-first-on-screen10552706_184=\"741\" data-gtm-vis-total-visible-time10552706_184=\"100\" data-gtm-vis-has-fired10552706_184=\"1\" data-gtm-vis-recent-on-screen10552706_192=\"754\" data-gtm-vis-first-on-screen10552706_192=\"754\" data-gtm-vis-total-visible-time10552706_192=\"100\" data-gtm-vis-has-fired10552706_192=\"1\" data-gtm-vis-recent-on-screen10552706_193=\"768\" data-gtm-vis-first-on-screen10552706_193=\"768\" data-gtm-vis-total-visible-time10552706_193=\"100\" data-gtm-vis-has-fired10552706_193=\"1\" data-gtm-vis-recent-on-screen10552706_194=\"781\" data-gtm-vis-first-on-screen10552706_194=\"781\" data-gtm-vis-total-visible-time10552706_194=\"100\" data-gtm-vis-has-fired10552706_194=\"1\" data-gtm-vis-has-fired10552706_195=\"1\" data-gtm-vis-recent-on-screen10552706_196=\"801\" data-gtm-vis-first-on-screen10552706_196=\"801\" data-gtm-vis-total-visible-time10552706_196=\"100\" data-gtm-vis-has-fired10552706_196=\"1\" data-gtm-vis-recent-on-screen10552706_217=\"816\" data-gtm-vis-first-on-screen10552706_217=\"816\" data-gtm-vis-total-visible-time10552706_217=\"100\" data-gtm-vis-has-fired10552706_217=\"1\">&gt; Lente fija de 2,8 mm (3,6 mm opcional).<\/p>\n<p data-gtm-vis-has-fired10552706_181=\"1\" data-gtm-vis-recent-on-screen10552706_184=\"742\" data-gtm-vis-first-on-screen10552706_184=\"742\" data-gtm-vis-total-visible-time10552706_184=\"100\" data-gtm-vis-has-fired10552706_184=\"1\" data-gtm-vis-recent-on-screen10552706_192=\"755\" data-gtm-vis-first-on-screen10552706_192=\"755\" data-gtm-vis-total-visible-time10552706_192=\"100\" data-gtm-vis-has-fired10552706_192=\"1\" data-gtm-vis-recent-on-screen10552706_193=\"769\" data-gtm-vis-first-on-screen10552706_193=\"769\" data-gtm-vis-total-visible-time10552706_193=\"100\" data-gtm-vis-has-fired10552706_193=\"1\" data-gtm-vis-recent-on-screen10552706_194=\"782\" data-gtm-vis-first-on-screen10552706_194=\"782\" data-gtm-vis-total-visible-time10552706_194=\"100\" data-gtm-vis-has-fired10552706_194=\"1\" data-gtm-vis-has-fired10552706_195=\"1\" data-gtm-vis-recent-on-screen10552706_196=\"802\" data-gtm-vis-first-on-screen10552706_196=\"802\" data-gtm-vis-total-visible-time10552706_196=\"100\" data-gtm-vis-has-fired10552706_196=\"1\" data-gtm-vis-recent-on-screen10552706_217=\"817\" data-gtm-vis-first-on-screen10552706_217=\"817\" data-gtm-vis-total-visible-time10552706_217=\"100\" data-gtm-vis-has-fired10552706_217=\"1\">&gt; CVI\/CVBS\/AHD\/TVI conmutable.<\/p>\n<\/div>\n<\/li>\n<\/ul>\n","protected":false},"excerpt":{"rendered":"<p>DH-HAC-T1A21-UA C\u00e1mara de globo ocular de 2 MP con infrarrojos HDCVI y foco fijo &gt; M\u00e1x. 30 fps a 1080p &gt; Micr\u00f3fono incorporado. &gt; Iluminaci\u00f3n infrarroja inteligente &gt; Distancia de iluminaci\u00f3n de 25 m. &gt; El globo ocular de instalaci\u00f3n r\u00e1pida ahorra tiempo de instalaci\u00f3n. &gt; Lente fija de 2,8 mm (3,6 mm opcional). &gt; &hellip;<\/p>\n<p class=\"read-more\"> <a class=\" thunk-readmore button \" href=\"https:\/\/ctsaul.com\/tienda\/producto\/domo-de-audio-dahua-2mp\/\"> <span class=\"screen-reader-text\">DOMO DE AUDIO DAHUA 2MP<\/span>Leer m\u00e1s<\/a><\/p>\n","protected":false},"featured_media":1925,"comment_status":"open","ping_status":"closed","template":"","meta":[],"product_brand":[107],"product_cat":[204,205],"product_tag":[],"class_list":{"0":"post-1924","1":"product","2":"type-product","3":"status-publish","4":"has-post-thumbnail","6":"product_brand-dahua","7":"product_cat-camaras","8":"product_cat-domo","9":"thunk-woo-product-list","10":"opn-qv-enable","11":"big-store-woo-hover-zoom","12":"open-single-product-tab-horizontal","13":"open-shadow-","14":"open-shadow-hover-","16":"first","17":"instock","18":"sale","19":"taxable","20":"shipping-taxable","21":"purchasable","22":"product-type-simple"},"_links":{"self":[{"href":"https:\/\/ctsaul.com\/tienda\/wp-json\/wp\/v2\/product\/1924","targetHints":{"allow":["GET"]}}],"collection":[{"href":"https:\/\/ctsaul.com\/tienda\/wp-json\/wp\/v2\/product"}],"about":[{"href":"https:\/\/ctsaul.com\/tienda\/wp-json\/wp\/v2\/types\/product"}],"replies":[{"embeddable":true,"href":"https:\/\/ctsaul.com\/tienda\/wp-json\/wp\/v2\/comments?post=1924"}],"wp:featuredmedia":[{"embeddable":true,"href":"https:\/\/ctsaul.com\/tienda\/wp-json\/wp\/v2\/media\/1925"}],"wp:attachment":[{"href":"https:\/\/ctsaul.com\/tienda\/wp-json\/wp\/v2\/media?parent=1924"}],"wp:term":[{"taxonomy":"product_brand","embeddable":true,"href":"https:\/\/ctsaul.com\/tienda\/wp-json\/wp\/v2\/product_brand?post=1924"},{"taxonomy":"product_cat","embeddable":true,"href":"https:\/\/ctsaul.com\/tienda\/wp-json\/wp\/v2\/product_cat?post=1924"},{"taxonomy":"product_tag","embeddable":true,"href":"https:\/\/ctsaul.com\/tienda\/wp-json\/wp\/v2\/product_tag?post=1924"}],"curies":[{"name":"wp","href":"https:\/\/api.w.org\/{rel}","templated":true}]}}