{"id":1921,"date":"2025-05-17T11:50:36","date_gmt":"2025-05-17T16:50:36","guid":{"rendered":"https:\/\/ctsaul.com\/tienda\/?post_type=product&#038;p=1921"},"modified":"2025-05-27T10:04:22","modified_gmt":"2025-05-27T15:04:22","slug":"domo-1080-dahua","status":"publish","type":"product","link":"https:\/\/ctsaul.com\/tienda\/producto\/domo-1080-dahua\/","title":{"rendered":"DOMO 1080 DAHUA"},"content":{"rendered":"<h3>\u00a02 MEGAPIXEL 4 EN 1 1\/2,7&#8243; CMOS 1080P TIPO DOMO PLASTICO LENTE 3.6MM FOV 103\u00b0 DWDR IR 30M<\/p>\n<p>SKU: DH-HAC-T1A21N-U<\/p>\n<p>Caracter\u00edsticas<br \/>\nTecnolog\u00eda: 4 en 1,<br \/>\nTipo: C\u00e1maras Anal\u00f3gicas<br \/>\nSerie: Cooper U<br \/>\nMaterial: Pl\u00e1stica<br \/>\nResoluci\u00f3n: 1080p<br \/>\nLente: Lente Fijo<br \/>\nDistancia Focal: 3.6mm<br \/>\nCaracter\u00edsticas: IR,<br \/>\nSensor de Imagen: Sensor 1\/2.7&#8243;<br \/>\nIR: IR 30m<br \/>\nAlimentaci\u00f3n: 12VDC<br \/>\nConsumo: 2.3W<\/h3>\n","protected":false},"excerpt":{"rendered":"<p>\u00a02 MEGAPIXEL 4 EN 1 1\/2,7&#8243; CMOS 1080P TIPO DOMO PLASTICO LENTE 3.6MM FOV 103\u00b0 DWDR IR 30M SKU: DH-HAC-T1A21N-U Caracter\u00edsticas Tecnolog\u00eda: 4 en 1, Tipo: C\u00e1maras Anal\u00f3gicas Serie: Cooper U Material: Pl\u00e1stica Resoluci\u00f3n: 1080p Lente: Lente Fijo Distancia Focal: 3.6mm Caracter\u00edsticas: IR, Sensor de Imagen: Sensor 1\/2.7&#8243; IR: IR 30m Alimentaci\u00f3n: 12VDC Consumo: 2.3W<\/p>\n","protected":false},"featured_media":1922,"comment_status":"open","ping_status":"closed","template":"","meta":[],"product_brand":[107],"product_cat":[204,205],"product_tag":[],"class_list":{"0":"post-1921","1":"product","2":"type-product","3":"status-publish","4":"has-post-thumbnail","6":"product_brand-dahua","7":"product_cat-camaras","8":"product_cat-domo","9":"thunk-woo-product-list","10":"opn-qv-enable","11":"big-store-woo-hover-zoom","12":"open-single-product-tab-horizontal","13":"open-shadow-","14":"open-shadow-hover-","16":"first","17":"instock","18":"sale","19":"taxable","20":"shipping-taxable","21":"purchasable","22":"product-type-simple"},"_links":{"self":[{"href":"https:\/\/ctsaul.com\/tienda\/wp-json\/wp\/v2\/product\/1921","targetHints":{"allow":["GET"]}}],"collection":[{"href":"https:\/\/ctsaul.com\/tienda\/wp-json\/wp\/v2\/product"}],"about":[{"href":"https:\/\/ctsaul.com\/tienda\/wp-json\/wp\/v2\/types\/product"}],"replies":[{"embeddable":true,"href":"https:\/\/ctsaul.com\/tienda\/wp-json\/wp\/v2\/comments?post=1921"}],"wp:featuredmedia":[{"embeddable":true,"href":"https:\/\/ctsaul.com\/tienda\/wp-json\/wp\/v2\/media\/1922"}],"wp:attachment":[{"href":"https:\/\/ctsaul.com\/tienda\/wp-json\/wp\/v2\/media?parent=1921"}],"wp:term":[{"taxonomy":"product_brand","embeddable":true,"href":"https:\/\/ctsaul.com\/tienda\/wp-json\/wp\/v2\/product_brand?post=1921"},{"taxonomy":"product_cat","embeddable":true,"href":"https:\/\/ctsaul.com\/tienda\/wp-json\/wp\/v2\/product_cat?post=1921"},{"taxonomy":"product_tag","embeddable":true,"href":"https:\/\/ctsaul.com\/tienda\/wp-json\/wp\/v2\/product_tag?post=1921"}],"curies":[{"name":"wp","href":"https:\/\/api.w.org\/{rel}","templated":true}]}}