{"id":1914,"date":"2025-05-16T16:12:11","date_gmt":"2025-05-16T21:12:11","guid":{"rendered":"https:\/\/ctsaul.com\/tienda\/?post_type=product&#038;p=1914"},"modified":"2025-05-27T10:04:55","modified_gmt":"2025-05-27T15:04:55","slug":"bala-1080-dahua-interior-exterior","status":"publish","type":"product","link":"https:\/\/ctsaul.com\/tienda\/producto\/bala-1080-dahua-interior-exterior\/","title":{"rendered":"BALA 1080 DAHUA INTERIOR\/EXTERIOR"},"content":{"rendered":"<h3 class=\"title\">DAHUA HAC-B1A21N-U + DH-PFA12A Paquete de C\u00e1mara bullet de 2 MP, lente de 3.6 mm y \u00e1ngulo de visi\u00f3n de 80\u00b0. Visi\u00f3n nocturna IR de 30 m, resistencia IP67.<\/h3>\n<p class=\"ql-align-justify\">La DAHUA\u00a0<a target=\"_blank\">DH-HAC-B1A21N-U<\/a>\u00a0es una c\u00e1mara bullet de alta resoluci\u00f3n con 2 megap\u00edxeles, ofreciendo video de 1080p. Cuenta con un lente de 3.6 mm que proporciona un \u00e1ngulo de visi\u00f3n de 80\u00b0 y visi\u00f3n nocturna con IR. Es compatible con CVI, TVI, AHD y CVBS, lo que la hace vers\u00e1til para diversos sistemas de videovigilancia. Apta para exteriores. Esta c\u00e1mara es ideal para la vigilancia en hogares, negocios y \u00e1reas exteriores, garantizando una excelente calidad de imagen y fiabilidad en diversas condiciones.<\/p>\n<ul>\n<li class=\"ql-align-justify\">Resoluci\u00f3n m\u00e1xima:\u00a01080p a 30 fps<\/li>\n<li class=\"ql-align-justify\">Iluminaci\u00f3n IR:\u00a0Iluminaci\u00f3n inteligente para visi\u00f3n nocturna optimizada, hasta 30 metros<\/li>\n<li class=\"ql-align-justify\">Lente fija (3.6 mm):\u00a0Opciones de campo de visi\u00f3n precisas.<\/li>\n<li class=\"ql-align-justify\">Compatibilidad CVI\/CVBS\/AHD\/TVI:\u00a0Flexibilidad para integrarse con varios sistemas.<\/li>\n<li class=\"ql-align-justify\"><a target=\"_blank\">Protecci\u00f3n IP<\/a>:\u00a0Con protecci\u00f3n IP67 contra polvo y agua para exteriores.<\/li>\n<\/ul>\n","protected":false},"excerpt":{"rendered":"<p>DAHUA HAC-B1A21N-U + DH-PFA12A Paquete de C\u00e1mara bullet de 2 MP, lente de 3.6 mm y \u00e1ngulo de visi\u00f3n de 80\u00b0. Visi\u00f3n nocturna IR de 30 m, resistencia IP67. La DAHUA\u00a0DH-HAC-B1A21N-U\u00a0es una c\u00e1mara bullet de alta resoluci\u00f3n con 2 megap\u00edxeles, ofreciendo video de 1080p. Cuenta con un lente de 3.6 mm que proporciona un \u00e1ngulo &hellip;<\/p>\n<p class=\"read-more\"> <a class=\" thunk-readmore button \" href=\"https:\/\/ctsaul.com\/tienda\/producto\/bala-1080-dahua-interior-exterior\/\"> <span class=\"screen-reader-text\">BALA 1080 DAHUA INTERIOR\/EXTERIOR<\/span>Leer m\u00e1s<\/a><\/p>\n","protected":false},"featured_media":1915,"comment_status":"open","ping_status":"closed","template":"","meta":[],"product_brand":[107],"product_cat":[206,204],"product_tag":[],"class_list":{"0":"post-1914","1":"product","2":"type-product","3":"status-publish","4":"has-post-thumbnail","6":"product_brand-dahua","7":"product_cat-bala","8":"product_cat-camaras","9":"thunk-woo-product-list","10":"opn-qv-enable","11":"big-store-woo-hover-zoom","12":"open-single-product-tab-horizontal","13":"open-shadow-","14":"open-shadow-hover-","16":"first","17":"instock","18":"sale","19":"taxable","20":"shipping-taxable","21":"purchasable","22":"product-type-simple"},"_links":{"self":[{"href":"https:\/\/ctsaul.com\/tienda\/wp-json\/wp\/v2\/product\/1914","targetHints":{"allow":["GET"]}}],"collection":[{"href":"https:\/\/ctsaul.com\/tienda\/wp-json\/wp\/v2\/product"}],"about":[{"href":"https:\/\/ctsaul.com\/tienda\/wp-json\/wp\/v2\/types\/product"}],"replies":[{"embeddable":true,"href":"https:\/\/ctsaul.com\/tienda\/wp-json\/wp\/v2\/comments?post=1914"}],"wp:featuredmedia":[{"embeddable":true,"href":"https:\/\/ctsaul.com\/tienda\/wp-json\/wp\/v2\/media\/1915"}],"wp:attachment":[{"href":"https:\/\/ctsaul.com\/tienda\/wp-json\/wp\/v2\/media?parent=1914"}],"wp:term":[{"taxonomy":"product_brand","embeddable":true,"href":"https:\/\/ctsaul.com\/tienda\/wp-json\/wp\/v2\/product_brand?post=1914"},{"taxonomy":"product_cat","embeddable":true,"href":"https:\/\/ctsaul.com\/tienda\/wp-json\/wp\/v2\/product_cat?post=1914"},{"taxonomy":"product_tag","embeddable":true,"href":"https:\/\/ctsaul.com\/tienda\/wp-json\/wp\/v2\/product_tag?post=1914"}],"curies":[{"name":"wp","href":"https:\/\/api.w.org\/{rel}","templated":true}]}}