{"id":1911,"date":"2025-05-15T17:37:04","date_gmt":"2025-05-15T22:37:04","guid":{"rendered":"https:\/\/ctsaul.com\/tienda\/?post_type=product&#038;p=1911"},"modified":"2025-05-27T10:13:19","modified_gmt":"2025-05-27T15:13:19","slug":"dahua-domo-2mp-full-color","status":"publish","type":"product","link":"https:\/\/ctsaul.com\/tienda\/producto\/dahua-domo-2mp-full-color\/","title":{"rendered":"DAHUA DOMO 2MP FULL COLOR"},"content":{"rendered":"<p>Tipo: C\u00e1maras Anal\u00f3gicas<br \/>\nSerie: Full-Color<br \/>\nModelo: Domo Torreta,<br \/>\nMaterial: Metal\/Pl\u00e1stica<br \/>\nResoluci\u00f3n: 1080p<br \/>\nLente: Lente Fijo<br \/>\nDistancia Focal: 2.8mm<br \/>\nCaracter\u00edsticas: DWDR, OSD,<br \/>\nSensor de Imagen: Sensor 1\/2.8&#8243;<br \/>\nLED: LED 20m<br \/>\nProtecci\u00f3n: IP67,<br \/>\nAlimentaci\u00f3n: 12VDC<br \/>\nConsumo: 3.0W<br \/>\nFuente de Poder M\u00ednima: 0.74A<\/p>\n","protected":false},"excerpt":{"rendered":"<p>Tipo: C\u00e1maras Anal\u00f3gicas Serie: Full-Color Modelo: Domo Torreta, Material: Metal\/Pl\u00e1stica Resoluci\u00f3n: 1080p Lente: Lente Fijo Distancia Focal: 2.8mm Caracter\u00edsticas: DWDR, OSD, Sensor de Imagen: Sensor 1\/2.8&#8243; LED: LED 20m Protecci\u00f3n: IP67, Alimentaci\u00f3n: 12VDC Consumo: 3.0W Fuente de Poder M\u00ednima: 0.74A<\/p>\n","protected":false},"featured_media":1913,"comment_status":"open","ping_status":"closed","template":"","meta":[],"product_brand":[107],"product_cat":[204,205],"product_tag":[],"class_list":{"0":"post-1911","1":"product","2":"type-product","3":"status-publish","4":"has-post-thumbnail","6":"product_brand-dahua","7":"product_cat-camaras","8":"product_cat-domo","9":"thunk-woo-product-list","10":"opn-qv-enable","11":"big-store-woo-hover-zoom","12":"open-single-product-tab-horizontal","13":"open-shadow-","14":"open-shadow-hover-","16":"first","17":"instock","18":"sale","19":"taxable","20":"shipping-taxable","21":"purchasable","22":"product-type-simple"},"_links":{"self":[{"href":"https:\/\/ctsaul.com\/tienda\/wp-json\/wp\/v2\/product\/1911","targetHints":{"allow":["GET"]}}],"collection":[{"href":"https:\/\/ctsaul.com\/tienda\/wp-json\/wp\/v2\/product"}],"about":[{"href":"https:\/\/ctsaul.com\/tienda\/wp-json\/wp\/v2\/types\/product"}],"replies":[{"embeddable":true,"href":"https:\/\/ctsaul.com\/tienda\/wp-json\/wp\/v2\/comments?post=1911"}],"wp:featuredmedia":[{"embeddable":true,"href":"https:\/\/ctsaul.com\/tienda\/wp-json\/wp\/v2\/media\/1913"}],"wp:attachment":[{"href":"https:\/\/ctsaul.com\/tienda\/wp-json\/wp\/v2\/media?parent=1911"}],"wp:term":[{"taxonomy":"product_brand","embeddable":true,"href":"https:\/\/ctsaul.com\/tienda\/wp-json\/wp\/v2\/product_brand?post=1911"},{"taxonomy":"product_cat","embeddable":true,"href":"https:\/\/ctsaul.com\/tienda\/wp-json\/wp\/v2\/product_cat?post=1911"},{"taxonomy":"product_tag","embeddable":true,"href":"https:\/\/ctsaul.com\/tienda\/wp-json\/wp\/v2\/product_tag?post=1911"}],"curies":[{"name":"wp","href":"https:\/\/api.w.org\/{rel}","templated":true}]}}