{"id":1903,"date":"2025-05-14T15:35:15","date_gmt":"2025-05-14T20:35:15","guid":{"rendered":"https:\/\/ctsaul.com\/tienda\/?post_type=product&#038;p=1903"},"modified":"2025-05-27T10:17:39","modified_gmt":"2025-05-27T15:17:39","slug":"domo-hikvision-ds-2ce71d0t-pirlpo-exterior-interior","status":"publish","type":"product","link":"https:\/\/ctsaul.com\/tienda\/producto\/domo-hikvision-ds-2ce71d0t-pirlpo-exterior-interior\/","title":{"rendered":"DOMO HIKVISION DS-2CE71D0T &#8211; PIRLPO EXTERIOR\/INTERIOR"},"content":{"rendered":"<h1 class=\"product_title entry-title\"><span>C\u00e1mara de torreta fija Hikvision DS-2CE71D0T-PIRLPO de 2 MP con infrarrojos de 20 m<\/span><\/h1>\n<p><strong><span>Funci\u00f3n inteligente:<\/span><\/strong><br \/>\n<span>Detecci\u00f3n de movimiento 2.0 basada en aprendizaje profundo.<\/span><br \/>\n<strong><span>Compresi\u00f3n y grabaci\u00f3n.<\/span><\/strong><br \/>\n<span>La compresi\u00f3n de video H.265 Pro+ mejora la eficiencia de codificaci\u00f3n y\u00a0<\/span><strong><span>reduce los costos de almacenamiento de datos.<\/span><\/strong><br \/>\n<span>Compatible con 1080p Lite en todos los canales. Cuando 1080p Lite est\u00e1 activado, el efecto de imagen es similar al de 1080p.<\/span><br \/>\n<strong><span>Almacenamiento y reproducci\u00f3n<\/span><\/strong><br \/>\n<span>: 1 interfaz SATA (hasta 4 TB de capacidad).<\/span><br \/>\n<span>B\u00fasqueda inteligente para una reproducci\u00f3n eficiente.<\/span><br \/>\n<strong><span>Acceso a red y Ethernet.<\/span><\/strong><br \/>\n<span>Hik-Connect y DDNS (Sistema Din\u00e1mico de Nombres de Dominio) para una f\u00e1cil gesti\u00f3n de la red.<\/span><\/p>\n<p><strong><span>Sensor de imagen de la c\u00e1mara<\/span><\/strong><br \/>\n<span>CMOS de 2 MP<\/span><br \/>\n<span>Sistema de se\u00f1al PAL\/NTSC<\/span><br \/>\n<span>Velocidad de cuadros TVI: 1080P a 25 fps, 1080P a 30 fps<\/span><br \/>\n<span>Resoluci\u00f3n 1920 (H) \u00d7 1080 (V)<\/span><br \/>\n<span>M\u00edn. Iluminaci\u00f3n 0,01 Lux a (F1.2, AGC ON), 0 Lux con IR<\/span><br \/>\n<span>Tiempo de obturaci\u00f3n<\/span><br \/>\n<span>PAL: 1\/25 s a 1\/50 000 s<\/span><br \/>\n<span>NTSC: 1\/30 s a 1\/50 000 s<\/span><br \/>\n<span>Lente Lente fija de 2,8 mm, 3,6 mm<\/span><br \/>\n<span>Campo de visi\u00f3n 2,8 mm, campo de visi\u00f3n horizontal: 103\u00b0, campo de visi\u00f3n vertical: 56\u00b0, campo de visi\u00f3n diagonal: 122\u00b0<\/span><br \/>\n<span>3,6 mm, campo de visi\u00f3n horizontal: 82,2\u00b0, campo de visi\u00f3n vertical: 44\u00b0, campo de visi\u00f3n diagonal: 94\u00b0<\/span><br \/>\n<span>Montura de lente M12<\/span><br \/>\n<span>Luz estrobosc\u00f3pica Alarma S\u00ed<\/span><br \/>\n<span>D\u00eda y noche ICR<\/span><br \/>\n<span>WDR WDR digital<\/span><br \/>\n<span>Ajuste de \u00e1ngulo Panor\u00e1mica: 0\u00b0 a 360\u00b0, Inclinaci\u00f3n: 0\u00b0 a 75\u00b0, Rotaci\u00f3n: 0\u00b0 a 360\u00b0<\/span><\/p>\n<p><strong><span>Men\u00fa<\/span><\/strong><br \/>\n<span>Luz blanca AUTO\/OFF<\/span><br \/>\n<span>Modo de imagen STD\/HIGH-SAT<\/span><br \/>\n<span>AGC S\u00ed<\/span><br \/>\n<span>Modo D\u00eda\/Noche Auto\/Color\/BW (Blanco y negro)<\/span><br \/>\n<span>Balance de blancos Auto\/Manual<\/span><br \/>\n<span>Modo AE (Exposici\u00f3n autom\u00e1tica) DWDR\/BLC\/HLC\/Global<\/span><br \/>\n<span>Reducci\u00f3n de ruido 2D DNR<\/span><br \/>\n<span>Idioma Ingl\u00e9s<\/span><br \/>\n<span>Funciones Brillo, Nitidez, Espejo, Smart IR<\/span><br \/>\n<span>Interfaz<\/span><br \/>\n<span>Salida de v\u00eddeo 1 salida anal\u00f3gica HD<\/span><br \/>\n<span>Alarma 1 salida de alarma<\/span><\/p>\n<p><span>Condiciones\u00a0<strong>generales<\/strong><\/span><br \/>\n<span>de funcionamiento -40 \u00b0C a 60 \u00b0C (-40 \u00b0F a 140 \u00b0F), humedad: 90 % o menos (sin condensaci\u00f3n) Fuente de alimentaci\u00f3n 12 VCC \u00b1 25 %<\/span><br \/>\n<span>Consumo de energ\u00eda M\u00e1x. 2,9 W<\/span><br \/>\n<span>Protecci\u00f3n de entrada IP67<\/span><br \/>\n<span>Material Pl\u00e1stico<\/span><br \/>\n<span>Alcance de IR Hasta 20 m<\/span><br \/>\n<span>\u00c1ngulo y alcance de PIR \u00c1ngulo: 110\u00b0, Alcance: 11 m<\/span><br \/>\n<span>Alcance de luz blanca Hasta 20 m<\/span><br \/>\n<span>Comunicaci\u00f3n HIKVISION-C<\/span><br \/>\n<span>Dimensiones \u03a6 109,8 mm \u00d7 89,75 mm (\u03a6 4,32\u2033 \u00d7 3,53\u2033)<\/span><br \/>\n<span>Peso Aprox. 237 g (0,52 lb)<\/span><\/p>\n<p><strong><span>Modelo de pedido<\/span><\/strong><br \/>\n<span>DS-2CE71D0T-PIRLPO<\/span><\/p>\n","protected":false},"excerpt":{"rendered":"<p>C\u00e1mara de torreta fija Hikvision DS-2CE71D0T-PIRLPO de 2 MP con infrarrojos de 20 m Funci\u00f3n inteligente: Detecci\u00f3n de movimiento 2.0 basada en aprendizaje profundo. Compresi\u00f3n y grabaci\u00f3n. La compresi\u00f3n de video H.265 Pro+ mejora la eficiencia de codificaci\u00f3n y\u00a0reduce los costos de almacenamiento de datos. Compatible con 1080p Lite en todos los canales. Cuando 1080p &hellip;<\/p>\n<p class=\"read-more\"> <a class=\" thunk-readmore button \" href=\"https:\/\/ctsaul.com\/tienda\/producto\/domo-hikvision-ds-2ce71d0t-pirlpo-exterior-interior\/\"> <span class=\"screen-reader-text\">DOMO HIKVISION DS-2CE71D0T &#8211; PIRLPO EXTERIOR\/INTERIOR<\/span>Leer m\u00e1s<\/a><\/p>\n","protected":false},"featured_media":1904,"comment_status":"open","ping_status":"closed","template":"","meta":[],"product_brand":[114],"product_cat":[204],"product_tag":[],"class_list":{"0":"post-1903","1":"product","2":"type-product","3":"status-publish","4":"has-post-thumbnail","6":"product_brand-hikvision","7":"product_cat-camaras","8":"thunk-woo-product-list","9":"opn-qv-enable","10":"big-store-woo-hover-zoom","11":"open-single-product-tab-horizontal","12":"open-shadow-","13":"open-shadow-hover-","15":"first","16":"instock","17":"sale","18":"taxable","19":"shipping-taxable","20":"purchasable","21":"product-type-simple"},"_links":{"self":[{"href":"https:\/\/ctsaul.com\/tienda\/wp-json\/wp\/v2\/product\/1903","targetHints":{"allow":["GET"]}}],"collection":[{"href":"https:\/\/ctsaul.com\/tienda\/wp-json\/wp\/v2\/product"}],"about":[{"href":"https:\/\/ctsaul.com\/tienda\/wp-json\/wp\/v2\/types\/product"}],"replies":[{"embeddable":true,"href":"https:\/\/ctsaul.com\/tienda\/wp-json\/wp\/v2\/comments?post=1903"}],"wp:featuredmedia":[{"embeddable":true,"href":"https:\/\/ctsaul.com\/tienda\/wp-json\/wp\/v2\/media\/1904"}],"wp:attachment":[{"href":"https:\/\/ctsaul.com\/tienda\/wp-json\/wp\/v2\/media?parent=1903"}],"wp:term":[{"taxonomy":"product_brand","embeddable":true,"href":"https:\/\/ctsaul.com\/tienda\/wp-json\/wp\/v2\/product_brand?post=1903"},{"taxonomy":"product_cat","embeddable":true,"href":"https:\/\/ctsaul.com\/tienda\/wp-json\/wp\/v2\/product_cat?post=1903"},{"taxonomy":"product_tag","embeddable":true,"href":"https:\/\/ctsaul.com\/tienda\/wp-json\/wp\/v2\/product_tag?post=1903"}],"curies":[{"name":"wp","href":"https:\/\/api.w.org\/{rel}","templated":true}]}}