{"id":1899,"date":"2025-05-14T14:08:18","date_gmt":"2025-05-14T19:08:18","guid":{"rendered":"https:\/\/ctsaul.com\/tienda\/?post_type=product&#038;p=1899"},"modified":"2025-05-27T10:17:57","modified_gmt":"2025-05-27T15:17:57","slug":"bala-2mp-hikvision-interna-externa","status":"publish","type":"product","link":"https:\/\/ctsaul.com\/tienda\/producto\/bala-2mp-hikvision-interna-externa\/","title":{"rendered":"BALA 2MP HIKVISION INTERNA\/EXTERNA"},"content":{"rendered":"<ul class=\"tech-specs-items-description\" data-target=\"Camera\">\n<li class=\"tech-specs-items-description-list\"><span class=\"tech-specs-items-description__title\">Sensor de imagen<\/span><span class=\"tech-specs-items-description__title-details\">2 MP CMOS<\/span><\/li>\n<li class=\"tech-specs-items-description-list\"><span class=\"tech-specs-items-description__title\">Max. Resoluci\u00f3n<\/span><span class=\"tech-specs-items-description__title-details\">1920 (H) \u00d7 1080 (V)<\/span><\/li>\n<li class=\"tech-specs-items-description-list\"><span class=\"tech-specs-items-description__title\">Iluminaci\u00f3n m\u00ednima<\/span><span class=\"tech-specs-items-description__title-details\">0.01 Lux @ (F2.0, AGC ON), 0 Lux with IR<\/span><\/li>\n<li class=\"tech-specs-items-description-list\"><span class=\"tech-specs-items-description__title\">Tiempo de obturaci\u00f3n<\/span><span class=\"tech-specs-items-description__title-details\">PAL: 1\/25 s to 1\/50,000 s NTSC: 1\/30 s to 1\/50,000 s<\/span><\/li>\n<li class=\"tech-specs-items-description-list\"><span class=\"tech-specs-items-description__title\">D\u00eda y Noche<\/span><span class=\"tech-specs-items-description__title-details\">ICR<\/span><\/li>\n<li class=\"tech-specs-items-description-list\"><span class=\"tech-specs-items-description__title\">Ajuste de \u00e1ngulo<\/span><span class=\"tech-specs-items-description__title-details\">Pan: 0 to 360\u00b0, Tilt: 0 to 90\u00b0, Rotation: 0 to 360\u00b0<\/span><\/li>\n<li class=\"tech-specs-items-description-list\"><span class=\"tech-specs-items-description__title\">Se\u00f1al del sistema<\/span><span class=\"tech-specs-items-description__title-details\">PAL\/NTSC<\/span><\/li>\n<\/ul>\n<ul class=\"tech-specs-items-description\" data-target=\"Lens\">\n<li class=\"tech-specs-items-description-list\"><span class=\"tech-specs-items-description__title--heading\">Lente<\/span><\/li>\n<li class=\"tech-specs-items-description-list\"><span class=\"tech-specs-items-description__title\">Lente<\/span><span class=\"tech-specs-items-description__title-details\">2.8 mm, 3.6 mm, 6 mm fixed lens<\/span><\/li>\n<li class=\"tech-specs-items-description-list\"><span class=\"tech-specs-items-description__title\">Focal Length &amp; FOV<\/span>\n<p class=\"mb-p\">2.8 mm, horizontal FOV: 101\u00b0, vertical FOV: 60\u00b0, diagonal FOV: 122\u00b0<\/p>\n<p class=\"mb-p\">3.6 mm, horizontal FOV: 79.6\u00b0, vertical FOV: 43.5\u00b0, diagonal FOV: 93.7\u00b0<\/p>\n<p class=\"mb-p\">6 mm, horizontal FOV: 51.9\u00b0, vertical FOV: 30\u00b0, diagonal FOV: 58.8\u00b0<\/p>\n<\/li>\n<li class=\"tech-specs-items-description-list\"><span class=\"tech-specs-items-description__title\">Montura del lente<\/span><span class=\"tech-specs-items-description__title-details\">M12<\/span><\/li>\n<\/ul>\n<ul class=\"tech-specs-items-description\" data-target=\"Image\">\n<li class=\"tech-specs-items-description-list\"><span class=\"tech-specs-items-description__title--heading\">Imagen<\/span><\/li>\n<li class=\"tech-specs-items-description-list\"><span class=\"tech-specs-items-description__title\">Interruptor de par\u00e1metros de imagen<\/span><span class=\"tech-specs-items-description__title-details\">STD\/HIGH-SAT<\/span><\/li>\n<li class=\"tech-specs-items-description-list\"><span class=\"tech-specs-items-description__title\">Configuraci\u00f3n de imagen<\/span><span class=\"tech-specs-items-description__title-details\">Brightness, Sharpness, Smart IR<\/span><\/li>\n<li class=\"tech-specs-items-description-list\"><span class=\"tech-specs-items-description__title\">Frame Rate<\/span><span class=\"tech-specs-items-description__title-details\">TVI: 1080P@30fps, 1080P@25fps CVI: 1080P@30fps, 1080P@25fps AHD: 1080P@30fps, 1080P@25fps CVBS: PAL\/NTSC<\/span><\/li>\n<li class=\"tech-specs-items-description-list\"><span class=\"tech-specs-items-description__title\">Modo d\u00eda\/noche<\/span><span class=\"tech-specs-items-description__title-details\">Auto\/Color\/BW (Black and White)<\/span><\/li>\n<li class=\"tech-specs-items-description-list\"><span class=\"tech-specs-items-description__title\">Wide Dynamic Range (WDR)<\/span><span class=\"tech-specs-items-description__title-details\">Digital WDR<\/span><\/li>\n<li class=\"tech-specs-items-description-list\"><span class=\"tech-specs-items-description__title\">Mejora de la imagen<\/span><span class=\"tech-specs-items-description__title-details\">BLC, HLC<\/span><\/li>\n<li class=\"tech-specs-items-description-list\"><span class=\"tech-specs-items-description__title\">Balance de blancos<\/span><span class=\"tech-specs-items-description__title-details\">Auto\/Manual<\/span><\/li>\n<li class=\"tech-specs-items-description-list\"><span class=\"tech-specs-items-description__title\">AGC<\/span><span class=\"tech-specs-items-description__title-details\">Yes<\/span><\/li>\n<\/ul>\n<ul class=\"tech-specs-items-description\" data-target=\"Interface\">\n<li class=\"tech-specs-items-description-list\"><span class=\"tech-specs-items-description__title--heading\">Interfaz<\/span><\/li>\n<li class=\"tech-specs-items-description-list\"><span class=\"tech-specs-items-description__title\">Salida de V\u00eddeo<\/span><span class=\"tech-specs-items-description__title-details\">Switchable TVI\/AHD\/CVI\/CVBS<\/span><\/li>\n<\/ul>\n<ul class=\"tech-specs-items-description\" data-target=\"General\">\n<li class=\"tech-specs-items-description-list\"><span class=\"tech-specs-items-description__title--heading\">General<\/span><\/li>\n<li class=\"tech-specs-items-description-list\"><span class=\"tech-specs-items-description__title\">Material<\/span><span class=\"tech-specs-items-description__title-details\">Plastic<\/span><\/li>\n<li class=\"tech-specs-items-description-list\"><span class=\"tech-specs-items-description__title\">Dimensi\u00f3n<\/span><span class=\"tech-specs-items-description__title-details\">\u03a6 70 mm \u00d7 137.8 mm (\u03a6 2.76&#8243; \u00d7 5.43&#8243;)<\/span><\/li>\n<li class=\"tech-specs-items-description-list\"><span class=\"tech-specs-items-description__title-details\">Approx. 150 g (0.33 lb.)<\/span><\/li>\n<li class=\"tech-specs-items-description-list\"><span class=\"tech-specs-items-description__title\">Operating Condition<\/span><span class=\"tech-specs-items-description__title-details\">\u2018-40 \u00b0C to 60 \u00b0C (-40 \u00b0F to 140 \u00b0F), humidity: 90% or less (non-condensation)<\/span><\/li>\n<li class=\"tech-specs-items-description-list\"><span class=\"tech-specs-items-description__title\">Comunicaci\u00f3n<\/span><span class=\"tech-specs-items-description__title-details\">HIKVISION-C<\/span><\/li>\n<li class=\"tech-specs-items-description-list\"><span class=\"tech-specs-items-description__title\">Idioma<\/span><span class=\"tech-specs-items-description__title-details\">English<\/span><\/li>\n<li class=\"tech-specs-items-description-list\"><span class=\"tech-specs-items-description__title\">Fuente de alimentaci\u00f3n<\/span><span class=\"tech-specs-items-description__title-details\">12 VDC \u00b1 25%<\/span><\/li>\n<li class=\"tech-specs-items-description-list\"><span class=\"tech-specs-items-description__title\">Consumo<\/span><span class=\"tech-specs-items-description__title-details\">Max. 2.2 W<\/span><\/li>\n<li class=\"tech-specs-items-description-list\"><span class=\"tech-specs-items-description__title\">Rango IR<\/span><span class=\"tech-specs-items-description__title-details\">Up to 20 m<\/span><\/li>\n<\/ul>\n<ul class=\"tech-specs-items-description\" data-target=\"Approval\">\n<li class=\"tech-specs-items-description-list\"><span class=\"tech-specs-items-description__title--heading\">Certificaciones<\/span><\/li>\n<li class=\"tech-specs-items-description-list\"><span class=\"tech-specs-items-description__title\">Protecci\u00f3n<\/span><span class=\"tech-specs-items-description__title-details\">IP67<\/span><\/li>\n<\/ul>\n","protected":false},"excerpt":{"rendered":"<p>Sensor de imagen2 MP CMOS Max. Resoluci\u00f3n1920 (H) \u00d7 1080 (V) Iluminaci\u00f3n m\u00ednima0.01 Lux @ (F2.0, AGC ON), 0 Lux with IR Tiempo de obturaci\u00f3nPAL: 1\/25 s to 1\/50,000 s NTSC: 1\/30 s to 1\/50,000 s D\u00eda y NocheICR Ajuste de \u00e1nguloPan: 0 to 360\u00b0, Tilt: 0 to 90\u00b0, Rotation: 0 to 360\u00b0 Se\u00f1al del &hellip;<\/p>\n<p class=\"read-more\"> <a class=\" thunk-readmore button \" href=\"https:\/\/ctsaul.com\/tienda\/producto\/bala-2mp-hikvision-interna-externa\/\"> <span class=\"screen-reader-text\">BALA 2MP HIKVISION INTERNA\/EXTERNA<\/span>Leer m\u00e1s<\/a><\/p>\n","protected":false},"featured_media":1900,"comment_status":"open","ping_status":"closed","template":"","meta":[],"product_brand":[114],"product_cat":[206,204],"product_tag":[],"class_list":{"0":"post-1899","1":"product","2":"type-product","3":"status-publish","4":"has-post-thumbnail","6":"product_brand-hikvision","7":"product_cat-bala","8":"product_cat-camaras","9":"thunk-woo-product-list","10":"opn-qv-enable","11":"big-store-woo-hover-zoom","12":"open-single-product-tab-horizontal","13":"open-shadow-","14":"open-shadow-hover-","16":"first","17":"instock","18":"sale","19":"taxable","20":"shipping-taxable","21":"purchasable","22":"product-type-simple"},"_links":{"self":[{"href":"https:\/\/ctsaul.com\/tienda\/wp-json\/wp\/v2\/product\/1899","targetHints":{"allow":["GET"]}}],"collection":[{"href":"https:\/\/ctsaul.com\/tienda\/wp-json\/wp\/v2\/product"}],"about":[{"href":"https:\/\/ctsaul.com\/tienda\/wp-json\/wp\/v2\/types\/product"}],"replies":[{"embeddable":true,"href":"https:\/\/ctsaul.com\/tienda\/wp-json\/wp\/v2\/comments?post=1899"}],"wp:featuredmedia":[{"embeddable":true,"href":"https:\/\/ctsaul.com\/tienda\/wp-json\/wp\/v2\/media\/1900"}],"wp:attachment":[{"href":"https:\/\/ctsaul.com\/tienda\/wp-json\/wp\/v2\/media?parent=1899"}],"wp:term":[{"taxonomy":"product_brand","embeddable":true,"href":"https:\/\/ctsaul.com\/tienda\/wp-json\/wp\/v2\/product_brand?post=1899"},{"taxonomy":"product_cat","embeddable":true,"href":"https:\/\/ctsaul.com\/tienda\/wp-json\/wp\/v2\/product_cat?post=1899"},{"taxonomy":"product_tag","embeddable":true,"href":"https:\/\/ctsaul.com\/tienda\/wp-json\/wp\/v2\/product_tag?post=1899"}],"curies":[{"name":"wp","href":"https:\/\/api.w.org\/{rel}","templated":true}]}}