{"id":1895,"date":"2025-05-14T11:46:09","date_gmt":"2025-05-14T16:46:09","guid":{"rendered":"https:\/\/ctsaul.com\/tienda\/?post_type=product&#038;p=1895"},"modified":"2025-05-27T10:18:28","modified_gmt":"2025-05-27T15:18:28","slug":"domo-2mp-hikvision-interna-externa","status":"publish","type":"product","link":"https:\/\/ctsaul.com\/tienda\/producto\/domo-2mp-hikvision-interna-externa\/","title":{"rendered":"DOMO 2MP HIKVISION INTERNA\/EXTERNA"},"content":{"rendered":"<p>&#8211; Resoluci\u00f3n HD-TVI 1080p (1920X1080)<br \/>\n&#8211; 2mpx Sensor de Imagen CMOS<br \/>\n&#8211; Sistema de se\u00f1al: PAL \/ NTSC<br \/>\n&#8211; Iluminaci\u00f3n: 0.1Lux@F1.2\/0Lux IR On<br \/>\n&#8211; Lente: 2.8mm<br \/>\n&#8211; DNR, Smart IR, BLC<br \/>\n&#8211; 1 Salida anal\u00f3gica de alta definici\u00f3n<br \/>\n&#8211; Rango IR hasta 20m<br \/>\n&#8211; Alimentaci\u00f3n: 12 VDC+\/-15%, m\u00e1x 4W<br \/>\n&#8211; Dim: 89,6&#215;59,1 mm<\/p>\n","protected":false},"excerpt":{"rendered":"<p>&#8211; Resoluci\u00f3n HD-TVI 1080p (1920X1080) &#8211; 2mpx Sensor de Imagen CMOS &#8211; Sistema de se\u00f1al: PAL \/ NTSC &#8211; Iluminaci\u00f3n: 0.1Lux@F1.2\/0Lux IR On &#8211; Lente: 2.8mm &#8211; DNR, Smart IR, BLC &#8211; 1 Salida anal\u00f3gica de alta definici\u00f3n &#8211; Rango IR hasta 20m &#8211; Alimentaci\u00f3n: 12 VDC+\/-15%, m\u00e1x 4W &#8211; Dim: 89,6&#215;59,1 mm<\/p>\n","protected":false},"featured_media":1897,"comment_status":"open","ping_status":"closed","template":"","meta":[],"product_brand":[114],"product_cat":[204,205],"product_tag":[],"class_list":{"0":"post-1895","1":"product","2":"type-product","3":"status-publish","4":"has-post-thumbnail","6":"product_brand-hikvision","7":"product_cat-camaras","8":"product_cat-domo","9":"thunk-woo-product-list","10":"opn-qv-enable","11":"big-store-woo-hover-zoom","12":"open-single-product-tab-horizontal","13":"open-shadow-","14":"open-shadow-hover-","16":"first","17":"instock","18":"sale","19":"taxable","20":"shipping-taxable","21":"purchasable","22":"product-type-simple"},"_links":{"self":[{"href":"https:\/\/ctsaul.com\/tienda\/wp-json\/wp\/v2\/product\/1895","targetHints":{"allow":["GET"]}}],"collection":[{"href":"https:\/\/ctsaul.com\/tienda\/wp-json\/wp\/v2\/product"}],"about":[{"href":"https:\/\/ctsaul.com\/tienda\/wp-json\/wp\/v2\/types\/product"}],"replies":[{"embeddable":true,"href":"https:\/\/ctsaul.com\/tienda\/wp-json\/wp\/v2\/comments?post=1895"}],"wp:featuredmedia":[{"embeddable":true,"href":"https:\/\/ctsaul.com\/tienda\/wp-json\/wp\/v2\/media\/1897"}],"wp:attachment":[{"href":"https:\/\/ctsaul.com\/tienda\/wp-json\/wp\/v2\/media?parent=1895"}],"wp:term":[{"taxonomy":"product_brand","embeddable":true,"href":"https:\/\/ctsaul.com\/tienda\/wp-json\/wp\/v2\/product_brand?post=1895"},{"taxonomy":"product_cat","embeddable":true,"href":"https:\/\/ctsaul.com\/tienda\/wp-json\/wp\/v2\/product_cat?post=1895"},{"taxonomy":"product_tag","embeddable":true,"href":"https:\/\/ctsaul.com\/tienda\/wp-json\/wp\/v2\/product_tag?post=1895"}],"curies":[{"name":"wp","href":"https:\/\/api.w.org\/{rel}","templated":true}]}}