{"id":1890,"date":"2025-05-14T09:42:03","date_gmt":"2025-05-14T14:42:03","guid":{"rendered":"https:\/\/ctsaul.com\/tienda\/?post_type=product&#038;p=1890"},"modified":"2025-05-27T10:19:48","modified_gmt":"2025-05-27T15:19:48","slug":"domo-metalica-hikvision-colorvu","status":"publish","type":"product","link":"https:\/\/ctsaul.com\/tienda\/producto\/domo-metalica-hikvision-colorvu\/","title":{"rendered":"DOMO METALICA HIKVISION COLORVU"},"content":{"rendered":"<h2>C\u00e1mara de torreta fija ColorVu de 2 MP \u2013 DS-2CE70DF0T-MF<\/h2>\n<p>&nbsp;<\/p>\n<p><span class=\"tech-specs-items-description__title--heading\">C\u00e1mara<\/span><\/p>\n<ul class=\"tech-specs-items-description\" data-target=\"Camera\">\n<li class=\"tech-specs-items-description-list\"><span class=\"tech-specs-items-description__title\">Sensor De Imagen:\u00a0<\/span><span class=\"tech-specs-items-description__title-details\">2 MP CMOS<\/span><\/li>\n<li class=\"tech-specs-items-description-list\"><span class=\"tech-specs-items-description__title\">Max. Resoluci\u00f3n:\u00a0<\/span><span class=\"tech-specs-items-description__title-details\">1920 (H) \u00d7 1080 (V)<\/span><\/li>\n<li class=\"tech-specs-items-description-list\"><span class=\"tech-specs-items-description__title\">Iluminaci\u00f3n M\u00ednima:\u00a0<\/span><span class=\"tech-specs-items-description__title-details\">0.001 Lux @ (F1.0, AGC ON), 0 Lux with white light<\/span><\/li>\n<li class=\"tech-specs-items-description-list\"><span class=\"tech-specs-items-description__title\">Tiempo De Obturaci\u00f3n:\u00a0<\/span><span class=\"tech-specs-items-description__title-details\">PAL: 1\/25 s to 1\/50,000 s;NTSC: 1\/30 s to 1\/50,000s<\/span><\/li>\n<li class=\"tech-specs-items-description-list\"><span class=\"tech-specs-items-description__title\">Ajuste De \u00c1ngulo:\u00a0<\/span><span class=\"tech-specs-items-description__title-details\">Pan: 0\u00b0 to 360\u00b0, Tilt: 0\u00b0 to 75\u00b0, Rotation: 0\u00b0 to 360\u00b0<\/span><\/li>\n<li class=\"tech-specs-items-description-list\"><span class=\"tech-specs-items-description__title\">Se\u00f1al Del Sistema:\u00a0<\/span><span class=\"tech-specs-items-description__title-details\">PAL\/NTSC<\/span><\/li>\n<li class=\"tech-specs-items-description-list\"><span class=\"tech-specs-items-description__title\">Alarma Luminosa:\u00a0<\/span><span class=\"tech-specs-items-description__title-details\">Solid Light Alarm (White Light)<\/span><\/li>\n<\/ul>\n<p><span class=\"tech-specs-items-description__title--heading\">Lente<\/span><\/p>\n<ul class=\"tech-specs-items-description\" data-target=\"Lens\">\n<li class=\"tech-specs-items-description-list\"><span class=\"tech-specs-items-description__title\">Lente:\u00a0<\/span><span class=\"tech-specs-items-description__title-details\">2.8 mm, 3.6 mm, 6 mm fixed focal lens<\/span><\/li>\n<li class=\"tech-specs-items-description-list\"><span class=\"tech-specs-items-description__title\">Focal Length &amp; FOV:\u00a0<\/span>2.8 mm, horizontal FOV: 98\u00b0, vertical FOV: 51\u00b0, diagonal FOV: 115\u00b0; 3.6 mm, horizontal FOV: 76\u00b0, vertical FOV: 41\u00b0, diagonal FOV: 90\u00b0; 6 mm, horizontal FOV: 50\u00b0, vertical FOV: 27\u00b0, diagonal FOV: 58\u00b0<\/li>\n<li class=\"tech-specs-items-description-list\"><span class=\"tech-specs-items-description__title\">Montura Del Lente:\u00a0<\/span><span class=\"tech-specs-items-description__title-details\">M12<\/span><\/li>\n<\/ul>\n<p><span class=\"tech-specs-items-description__title--heading\">Iluminador<\/span><\/p>\n<ul class=\"tech-specs-items-description\" data-target=\"Illuminator\">\n<li class=\"tech-specs-items-description-list\"><span class=\"tech-specs-items-description__title\">Rango De Luz Suplementaria:\u00a0<\/span><span class=\"tech-specs-items-description__title-details\">Up to 20 m<\/span><\/li>\n<li class=\"tech-specs-items-description-list\"><span class=\"tech-specs-items-description__title\">Luz De Suplemento Inteligente:\u00a0<\/span><span class=\"tech-specs-items-description__title-details\">Yes<\/span><\/li>\n<li class=\"tech-specs-items-description-list\"><span class=\"tech-specs-items-description__title\">Tipo De Luz Suplementaria:\u00a0<\/span><span class=\"tech-specs-items-description__title-details\">White Light<\/span><\/li>\n<\/ul>\n<p><span class=\"tech-specs-items-description__title--heading\">Imagen<\/span><\/p>\n<ul class=\"tech-specs-items-description\" data-target=\"Image\">\n<li class=\"tech-specs-items-description-list\"><span class=\"tech-specs-items-description__title\">Interruptor De Par\u00e1metros De Imagen:\u00a0<\/span><span class=\"tech-specs-items-description__title-details\">STD\/HIGH-SAT\/HIGHLIGHT<\/span><\/li>\n<li class=\"tech-specs-items-description-list\"><span class=\"tech-specs-items-description__title\">Configuraci\u00f3n De Imagen:\u00a0<\/span><span class=\"tech-specs-items-description__title-details\">Brightness, Mirror, Sharpness, Anti-Banding, AGC<\/span><\/li>\n<li class=\"tech-specs-items-description-list\"><span class=\"tech-specs-items-description__title\">Frame Rate:\u00a0<\/span>TVI: 1080p@25fps\/30fps; CVI: 1080p@25fps\/30fps; AHD: 1080p@25fps\/30fps; CVBS: PAL\/NTSC<\/li>\n<li class=\"tech-specs-items-description-list\"><span class=\"tech-specs-items-description__title\">Modo D\u00eda\/Noche:\u00a0<\/span><span class=\"tech-specs-items-description__title-details\">Color<\/span><\/li>\n<li class=\"tech-specs-items-description-list\"><span class=\"tech-specs-items-description__title\">Wide Dynamic Range (WDR):\u00a0<\/span><span class=\"tech-specs-items-description__title-details\">Digital WDR<\/span><\/li>\n<li class=\"tech-specs-items-description-list\"><span class=\"tech-specs-items-description__title\">Mejora De La Imagen:\u00a0<\/span><span class=\"tech-specs-items-description__title-details\">DWDR, BLC, HLC, Global<\/span><\/li>\n<li class=\"tech-specs-items-description-list\"><span class=\"tech-specs-items-description__title\">Reducci\u00f3n De Ruido:\u00a0<\/span><span class=\"tech-specs-items-description__title-details\">3D DNR\/2D DNR<\/span><\/li>\n<li class=\"tech-specs-items-description-list\"><span class=\"tech-specs-items-description__title\">Balance De Blancos:\u00a0<\/span><span class=\"tech-specs-items-description__title-details\">Auto\/Manual<\/span><\/li>\n<\/ul>\n<p><span class=\"tech-specs-items-description__title--heading\">Interfaz<\/span><\/p>\n<ul class=\"tech-specs-items-description\" data-target=\"Interface\">\n<li class=\"tech-specs-items-description-list\"><span class=\"tech-specs-items-description__title\">Salida De V\u00eddeo:\u00a0<\/span><span class=\"tech-specs-items-description__title-details\">Switchable TVI\/AHD\/CVI\/CVBS<\/span><\/li>\n<\/ul>\n<p><span class=\"tech-specs-items-description__title--heading\">General<\/span><\/p>\n<ul class=\"tech-specs-items-description\" data-target=\"General\">\n<li class=\"tech-specs-items-description-list\"><span class=\"tech-specs-items-description__title\">Material:\u00a0<\/span><span class=\"tech-specs-items-description__title-details\">Metal<\/span><\/li>\n<li class=\"tech-specs-items-description-list\"><span class=\"tech-specs-items-description__title\">Dimensi\u00f3n:\u00a0<\/span><span class=\"tech-specs-items-description__title-details\">\u03a6 85.1 mm \u00d7 77.62 mm (\u03a6 3.35\u2033 \u00d7 3.05\u2033)\u00a0<\/span><span class=\"tech-specs-items-description__title-details\">Approx. 320 g (0.71 lb)<\/span><\/li>\n<li class=\"tech-specs-items-description-list\"><span class=\"tech-specs-items-description__title\">Operating Condition:\u00a0<\/span><span class=\"tech-specs-items-description__title-details\">-40\u00b0C to 60\u00b0C (-40\u00b0F to140\u00b0F), Humidity: 90% or less (non-condensing)<\/span><\/li>\n<li class=\"tech-specs-items-description-list\"><span class=\"tech-specs-items-description__title\">Comunicaci\u00f3n:\u00a0<\/span><span class=\"tech-specs-items-description__title-details\">HIKVISION-C<\/span><\/li>\n<li class=\"tech-specs-items-description-list\"><span class=\"tech-specs-items-description__title\">Idioma:\u00a0<\/span><span class=\"tech-specs-items-description__title-details\">English<\/span><\/li>\n<li class=\"tech-specs-items-description-list\"><span class=\"tech-specs-items-description__title\">Alimentaci\u00f3n:\u00a0<\/span>12 VDC \u00b1 25%, Max. 2.4 W\n<p class=\"mb-p\">*You are recommended to use one power adapter to supply the power for one camera.<\/p>\n<\/li>\n<\/ul>\n","protected":false},"excerpt":{"rendered":"<p>C\u00e1mara de torreta fija ColorVu de 2 MP \u2013 DS-2CE70DF0T-MF &nbsp; C\u00e1mara Sensor De Imagen:\u00a02 MP CMOS Max. Resoluci\u00f3n:\u00a01920 (H) \u00d7 1080 (V) Iluminaci\u00f3n M\u00ednima:\u00a00.001 Lux @ (F1.0, AGC ON), 0 Lux with white light Tiempo De Obturaci\u00f3n:\u00a0PAL: 1\/25 s to 1\/50,000 s;NTSC: 1\/30 s to 1\/50,000s Ajuste De \u00c1ngulo:\u00a0Pan: 0\u00b0 to 360\u00b0, Tilt: 0\u00b0 &hellip;<\/p>\n<p class=\"read-more\"> <a class=\" thunk-readmore button \" href=\"https:\/\/ctsaul.com\/tienda\/producto\/domo-metalica-hikvision-colorvu\/\"> <span class=\"screen-reader-text\">DOMO METALICA HIKVISION COLORVU<\/span>Leer m\u00e1s<\/a><\/p>\n","protected":false},"featured_media":1891,"comment_status":"open","ping_status":"closed","template":"","meta":[],"product_brand":[114],"product_cat":[204,205],"product_tag":[],"class_list":{"0":"post-1890","1":"product","2":"type-product","3":"status-publish","4":"has-post-thumbnail","6":"product_brand-hikvision","7":"product_cat-camaras","8":"product_cat-domo","9":"thunk-woo-product-list","10":"opn-qv-enable","11":"big-store-woo-hover-zoom","12":"open-single-product-tab-horizontal","13":"open-shadow-","14":"open-shadow-hover-","16":"first","17":"instock","18":"sale","19":"taxable","20":"shipping-taxable","21":"purchasable","22":"product-type-simple"},"_links":{"self":[{"href":"https:\/\/ctsaul.com\/tienda\/wp-json\/wp\/v2\/product\/1890","targetHints":{"allow":["GET"]}}],"collection":[{"href":"https:\/\/ctsaul.com\/tienda\/wp-json\/wp\/v2\/product"}],"about":[{"href":"https:\/\/ctsaul.com\/tienda\/wp-json\/wp\/v2\/types\/product"}],"replies":[{"embeddable":true,"href":"https:\/\/ctsaul.com\/tienda\/wp-json\/wp\/v2\/comments?post=1890"}],"wp:featuredmedia":[{"embeddable":true,"href":"https:\/\/ctsaul.com\/tienda\/wp-json\/wp\/v2\/media\/1891"}],"wp:attachment":[{"href":"https:\/\/ctsaul.com\/tienda\/wp-json\/wp\/v2\/media?parent=1890"}],"wp:term":[{"taxonomy":"product_brand","embeddable":true,"href":"https:\/\/ctsaul.com\/tienda\/wp-json\/wp\/v2\/product_brand?post=1890"},{"taxonomy":"product_cat","embeddable":true,"href":"https:\/\/ctsaul.com\/tienda\/wp-json\/wp\/v2\/product_cat?post=1890"},{"taxonomy":"product_tag","embeddable":true,"href":"https:\/\/ctsaul.com\/tienda\/wp-json\/wp\/v2\/product_tag?post=1890"}],"curies":[{"name":"wp","href":"https:\/\/api.w.org\/{rel}","templated":true}]}}