{"id":1885,"date":"2025-05-10T16:53:41","date_gmt":"2025-05-10T21:53:41","guid":{"rendered":"https:\/\/ctsaul.com\/tienda\/?post_type=product&#038;p=1885"},"modified":"2025-05-27T10:19:58","modified_gmt":"2025-05-27T15:19:58","slug":"tapo-c500-exterior-tp-link","status":"publish","type":"product","link":"https:\/\/ctsaul.com\/tienda\/producto\/tapo-c500-exterior-tp-link\/","title":{"rendered":"TAPO C500  EXTERIOR TP-LINK"},"content":{"rendered":"<ul>\n<li><strong>Resoluci\u00f3n 2K<\/strong>\u00a0: con una resoluci\u00f3n de 2304 \u00d7 1296 px, Tapo C510W mejora su seguridad al capturar m\u00e1s detalles en comparaci\u00f3n con el tradicional 1080p (1920 \u00d7 1080 px).<\/li>\n<li><strong>Visi\u00f3n nocturna a todo color<\/strong>\u00a0: revela im\u00e1genes a todo color con focos integrados incluso de noche.<\/li>\n<li><strong>Cobertura visual de 360\u00b0<\/strong>\u00a0: proporciona un rango de visi\u00f3n horizontal de 360\u00b0 y vertical de 130\u00b0 para capturar todo a su alrededor.<\/li>\n<li><strong>Seguimiento de movimiento inteligente<\/strong>\u00a0: Tapo C510W rastrea el movimiento con rotaci\u00f3n de alta velocidad, lo que le garantiza vigilar \u00e1reas m\u00e1s vitales.<\/li>\n<li><strong>Detecci\u00f3n m\u00faltiple gratuita:<\/strong>\u00a0la IA inteligente identifica a una persona y le notifica seg\u00fan sea necesario.\u00a0Tambi\u00e9n puede configurar zonas o l\u00edmites de actividad personalizables para recibir solo alertas importantes.<\/li>\n<li><strong>Alarma de luz y sonido personalizable<\/strong>\u00a0:\u00a0grabe su propio audio como alarma y ajuste el brillo para su\u00a0uso personalizado.<\/li>\n<li><strong>Almacenamiento local y en la nube<\/strong>\u00a0:\u00a0guarde\u00a0videos grabados\u00a0en una\u00a0tarjeta\u00a0microSD (\u00a0hasta 512 GB\u00a0)\u00a0\u2020\u00a0o utilizando los servicios en la nube de\u00a0Tapo\u00a0Care\u00a0<sup>**<\/sup>\u00a0.<\/li>\n<li><strong>IP65 resistente a la intemperie<\/strong>\u00a0:\u00a0ofrece un excelente rendimiento a prueba de agua y polvo para escenarios al aire libre.<\/li>\n<\/ul>\n","protected":false},"excerpt":{"rendered":"<p>Resoluci\u00f3n 2K\u00a0: con una resoluci\u00f3n de 2304 \u00d7 1296 px, Tapo C510W mejora su seguridad al capturar m\u00e1s detalles en comparaci\u00f3n con el tradicional 1080p (1920 \u00d7 1080 px). Visi\u00f3n nocturna a todo color\u00a0: revela im\u00e1genes a todo color con focos integrados incluso de noche. Cobertura visual de 360\u00b0\u00a0: proporciona un rango de visi\u00f3n horizontal &hellip;<\/p>\n<p class=\"read-more\"> <a class=\" thunk-readmore button \" href=\"https:\/\/ctsaul.com\/tienda\/producto\/tapo-c500-exterior-tp-link\/\"> <span class=\"screen-reader-text\">TAPO C500  EXTERIOR TP-LINK<\/span>Leer m\u00e1s<\/a><\/p>\n","protected":false},"featured_media":1886,"comment_status":"open","ping_status":"closed","template":"","meta":[],"product_brand":[124],"product_cat":[204,207],"product_tag":[],"class_list":{"0":"post-1885","1":"product","2":"type-product","3":"status-publish","4":"has-post-thumbnail","6":"product_brand-tp-link","7":"product_cat-camaras","8":"product_cat-wifi","9":"thunk-woo-product-list","10":"opn-qv-enable","11":"big-store-woo-hover-zoom","12":"open-single-product-tab-horizontal","13":"open-shadow-","14":"open-shadow-hover-","16":"first","17":"instock","18":"sale","19":"taxable","20":"shipping-taxable","21":"purchasable","22":"product-type-simple"},"_links":{"self":[{"href":"https:\/\/ctsaul.com\/tienda\/wp-json\/wp\/v2\/product\/1885","targetHints":{"allow":["GET"]}}],"collection":[{"href":"https:\/\/ctsaul.com\/tienda\/wp-json\/wp\/v2\/product"}],"about":[{"href":"https:\/\/ctsaul.com\/tienda\/wp-json\/wp\/v2\/types\/product"}],"replies":[{"embeddable":true,"href":"https:\/\/ctsaul.com\/tienda\/wp-json\/wp\/v2\/comments?post=1885"}],"wp:featuredmedia":[{"embeddable":true,"href":"https:\/\/ctsaul.com\/tienda\/wp-json\/wp\/v2\/media\/1886"}],"wp:attachment":[{"href":"https:\/\/ctsaul.com\/tienda\/wp-json\/wp\/v2\/media?parent=1885"}],"wp:term":[{"taxonomy":"product_brand","embeddable":true,"href":"https:\/\/ctsaul.com\/tienda\/wp-json\/wp\/v2\/product_brand?post=1885"},{"taxonomy":"product_cat","embeddable":true,"href":"https:\/\/ctsaul.com\/tienda\/wp-json\/wp\/v2\/product_cat?post=1885"},{"taxonomy":"product_tag","embeddable":true,"href":"https:\/\/ctsaul.com\/tienda\/wp-json\/wp\/v2\/product_tag?post=1885"}],"curies":[{"name":"wp","href":"https:\/\/api.w.org\/{rel}","templated":true}]}}