{"id":1882,"date":"2025-05-10T16:19:31","date_gmt":"2025-05-10T21:19:31","guid":{"rendered":"https:\/\/ctsaul.com\/tienda\/?post_type=product&#038;p=1882"},"modified":"2025-05-27T10:20:35","modified_gmt":"2025-05-27T15:20:35","slug":"cruiser-se-3m-exterior-imou","status":"publish","type":"product","link":"https:\/\/ctsaul.com\/tienda\/producto\/cruiser-se-3m-exterior-imou\/","title":{"rendered":"CRUISER SE+ 3M EXTERIOR IMOU"},"content":{"rendered":"<h2 class=\"pdp-mod-section-title outer-title\"><\/h2>\n<div class=\"pdp-product-detail\" data-spm=\"product_detail\">\n<div class=\"pdp-product-desc height-limit\">\n<div class=\"html-content pdp-product-highlights\">\n<ul class=\"\">\n<li class=\"\"><span>H.265 2MP QHD: vea m\u00e1s de 1080P<\/span><\/li>\n<li class=\"\"><span>Disuasi\u00f3n activa: ahuyente a los visitantes no deseados con un foco incorporado y una sirena de seguridad de 110 dB<\/span><\/li>\n<li class=\"\"><span>Almacenamiento diversificado: admite NVR, almacenamiento en la nube o tarjeta Micro SD (hasta 256 GB)<\/span><\/li>\n<li class=\"\"><span>Seguimiento inteligente: rastrea autom\u00e1ticamente objetos en movimiento<\/span><\/li>\n<li class=\"\"><span>Detecci\u00f3n humana: encuentre r\u00e1pidamente objetivos humanos en su hogar<\/span><\/li>\n<li class=\"\"><span>IP66 &#8211; Resistente a la intemperie, al polvo y al agua.<\/span><\/li>\n<li class=\"\"><span>Notificaci\u00f3n de alarma: env\u00eda alertas instant\u00e1neas activadas por movimiento a su tel\u00e9fono m\u00f3vil<\/span><\/li>\n<li class=\"\"><span>Visi\u00f3n nocturna en color inteligente: admite cuatro modos de visi\u00f3n nocturna para una claridad n\u00edtida incluso en la oscuridad total.<\/span><\/li>\n<li class=\"\"><span>Comunicaci\u00f3n bidireccional: comun\u00edquese en tiempo real con las personas que est\u00e1n frente a la c\u00e1mara.<\/span><\/li>\n<li class=\"\"><span>Conexi\u00f3n Wi-Fi: IEEE802.11b\/g\/n (2,4 GHz)<\/span><\/li>\n<\/ul>\n<\/div>\n<\/div>\n<\/div>\n","protected":false},"excerpt":{"rendered":"<p>H.265 2MP QHD: vea m\u00e1s de 1080P Disuasi\u00f3n activa: ahuyente a los visitantes no deseados con un foco incorporado y una sirena de seguridad de 110 dB Almacenamiento diversificado: admite NVR, almacenamiento en la nube o tarjeta Micro SD (hasta 256 GB) Seguimiento inteligente: rastrea autom\u00e1ticamente objetos en movimiento Detecci\u00f3n humana: encuentre r\u00e1pidamente objetivos humanos &hellip;<\/p>\n<p class=\"read-more\"> <a class=\" thunk-readmore button \" href=\"https:\/\/ctsaul.com\/tienda\/producto\/cruiser-se-3m-exterior-imou\/\"> <span class=\"screen-reader-text\">CRUISER SE+ 3M EXTERIOR IMOU<\/span>Leer m\u00e1s<\/a><\/p>\n","protected":false},"featured_media":1883,"comment_status":"open","ping_status":"closed","template":"","meta":[],"product_brand":[107],"product_cat":[204,207],"product_tag":[],"class_list":{"0":"post-1882","1":"product","2":"type-product","3":"status-publish","4":"has-post-thumbnail","6":"product_brand-dahua","7":"product_cat-camaras","8":"product_cat-wifi","9":"thunk-woo-product-list","10":"opn-qv-enable","11":"big-store-woo-hover-zoom","12":"open-single-product-tab-horizontal","13":"open-shadow-","14":"open-shadow-hover-","16":"first","17":"instock","18":"sale","19":"taxable","20":"shipping-taxable","21":"purchasable","22":"product-type-simple"},"_links":{"self":[{"href":"https:\/\/ctsaul.com\/tienda\/wp-json\/wp\/v2\/product\/1882","targetHints":{"allow":["GET"]}}],"collection":[{"href":"https:\/\/ctsaul.com\/tienda\/wp-json\/wp\/v2\/product"}],"about":[{"href":"https:\/\/ctsaul.com\/tienda\/wp-json\/wp\/v2\/types\/product"}],"replies":[{"embeddable":true,"href":"https:\/\/ctsaul.com\/tienda\/wp-json\/wp\/v2\/comments?post=1882"}],"wp:featuredmedia":[{"embeddable":true,"href":"https:\/\/ctsaul.com\/tienda\/wp-json\/wp\/v2\/media\/1883"}],"wp:attachment":[{"href":"https:\/\/ctsaul.com\/tienda\/wp-json\/wp\/v2\/media?parent=1882"}],"wp:term":[{"taxonomy":"product_brand","embeddable":true,"href":"https:\/\/ctsaul.com\/tienda\/wp-json\/wp\/v2\/product_brand?post=1882"},{"taxonomy":"product_cat","embeddable":true,"href":"https:\/\/ctsaul.com\/tienda\/wp-json\/wp\/v2\/product_cat?post=1882"},{"taxonomy":"product_tag","embeddable":true,"href":"https:\/\/ctsaul.com\/tienda\/wp-json\/wp\/v2\/product_tag?post=1882"}],"curies":[{"name":"wp","href":"https:\/\/api.w.org\/{rel}","templated":true}]}}