{"id":1879,"date":"2025-05-10T15:57:50","date_gmt":"2025-05-10T20:57:50","guid":{"rendered":"https:\/\/ctsaul.com\/tienda\/?post_type=product&#038;p=1879"},"modified":"2025-05-27T10:20:49","modified_gmt":"2025-05-27T15:20:49","slug":"tapo-c310-exterior-tp-link","status":"publish","type":"product","link":"https:\/\/ctsaul.com\/tienda\/producto\/tapo-c310-exterior-tp-link\/","title":{"rendered":"TAPO C310 EXTERIOR TP-LINK"},"content":{"rendered":"<div class=\"box title\">\n<h1>C\u00e1mara Wi-Fi de seguridad para exteriores<\/h1>\n<\/div>\n<div class=\"box highlights\">\n<ul>\n<li>V\u00eddeo de ultra alta definici\u00f3n: graba todas las im\u00e1genes con una definici\u00f3n n\u00edtida de 3 MP.<\/li>\n<li>Redes cableadas o inal\u00e1mbricas: conecte su c\u00e1mara a la red a trav\u00e9s de Ethernet o WiFi para una instalaci\u00f3n m\u00e1s flexible.<\/li>\n<li>Visi\u00f3n nocturna avanzada: proporciona una distancia visual de hasta 30 m (98 pies) incluso en la oscuridad total.<\/li>\n<li>Detecci\u00f3n de movimiento y notificaciones: le notifica cuando la c\u00e1mara detecta movimiento.<\/li>\n<li>Alarma de luz y sonido: active los efectos de luz y sonido para ahuyentar a los visitantes no deseados.<\/li>\n<li>Audio bidireccional: permite la comunicaci\u00f3n a trav\u00e9s de un micr\u00f3fono y un altavoz integrados.<\/li>\n<li>Almacenamiento seguro: almacena localmente hasta 128 GB de video de 3MP en una tarjeta microSD, lo que ofrece un acceso conveniente a sus secuencias de video.<\/li>\n<li>Control por voz: libere sus manos con control por voz: funciona con el Asistente de Google y Amazon Alexa. (Google Assistant y Amazon Alexa no est\u00e1n disponibles en todos los idiomas y pa\u00edses).<\/li>\n<\/ul>\n<\/div>\n","protected":false},"excerpt":{"rendered":"<p>C\u00e1mara Wi-Fi de seguridad para exteriores V\u00eddeo de ultra alta definici\u00f3n: graba todas las im\u00e1genes con una definici\u00f3n n\u00edtida de 3 MP. Redes cableadas o inal\u00e1mbricas: conecte su c\u00e1mara a la red a trav\u00e9s de Ethernet o WiFi para una instalaci\u00f3n m\u00e1s flexible. Visi\u00f3n nocturna avanzada: proporciona una distancia visual de hasta 30 m (98 &hellip;<\/p>\n<p class=\"read-more\"> <a class=\" thunk-readmore button \" href=\"https:\/\/ctsaul.com\/tienda\/producto\/tapo-c310-exterior-tp-link\/\"> <span class=\"screen-reader-text\">TAPO C310 EXTERIOR TP-LINK<\/span>Leer m\u00e1s<\/a><\/p>\n","protected":false},"featured_media":1880,"comment_status":"open","ping_status":"closed","template":"","meta":[],"product_brand":[124],"product_cat":[204,207],"product_tag":[],"class_list":{"0":"post-1879","1":"product","2":"type-product","3":"status-publish","4":"has-post-thumbnail","6":"product_brand-tp-link","7":"product_cat-camaras","8":"product_cat-wifi","9":"thunk-woo-product-list","10":"opn-qv-enable","11":"big-store-woo-hover-zoom","12":"open-single-product-tab-horizontal","13":"open-shadow-","14":"open-shadow-hover-","16":"first","17":"instock","18":"sale","19":"taxable","20":"shipping-taxable","21":"purchasable","22":"product-type-simple"},"_links":{"self":[{"href":"https:\/\/ctsaul.com\/tienda\/wp-json\/wp\/v2\/product\/1879","targetHints":{"allow":["GET"]}}],"collection":[{"href":"https:\/\/ctsaul.com\/tienda\/wp-json\/wp\/v2\/product"}],"about":[{"href":"https:\/\/ctsaul.com\/tienda\/wp-json\/wp\/v2\/types\/product"}],"replies":[{"embeddable":true,"href":"https:\/\/ctsaul.com\/tienda\/wp-json\/wp\/v2\/comments?post=1879"}],"wp:featuredmedia":[{"embeddable":true,"href":"https:\/\/ctsaul.com\/tienda\/wp-json\/wp\/v2\/media\/1880"}],"wp:attachment":[{"href":"https:\/\/ctsaul.com\/tienda\/wp-json\/wp\/v2\/media?parent=1879"}],"wp:term":[{"taxonomy":"product_brand","embeddable":true,"href":"https:\/\/ctsaul.com\/tienda\/wp-json\/wp\/v2\/product_brand?post=1879"},{"taxonomy":"product_cat","embeddable":true,"href":"https:\/\/ctsaul.com\/tienda\/wp-json\/wp\/v2\/product_cat?post=1879"},{"taxonomy":"product_tag","embeddable":true,"href":"https:\/\/ctsaul.com\/tienda\/wp-json\/wp\/v2\/product_tag?post=1879"}],"curies":[{"name":"wp","href":"https:\/\/api.w.org\/{rel}","templated":true}]}}