{"id":1876,"date":"2025-05-08T16:28:42","date_gmt":"2025-05-08T21:28:42","guid":{"rendered":"https:\/\/ctsaul.com\/tienda\/?post_type=product&#038;p=1876"},"modified":"2025-05-27T10:23:06","modified_gmt":"2025-05-27T15:23:06","slug":"tapo-c200-tp-link","status":"publish","type":"product","link":"https:\/\/ctsaul.com\/tienda\/producto\/tapo-c200-tp-link\/","title":{"rendered":"TAPO C200 TP-LINK"},"content":{"rendered":"<ul>\n<li>Video de alta definici\u00f3n: captura\u00a0todos los detalles en una definici\u00f3n n\u00edtida de 1080p.<\/li>\n<li>Vista nocturna avanzada: incluso de noche, la c\u00e1mara puede proporcionar una distancia visual de hasta 30 pies.<\/li>\n<li>Detecci\u00f3n de movimiento y notificaciones: recibe\u00a0una notificaci\u00f3n si se detecta algo sospechoso.<\/li>\n<li>Sonido y alarma de luz: disparador de luz y efectos de sonido para ahuyentar a los visitantes no deseados.<\/li>\n<li>Audio bidireccional: comun\u00edcate con otros con el micr\u00f3fono y el altavoz incorporados.<\/li>\n<li>Almacenamiento seguro: admite tarjeta MicroSD (hasta 128 GB).<\/li>\n<\/ul>\n","protected":false},"excerpt":{"rendered":"<p>Video de alta definici\u00f3n: captura\u00a0todos los detalles en una definici\u00f3n n\u00edtida de 1080p. Vista nocturna avanzada: incluso de noche, la c\u00e1mara puede proporcionar una distancia visual de hasta 30 pies. Detecci\u00f3n de movimiento y notificaciones: recibe\u00a0una notificaci\u00f3n si se detecta algo sospechoso. Sonido y alarma de luz: disparador de luz y efectos de sonido para &hellip;<\/p>\n<p class=\"read-more\"> <a class=\" thunk-readmore button \" href=\"https:\/\/ctsaul.com\/tienda\/producto\/tapo-c200-tp-link\/\"> <span class=\"screen-reader-text\">TAPO C200 TP-LINK<\/span>Leer m\u00e1s<\/a><\/p>\n","protected":false},"featured_media":1877,"comment_status":"open","ping_status":"closed","template":"","meta":[],"product_brand":[124],"product_cat":[204,207],"product_tag":[],"class_list":{"0":"post-1876","1":"product","2":"type-product","3":"status-publish","4":"has-post-thumbnail","6":"product_brand-tp-link","7":"product_cat-camaras","8":"product_cat-wifi","9":"thunk-woo-product-list","10":"opn-qv-enable","11":"big-store-woo-hover-zoom","12":"open-single-product-tab-horizontal","13":"open-shadow-","14":"open-shadow-hover-","16":"first","17":"instock","18":"sale","19":"taxable","20":"shipping-taxable","21":"purchasable","22":"product-type-simple"},"_links":{"self":[{"href":"https:\/\/ctsaul.com\/tienda\/wp-json\/wp\/v2\/product\/1876","targetHints":{"allow":["GET"]}}],"collection":[{"href":"https:\/\/ctsaul.com\/tienda\/wp-json\/wp\/v2\/product"}],"about":[{"href":"https:\/\/ctsaul.com\/tienda\/wp-json\/wp\/v2\/types\/product"}],"replies":[{"embeddable":true,"href":"https:\/\/ctsaul.com\/tienda\/wp-json\/wp\/v2\/comments?post=1876"}],"wp:featuredmedia":[{"embeddable":true,"href":"https:\/\/ctsaul.com\/tienda\/wp-json\/wp\/v2\/media\/1877"}],"wp:attachment":[{"href":"https:\/\/ctsaul.com\/tienda\/wp-json\/wp\/v2\/media?parent=1876"}],"wp:term":[{"taxonomy":"product_brand","embeddable":true,"href":"https:\/\/ctsaul.com\/tienda\/wp-json\/wp\/v2\/product_brand?post=1876"},{"taxonomy":"product_cat","embeddable":true,"href":"https:\/\/ctsaul.com\/tienda\/wp-json\/wp\/v2\/product_cat?post=1876"},{"taxonomy":"product_tag","embeddable":true,"href":"https:\/\/ctsaul.com\/tienda\/wp-json\/wp\/v2\/product_tag?post=1876"}],"curies":[{"name":"wp","href":"https:\/\/api.w.org\/{rel}","templated":true}]}}