{"id":1872,"date":"2025-05-02T13:56:26","date_gmt":"2025-05-02T18:56:26","guid":{"rendered":"https:\/\/ctsaul.com\/tienda\/?post_type=product&#038;p=1872"},"modified":"2025-05-27T10:34:16","modified_gmt":"2025-05-27T15:34:16","slug":"tapo-c100-tp-link","status":"publish","type":"product","link":"https:\/\/ctsaul.com\/tienda\/producto\/tapo-c100-tp-link\/","title":{"rendered":"TAPO C100 TP-LINK"},"content":{"rendered":"<ul>\n<li>Video de alta definici\u00f3n: graba cada imagen en una definici\u00f3n n\u00edtida de 1080p<\/li>\n<li>Visi\u00f3n nocturna avanzada: proporciona una distancia visual de hasta 30 pies<\/li>\n<li>Detecci\u00f3n de movimiento y notificaciones: le notifica cuando la c\u00e1mara detecta movimiento<\/li>\n<li>Sonido y alarma de luz: activa\u00a0la luz y los efectos de sonido para ahuyentar a los visitantes no deseados<\/li>\n<li>Audio bidireccional: permite la comunicaci\u00f3n a trav\u00e9s de un micr\u00f3fono y un altavoz integrados<\/li>\n<li>Almacenamiento seguro: almacena localmente hasta 128 GB en una tarjeta microSD, equivalente a 384 horas (16 d\u00edas) de metraje (seg\u00fan las condiciones del laboratorio)<\/li>\n<li>F\u00e1cil configuraci\u00f3n y administraci\u00f3n: administra\u00a0todo con la aplicaci\u00f3n Tapo<\/li>\n<\/ul>\n","protected":false},"excerpt":{"rendered":"<p>Video de alta definici\u00f3n: graba cada imagen en una definici\u00f3n n\u00edtida de 1080p Visi\u00f3n nocturna avanzada: proporciona una distancia visual de hasta 30 pies Detecci\u00f3n de movimiento y notificaciones: le notifica cuando la c\u00e1mara detecta movimiento Sonido y alarma de luz: activa\u00a0la luz y los efectos de sonido para ahuyentar a los visitantes no deseados &hellip;<\/p>\n<p class=\"read-more\"> <a class=\" thunk-readmore button \" href=\"https:\/\/ctsaul.com\/tienda\/producto\/tapo-c100-tp-link\/\"> <span class=\"screen-reader-text\">TAPO C100 TP-LINK<\/span>Leer m\u00e1s<\/a><\/p>\n","protected":false},"featured_media":1874,"comment_status":"open","ping_status":"closed","template":"","meta":[],"product_brand":[124],"product_cat":[204,207],"product_tag":[],"class_list":{"0":"post-1872","1":"product","2":"type-product","3":"status-publish","4":"has-post-thumbnail","6":"product_brand-tp-link","7":"product_cat-camaras","8":"product_cat-wifi","9":"thunk-woo-product-list","10":"opn-qv-enable","11":"big-store-woo-hover-zoom","12":"open-single-product-tab-horizontal","13":"open-shadow-","14":"open-shadow-hover-","16":"first","17":"instock","18":"sale","19":"taxable","20":"shipping-taxable","21":"purchasable","22":"product-type-simple"},"_links":{"self":[{"href":"https:\/\/ctsaul.com\/tienda\/wp-json\/wp\/v2\/product\/1872","targetHints":{"allow":["GET"]}}],"collection":[{"href":"https:\/\/ctsaul.com\/tienda\/wp-json\/wp\/v2\/product"}],"about":[{"href":"https:\/\/ctsaul.com\/tienda\/wp-json\/wp\/v2\/types\/product"}],"replies":[{"embeddable":true,"href":"https:\/\/ctsaul.com\/tienda\/wp-json\/wp\/v2\/comments?post=1872"}],"wp:featuredmedia":[{"embeddable":true,"href":"https:\/\/ctsaul.com\/tienda\/wp-json\/wp\/v2\/media\/1874"}],"wp:attachment":[{"href":"https:\/\/ctsaul.com\/tienda\/wp-json\/wp\/v2\/media?parent=1872"}],"wp:term":[{"taxonomy":"product_brand","embeddable":true,"href":"https:\/\/ctsaul.com\/tienda\/wp-json\/wp\/v2\/product_brand?post=1872"},{"taxonomy":"product_cat","embeddable":true,"href":"https:\/\/ctsaul.com\/tienda\/wp-json\/wp\/v2\/product_cat?post=1872"},{"taxonomy":"product_tag","embeddable":true,"href":"https:\/\/ctsaul.com\/tienda\/wp-json\/wp\/v2\/product_tag?post=1872"}],"curies":[{"name":"wp","href":"https:\/\/api.w.org\/{rel}","templated":true}]}}