{"id":1850,"date":"2025-04-26T15:07:15","date_gmt":"2025-04-26T20:07:15","guid":{"rendered":"https:\/\/ctsaul.com\/tienda\/?post_type=product&#038;p=1850"},"modified":"2025-05-27T10:39:56","modified_gmt":"2025-05-27T15:39:56","slug":"3mp-ranger-imou","status":"publish","type":"product","link":"https:\/\/ctsaul.com\/tienda\/producto\/3mp-ranger-imou\/","title":{"rendered":"3MP RANGER IMOU"},"content":{"rendered":"<h2>Imou Ranger 2K 3MP<\/h2>\n<h3>\nDetecci\u00f3n Humana | 3MP | Zona de Alarma | Seguimiento inteligente | Modo de privacidad | Alarma de sonido anormal | Visi\u00f3n nocturna | Audio bidireccional | Nube | Detecci\u00f3n de movimiento | Modo privacidad | Horario de Alarma | Detecci\u00f3n de movimiento | Conexi\u00f3n Wifi o LAN<\/p>\n<p>C\u00c1MARA<\/p>\n<p>1\/2.8&#8243; CMOS Progresivo 3MP (2304 x 1296)<br \/>\nVisi\u00f3n nocturna: 10m (33ft) Distancia 3.6mm<br \/>\nCampo de visi\u00f3n: 83\u00b0 (H), 46\u00b0 (V), 100\u00b0 (D)<br \/>\n355\u00b0 Pan &amp; -5~80\u00b0 Tilt<\/p>\n<p>RED<\/p>\n<p>Wi-Fi: IEEE802.11b\/g\/n, 50m Campo abierto<br \/>\nImou App: iOS, Android<br \/>\nonvif<\/p>\n<p>AUDIO Y VIDEO<\/p>\n<p>Compresi\u00f3n de v\u00eddeo: H.265\/H.264<br \/>\nVelocidad de fotogramas de hasta 25\/30 fps<br \/>\nZoom digital<br \/>\nAudio bidireccional<\/p>\n<p>INTERFAZ<\/p>\n<p>Ranura para tarjeta Micro SD (hasta 256 GB)<br \/>\nMicr\u00f3fono y altavoz integrados<br \/>\nBot\u00f3n de reinicio<\/p>\n<p>AVISOS<\/p>\n<p>Detecci\u00f3n de movimiento<br \/>\nDetecci\u00f3n humana<br \/>\nRegi\u00f3n configurable<br \/>\nAlarma sonora anormal<\/p>\n<p>GENERAL<\/p>\n<p>Fuente de alimentaci\u00f3n DC 5V1A<br \/>\nConsumo de energ\u00eda: &lt; 3.7W<br \/>\nEntorno de trabajo: -10\u00b0C~+45\u00b0C<br \/>\nMenos de 95%RH<br \/>\nDimensiones: 77,4\u00d7 77,4 \u00d7 106,2 mm (3,04 \u00d7 3,04 \u00d7 4,17 pulgadas)<br \/>\nPeso: 197 g (0,434 lb)<br \/>\nCE<\/h3>\n","protected":false},"excerpt":{"rendered":"<p>Imou Ranger 2K 3MP Detecci\u00f3n Humana | 3MP | Zona de Alarma | Seguimiento inteligente | Modo de privacidad | Alarma de sonido anormal | Visi\u00f3n nocturna | Audio bidireccional | Nube | Detecci\u00f3n de movimiento | Modo privacidad | Horario de Alarma | Detecci\u00f3n de movimiento | Conexi\u00f3n Wifi o LAN C\u00c1MARA 1\/2.8&#8243; CMOS &hellip;<\/p>\n<p class=\"read-more\"> <a class=\" thunk-readmore button \" href=\"https:\/\/ctsaul.com\/tienda\/producto\/3mp-ranger-imou\/\"> <span class=\"screen-reader-text\">3MP RANGER IMOU<\/span>Leer m\u00e1s<\/a><\/p>\n","protected":false},"featured_media":1853,"comment_status":"open","ping_status":"closed","template":"","meta":[],"product_brand":[107],"product_cat":[204,207],"product_tag":[],"class_list":{"0":"post-1850","1":"product","2":"type-product","3":"status-publish","4":"has-post-thumbnail","6":"product_brand-dahua","7":"product_cat-camaras","8":"product_cat-wifi","9":"thunk-woo-product-list","10":"opn-qv-enable","11":"big-store-woo-hover-zoom","12":"open-single-product-tab-horizontal","13":"open-shadow-","14":"open-shadow-hover-","16":"first","17":"instock","18":"sale","19":"taxable","20":"shipping-taxable","21":"purchasable","22":"product-type-simple"},"_links":{"self":[{"href":"https:\/\/ctsaul.com\/tienda\/wp-json\/wp\/v2\/product\/1850","targetHints":{"allow":["GET"]}}],"collection":[{"href":"https:\/\/ctsaul.com\/tienda\/wp-json\/wp\/v2\/product"}],"about":[{"href":"https:\/\/ctsaul.com\/tienda\/wp-json\/wp\/v2\/types\/product"}],"replies":[{"embeddable":true,"href":"https:\/\/ctsaul.com\/tienda\/wp-json\/wp\/v2\/comments?post=1850"}],"wp:featuredmedia":[{"embeddable":true,"href":"https:\/\/ctsaul.com\/tienda\/wp-json\/wp\/v2\/media\/1853"}],"wp:attachment":[{"href":"https:\/\/ctsaul.com\/tienda\/wp-json\/wp\/v2\/media?parent=1850"}],"wp:term":[{"taxonomy":"product_brand","embeddable":true,"href":"https:\/\/ctsaul.com\/tienda\/wp-json\/wp\/v2\/product_brand?post=1850"},{"taxonomy":"product_cat","embeddable":true,"href":"https:\/\/ctsaul.com\/tienda\/wp-json\/wp\/v2\/product_cat?post=1850"},{"taxonomy":"product_tag","embeddable":true,"href":"https:\/\/ctsaul.com\/tienda\/wp-json\/wp\/v2\/product_tag?post=1850"}],"curies":[{"name":"wp","href":"https:\/\/api.w.org\/{rel}","templated":true}]}}