{"id":179,"date":"2025-02-20T17:14:03","date_gmt":"2025-02-20T22:14:03","guid":{"rendered":"http:\/\/172.16.1.1\/tienda\/?post_type=product&#038;p=179"},"modified":"2026-04-23T09:13:21","modified_gmt":"2026-04-23T14:13:21","slug":"ram-ddr3-8gb-1600mhz-portatil-attech","status":"publish","type":"product","link":"https:\/\/ctsaul.com\/tienda\/producto\/ram-ddr3-8gb-1600mhz-portatil-attech\/","title":{"rendered":"RAM DDR3 8GB 1600MHZ PORTATIL ATTECH"},"content":{"rendered":"<p>Potencia tu port\u00e1til con la Memoria RAM 8GB DDR3 1600MHz de ATTECH. Esta memoria ofrece un rendimiento superior y una mayor eficiencia energ\u00e9tica en comparaci\u00f3n con la DDR3 est\u00e1ndar.<\/p>\n","protected":false},"excerpt":{"rendered":"<p>Potencia tu port\u00e1til con la Memoria RAM 8GB DDR3 1600MHz de ATTECH. Esta memoria ofrece un rendimiento superior y una mayor eficiencia energ\u00e9tica en comparaci\u00f3n con la DDR3 est\u00e1ndar.<\/p>\n","protected":false},"featured_media":180,"comment_status":"open","ping_status":"closed","template":"","meta":[],"product_brand":[39],"product_cat":[27,38],"product_tag":[],"class_list":{"0":"post-179","1":"product","2":"type-product","3":"status-publish","4":"has-post-thumbnail","6":"product_brand-attech","7":"product_cat-memorias-de-almacenamiento","8":"product_cat-memorias-de-almacenamiento-memorias-de-almacenamiento-8","9":"thunk-woo-product-list","10":"opn-qv-enable","11":"big-store-woo-hover-zoom","12":"open-single-product-tab-horizontal","13":"open-shadow-","14":"open-shadow-hover-","16":"first","17":"instock","18":"sale","19":"taxable","20":"shipping-taxable","21":"purchasable","22":"product-type-simple"},"_links":{"self":[{"href":"https:\/\/ctsaul.com\/tienda\/wp-json\/wp\/v2\/product\/179","targetHints":{"allow":["GET"]}}],"collection":[{"href":"https:\/\/ctsaul.com\/tienda\/wp-json\/wp\/v2\/product"}],"about":[{"href":"https:\/\/ctsaul.com\/tienda\/wp-json\/wp\/v2\/types\/product"}],"replies":[{"embeddable":true,"href":"https:\/\/ctsaul.com\/tienda\/wp-json\/wp\/v2\/comments?post=179"}],"wp:featuredmedia":[{"embeddable":true,"href":"https:\/\/ctsaul.com\/tienda\/wp-json\/wp\/v2\/media\/180"}],"wp:attachment":[{"href":"https:\/\/ctsaul.com\/tienda\/wp-json\/wp\/v2\/media?parent=179"}],"wp:term":[{"taxonomy":"product_brand","embeddable":true,"href":"https:\/\/ctsaul.com\/tienda\/wp-json\/wp\/v2\/product_brand?post=179"},{"taxonomy":"product_cat","embeddable":true,"href":"https:\/\/ctsaul.com\/tienda\/wp-json\/wp\/v2\/product_cat?post=179"},{"taxonomy":"product_tag","embeddable":true,"href":"https:\/\/ctsaul.com\/tienda\/wp-json\/wp\/v2\/product_tag?post=179"}],"curies":[{"name":"wp","href":"https:\/\/api.w.org\/{rel}","templated":true}]}}