{"id":177,"date":"2025-02-20T16:45:31","date_gmt":"2025-02-20T21:45:31","guid":{"rendered":"http:\/\/172.16.1.1\/tienda\/?post_type=product&#038;p=177"},"modified":"2026-04-23T09:13:21","modified_gmt":"2026-04-23T14:13:21","slug":"ram-ddr4-8gb-3200mhz-portatil-attech","status":"publish","type":"product","link":"https:\/\/ctsaul.com\/tienda\/producto\/ram-ddr4-8gb-3200mhz-portatil-attech\/","title":{"rendered":"RAM DDR4 8GB 3200MHZ PORTATIL ATTECH"},"content":{"rendered":"<div class=\"ui-pdp-container__row ui-pdp-container__row--highlighted-features-title\">\n<ul>\n<li class=\"ui-vpp-text-alignment--left ui-pdp-color--BLACK ui-pdp-size--XSMALL ui-pdp-family--SEMIBOLD highlighted-features-title\"><span style=\"font-size: 16px;\">Optimiza el rendimiento de tu m\u00e1quina con la tecnolog\u00eda DDR4.<\/span><\/li>\n<li class=\"ui-vpp-text-alignment--left ui-pdp-color--BLACK ui-pdp-size--XSMALL ui-pdp-family--SEMIBOLD highlighted-features-title\">Memoria con formato SODIMM.<\/li>\n<li class=\"ui-vpp-text-alignment--left ui-pdp-color--BLACK ui-pdp-size--XSMALL ui-pdp-family--SEMIBOLD highlighted-features-title\">Alcanza una velocidad de 3200 MHz.<\/li>\n<li class=\"ui-vpp-text-alignment--left ui-pdp-color--BLACK ui-pdp-size--XSMALL ui-pdp-family--SEMIBOLD highlighted-features-title\">Apta para notebooks.<\/li>\n<li class=\"ui-vpp-text-alignment--left ui-pdp-color--BLACK ui-pdp-size--XSMALL ui-pdp-family--SEMIBOLD highlighted-features-title\">L\u00ednea Ddr 4.<\/li>\n<\/ul>\n<\/div>\n<div class=\"ui-pdp-container__row ui-pdp-container__row--highlighted-features\">\n<div class=\"ui-vpp-highlighted-specs__features\"><\/div>\n<\/div>\n","protected":false},"excerpt":{"rendered":"<p>Optimiza el rendimiento de tu m\u00e1quina con la tecnolog\u00eda DDR4. Memoria con formato SODIMM. Alcanza una velocidad de 3200 MHz. Apta para notebooks. L\u00ednea Ddr 4.<\/p>\n","protected":false},"featured_media":178,"comment_status":"open","ping_status":"closed","template":"","meta":[],"product_brand":[39],"product_cat":[27,38],"product_tag":[],"class_list":{"0":"post-177","1":"product","2":"type-product","3":"status-publish","4":"has-post-thumbnail","6":"product_brand-attech","7":"product_cat-memorias-de-almacenamiento","8":"product_cat-memorias-de-almacenamiento-memorias-de-almacenamiento-8","9":"thunk-woo-product-list","10":"opn-qv-enable","11":"big-store-woo-hover-zoom","12":"open-single-product-tab-horizontal","13":"open-shadow-","14":"open-shadow-hover-","16":"first","17":"instock","18":"sale","19":"taxable","20":"shipping-taxable","21":"purchasable","22":"product-type-simple"},"_links":{"self":[{"href":"https:\/\/ctsaul.com\/tienda\/wp-json\/wp\/v2\/product\/177","targetHints":{"allow":["GET"]}}],"collection":[{"href":"https:\/\/ctsaul.com\/tienda\/wp-json\/wp\/v2\/product"}],"about":[{"href":"https:\/\/ctsaul.com\/tienda\/wp-json\/wp\/v2\/types\/product"}],"replies":[{"embeddable":true,"href":"https:\/\/ctsaul.com\/tienda\/wp-json\/wp\/v2\/comments?post=177"}],"wp:featuredmedia":[{"embeddable":true,"href":"https:\/\/ctsaul.com\/tienda\/wp-json\/wp\/v2\/media\/178"}],"wp:attachment":[{"href":"https:\/\/ctsaul.com\/tienda\/wp-json\/wp\/v2\/media?parent=177"}],"wp:term":[{"taxonomy":"product_brand","embeddable":true,"href":"https:\/\/ctsaul.com\/tienda\/wp-json\/wp\/v2\/product_brand?post=177"},{"taxonomy":"product_cat","embeddable":true,"href":"https:\/\/ctsaul.com\/tienda\/wp-json\/wp\/v2\/product_cat?post=177"},{"taxonomy":"product_tag","embeddable":true,"href":"https:\/\/ctsaul.com\/tienda\/wp-json\/wp\/v2\/product_tag?post=177"}],"curies":[{"name":"wp","href":"https:\/\/api.w.org\/{rel}","templated":true}]}}