{"id":171,"date":"2025-02-20T16:36:00","date_gmt":"2025-02-20T21:36:00","guid":{"rendered":"http:\/\/172.16.1.1\/tienda\/?post_type=product&#038;p=171"},"modified":"2026-04-23T09:13:21","modified_gmt":"2026-04-23T14:13:21","slug":"ram-ddr4-4gb-2666mhz-adata-portatil","status":"publish","type":"product","link":"https:\/\/ctsaul.com\/tienda\/producto\/ram-ddr4-4gb-2666mhz-adata-portatil\/","title":{"rendered":"RAM DDR4 4GB 2666MHZ ADATA PORTATIL"},"content":{"rendered":"<ul>\n<li>Tipo de m\u00f3dulo: SO-DIMM<\/li>\n<li>Factor de forma: altura est\u00e1ndar de 1,18&#8243;<\/li>\n<li>Tipo de memoria: DDR4<\/li>\n<li>Est\u00e1ndar: JEDEC<\/li>\n<li>Interfaz: 260 contactos<\/li>\n<li>Densidad: 4GB<\/li>\n<li>Velocidad: 2666MHz<\/li>\n<li>Latencia CAS: CL 19-19-19<\/li>\n<li>Fuente de alimentaci\u00f3n: VDD y VDDQ = 1,2V \u00b1 0,06V<\/li>\n<li>Fuente de alimentaci\u00f3n de activaci\u00f3n DRAM: VPP = 2.5V ( +0,25V \/ -0,125V )<\/li>\n<li>Especificaciones\/VCC DRAM: DDR4 STD 1,2V<\/li>\n<li>Temperaturas de operaci\u00f3n: 0\u00b0C a 85\u00b0C<\/li>\n<\/ul>\n","protected":false},"excerpt":{"rendered":"<p>Tipo de m\u00f3dulo: SO-DIMM Factor de forma: altura est\u00e1ndar de 1,18&#8243; Tipo de memoria: DDR4 Est\u00e1ndar: JEDEC Interfaz: 260 contactos Densidad: 4GB Velocidad: 2666MHz Latencia CAS: CL 19-19-19 Fuente de alimentaci\u00f3n: VDD y VDDQ = 1,2V \u00b1 0,06V Fuente de alimentaci\u00f3n de activaci\u00f3n DRAM: VPP = 2.5V ( +0,25V \/ -0,125V ) Especificaciones\/VCC DRAM: DDR4 &hellip;<\/p>\n<p class=\"read-more\"> <a class=\" thunk-readmore button \" href=\"https:\/\/ctsaul.com\/tienda\/producto\/ram-ddr4-4gb-2666mhz-adata-portatil\/\"> <span class=\"screen-reader-text\">RAM DDR4 4GB 2666MHZ ADATA PORTATIL<\/span>Leer m\u00e1s<\/a><\/p>\n","protected":false},"featured_media":172,"comment_status":"open","ping_status":"closed","template":"","meta":[],"product_brand":[40],"product_cat":[27,38],"product_tag":[],"class_list":{"0":"post-171","1":"product","2":"type-product","3":"status-publish","4":"has-post-thumbnail","6":"product_brand-adata","7":"product_cat-memorias-de-almacenamiento","8":"product_cat-memorias-de-almacenamiento-memorias-de-almacenamiento-8","9":"thunk-woo-product-list","10":"opn-qv-enable","11":"big-store-woo-hover-zoom","12":"open-single-product-tab-horizontal","13":"open-shadow-","14":"open-shadow-hover-","16":"first","17":"instock","18":"sale","19":"taxable","20":"shipping-taxable","21":"purchasable","22":"product-type-simple"},"_links":{"self":[{"href":"https:\/\/ctsaul.com\/tienda\/wp-json\/wp\/v2\/product\/171","targetHints":{"allow":["GET"]}}],"collection":[{"href":"https:\/\/ctsaul.com\/tienda\/wp-json\/wp\/v2\/product"}],"about":[{"href":"https:\/\/ctsaul.com\/tienda\/wp-json\/wp\/v2\/types\/product"}],"replies":[{"embeddable":true,"href":"https:\/\/ctsaul.com\/tienda\/wp-json\/wp\/v2\/comments?post=171"}],"wp:featuredmedia":[{"embeddable":true,"href":"https:\/\/ctsaul.com\/tienda\/wp-json\/wp\/v2\/media\/172"}],"wp:attachment":[{"href":"https:\/\/ctsaul.com\/tienda\/wp-json\/wp\/v2\/media?parent=171"}],"wp:term":[{"taxonomy":"product_brand","embeddable":true,"href":"https:\/\/ctsaul.com\/tienda\/wp-json\/wp\/v2\/product_brand?post=171"},{"taxonomy":"product_cat","embeddable":true,"href":"https:\/\/ctsaul.com\/tienda\/wp-json\/wp\/v2\/product_cat?post=171"},{"taxonomy":"product_tag","embeddable":true,"href":"https:\/\/ctsaul.com\/tienda\/wp-json\/wp\/v2\/product_tag?post=171"}],"curies":[{"name":"wp","href":"https:\/\/api.w.org\/{rel}","templated":true}]}}