{"id":161,"date":"2025-02-20T15:45:21","date_gmt":"2025-02-20T20:45:21","guid":{"rendered":"http:\/\/172.16.1.1\/tienda\/?post_type=product&#038;p=161"},"modified":"2026-04-23T09:22:11","modified_gmt":"2026-04-23T14:22:11","slug":"estado-solido-480gb-kingston","status":"publish","type":"product","link":"https:\/\/ctsaul.com\/tienda\/producto\/estado-solido-480gb-kingston\/","title":{"rendered":"ESTADO SOLIDO 480GB KINGSTON"},"content":{"rendered":"<ul class=\"ui-vpp-highlighted-specs__features-list\">\n<li class=\"ui-vpp-highlighted-specs__features-list-item ui-pdp-color--BLACK ui-pdp-size--XSMALL ui-pdp-family--REGULAR\">Con tecnolog\u00eda 3D NAND.<\/li>\n<li class=\"ui-vpp-highlighted-specs__features-list-item ui-pdp-color--BLACK ui-pdp-size--XSMALL ui-pdp-family--REGULAR\">Es \u00fatil para guardar programas y documentos con su capacidad de 480 GB.<\/li>\n<li class=\"ui-vpp-highlighted-specs__features-list-item ui-pdp-color--BLACK ui-pdp-size--XSMALL ui-pdp-family--REGULAR\">Resistente a golpes fuertes.<\/li>\n<li class=\"ui-vpp-highlighted-specs__features-list-item ui-pdp-color--BLACK ui-pdp-size--XSMALL ui-pdp-family--REGULAR\">tama\u00f1o 2.5.<\/li>\n<li class=\"ui-vpp-highlighted-specs__features-list-item ui-pdp-color--BLACK ui-pdp-size--XSMALL ui-pdp-family--REGULAR\">Interfaz de conexi\u00f3n: SATA III.<\/li>\n<\/ul>\n","protected":false},"excerpt":{"rendered":"<p>Con tecnolog\u00eda 3D NAND. Es \u00fatil para guardar programas y documentos con su capacidad de 480 GB. Resistente a golpes fuertes. tama\u00f1o 2.5. Interfaz de conexi\u00f3n: SATA III.<\/p>\n","protected":false},"featured_media":162,"comment_status":"open","ping_status":"closed","template":"","meta":[],"product_brand":[28],"product_cat":[27,33],"product_tag":[],"class_list":{"0":"post-161","1":"product","2":"type-product","3":"status-publish","4":"has-post-thumbnail","6":"product_brand-kingston","7":"product_cat-memorias-de-almacenamiento","8":"product_cat-memorias-de-almacenamiento-memorias-de-almacenamiento-3","9":"thunk-woo-product-list","10":"opn-qv-enable","11":"big-store-woo-hover-zoom","12":"open-single-product-tab-horizontal","13":"open-shadow-","14":"open-shadow-hover-","16":"first","17":"instock","18":"sale","19":"taxable","20":"shipping-taxable","21":"purchasable","22":"product-type-simple"},"_links":{"self":[{"href":"https:\/\/ctsaul.com\/tienda\/wp-json\/wp\/v2\/product\/161","targetHints":{"allow":["GET"]}}],"collection":[{"href":"https:\/\/ctsaul.com\/tienda\/wp-json\/wp\/v2\/product"}],"about":[{"href":"https:\/\/ctsaul.com\/tienda\/wp-json\/wp\/v2\/types\/product"}],"replies":[{"embeddable":true,"href":"https:\/\/ctsaul.com\/tienda\/wp-json\/wp\/v2\/comments?post=161"}],"wp:featuredmedia":[{"embeddable":true,"href":"https:\/\/ctsaul.com\/tienda\/wp-json\/wp\/v2\/media\/162"}],"wp:attachment":[{"href":"https:\/\/ctsaul.com\/tienda\/wp-json\/wp\/v2\/media?parent=161"}],"wp:term":[{"taxonomy":"product_brand","embeddable":true,"href":"https:\/\/ctsaul.com\/tienda\/wp-json\/wp\/v2\/product_brand?post=161"},{"taxonomy":"product_cat","embeddable":true,"href":"https:\/\/ctsaul.com\/tienda\/wp-json\/wp\/v2\/product_cat?post=161"},{"taxonomy":"product_tag","embeddable":true,"href":"https:\/\/ctsaul.com\/tienda\/wp-json\/wp\/v2\/product_tag?post=161"}],"curies":[{"name":"wp","href":"https:\/\/api.w.org\/{rel}","templated":true}]}}