{"id":153,"date":"2025-02-20T15:02:26","date_gmt":"2025-02-20T20:02:26","guid":{"rendered":"http:\/\/172.16.1.1\/tienda\/?post_type=product&#038;p=153"},"modified":"2026-04-23T09:34:29","modified_gmt":"2026-04-23T14:34:29","slug":"disco-externo-1tb-toshiba","status":"publish","type":"product","link":"https:\/\/ctsaul.com\/tienda\/producto\/disco-externo-1tb-toshiba\/","title":{"rendered":"DISCO EXTERNO 1TB TOSHIBA"},"content":{"rendered":"<ul class=\"specs-list specs-list-primary specs-structure-medium\">\n<li class=\"specs-item specs-item-primary\">Marca Toshiba<\/li>\n<li class=\"specs-item specs-item-primary\">L\u00ednea Canvio<\/li>\n<li class=\"specs-item specs-item-primary\">Modelo Basics<\/li>\n<li class=\"specs-item specs-item-primary\">Versi\u00f3n HDTB410XK3AA<\/li>\n<li class=\"specs-item specs-item-primary\">Capacidad 1 TB<\/li>\n<li class=\"specs-item specs-item-primary\">Tecnolog\u00eda de almacenamiento HDD<\/li>\n<li class=\"specs-item specs-item-primary\">Interfaces USB 3.0<\/li>\n<li class=\"specs-item specs-item-primary\">Aplicaciones PC, Notebook<\/li>\n<li class=\"specs-item specs-item-primary\">Ubicaci\u00f3n Externo<\/li>\n<li class=\"specs-item specs-item-primary\">Tipo de disco extero Port\u00e1til<\/li>\n<li class=\"specs-item specs-item-primary\">Factor de forma 2.5 in<\/li>\n<\/ul>\n","protected":false},"excerpt":{"rendered":"<p>Marca Toshiba L\u00ednea Canvio Modelo Basics Versi\u00f3n HDTB410XK3AA Capacidad 1 TB Tecnolog\u00eda de almacenamiento HDD Interfaces USB 3.0 Aplicaciones PC, Notebook Ubicaci\u00f3n Externo Tipo de disco extero Port\u00e1til Factor de forma 2.5 in<\/p>\n","protected":false},"featured_media":154,"comment_status":"open","ping_status":"closed","template":"","meta":[],"product_brand":[41],"product_cat":[27,36],"product_tag":[],"class_list":{"0":"post-153","1":"product","2":"type-product","3":"status-publish","4":"has-post-thumbnail","6":"product_brand-toshiba","7":"product_cat-memorias-de-almacenamiento","8":"product_cat-memorias-de-almacenamiento-memorias-de-almacenamiento-6","9":"thunk-woo-product-list","10":"opn-qv-enable","11":"big-store-woo-hover-zoom","12":"open-single-product-tab-horizontal","13":"open-shadow-","14":"open-shadow-hover-","16":"first","17":"instock","18":"sale","19":"taxable","20":"shipping-taxable","21":"purchasable","22":"product-type-simple"},"_links":{"self":[{"href":"https:\/\/ctsaul.com\/tienda\/wp-json\/wp\/v2\/product\/153","targetHints":{"allow":["GET"]}}],"collection":[{"href":"https:\/\/ctsaul.com\/tienda\/wp-json\/wp\/v2\/product"}],"about":[{"href":"https:\/\/ctsaul.com\/tienda\/wp-json\/wp\/v2\/types\/product"}],"replies":[{"embeddable":true,"href":"https:\/\/ctsaul.com\/tienda\/wp-json\/wp\/v2\/comments?post=153"}],"wp:featuredmedia":[{"embeddable":true,"href":"https:\/\/ctsaul.com\/tienda\/wp-json\/wp\/v2\/media\/154"}],"wp:attachment":[{"href":"https:\/\/ctsaul.com\/tienda\/wp-json\/wp\/v2\/media?parent=153"}],"wp:term":[{"taxonomy":"product_brand","embeddable":true,"href":"https:\/\/ctsaul.com\/tienda\/wp-json\/wp\/v2\/product_brand?post=153"},{"taxonomy":"product_cat","embeddable":true,"href":"https:\/\/ctsaul.com\/tienda\/wp-json\/wp\/v2\/product_cat?post=153"},{"taxonomy":"product_tag","embeddable":true,"href":"https:\/\/ctsaul.com\/tienda\/wp-json\/wp\/v2\/product_tag?post=153"}],"curies":[{"name":"wp","href":"https:\/\/api.w.org\/{rel}","templated":true}]}}