{"id":1223,"date":"2025-04-02T11:30:59","date_gmt":"2025-04-02T16:30:59","guid":{"rendered":"http:\/\/172.16.1.1\/tienda\/?post_type=product&#038;p=1223"},"modified":"2025-05-27T10:41:08","modified_gmt":"2025-05-27T15:41:08","slug":"telefono-e395-duo-inalambrico-alcatel","status":"publish","type":"product","link":"https:\/\/ctsaul.com\/tienda\/producto\/telefono-e395-duo-inalambrico-alcatel\/","title":{"rendered":"TELEFONO E395 DUO INALAMBRICO ALCATEL"},"content":{"rendered":"<div>El Alcatel E395 DUO tiene funci\u00f3n manos libres para poder compartir sus conversaciones y hablar con total libertad.<\/div>\n<div><\/div>\n<div>Asimismo, cuenta con una pr\u00e1ctica pantalla para ver en todo momento la informaci\u00f3n necesaria. Leer y navegar por el men\u00fa no requiere ning\u00fan esfuerzo gracias a su display.<\/div>\n<div><\/div>\n<div>Caracter\u00edsticas<\/div>\n<div><\/div>\n<div>Telefono inal\u00e1mbrico Duo Manos Libres<\/div>\n<div><\/div>\n<div>Pantalla alfanumerica retro-iluminada.<\/div>\n<div><\/div>\n<div>Permite leer claramente n\u00fameros y nombres.<\/div>\n<div><\/div>\n<div>Directorio de 20 nombres y n\u00fameros.<\/div>\n<div><\/div>\n<div>Identificaci\u00f3n de nombre y n\u00famero del llamante antes de descolgar y para la 2da llamada.<\/div>\n<div><\/div>\n<div>10 Melod\u00edas de Timbre en el auricular.<\/div>\n","protected":false},"excerpt":{"rendered":"<p>El Alcatel E395 DUO tiene funci\u00f3n manos libres para poder compartir sus conversaciones y hablar con total libertad. Asimismo, cuenta con una pr\u00e1ctica pantalla para ver en todo momento la informaci\u00f3n necesaria. Leer y navegar por el men\u00fa no requiere ning\u00fan esfuerzo gracias a su display. Caracter\u00edsticas Telefono inal\u00e1mbrico Duo Manos Libres Pantalla alfanumerica retro-iluminada. &hellip;<\/p>\n<p class=\"read-more\"> <a class=\" thunk-readmore button \" href=\"https:\/\/ctsaul.com\/tienda\/producto\/telefono-e395-duo-inalambrico-alcatel\/\"> <span class=\"screen-reader-text\">TELEFONO E395 DUO INALAMBRICO ALCATEL<\/span>Leer m\u00e1s<\/a><\/p>\n","protected":false},"featured_media":1224,"comment_status":"open","ping_status":"closed","template":"","meta":[],"product_brand":[171],"product_cat":[169,167],"product_tag":[],"class_list":{"0":"post-1223","1":"product","2":"type-product","3":"status-publish","4":"has-post-thumbnail","6":"product_brand-alcatel","7":"product_cat-inalambricos","8":"product_cat-telefonos","9":"thunk-woo-product-list","10":"opn-qv-enable","11":"big-store-woo-hover-zoom","12":"open-single-product-tab-horizontal","13":"open-shadow-","14":"open-shadow-hover-","16":"first","17":"instock","18":"sale","19":"taxable","20":"shipping-taxable","21":"purchasable","22":"product-type-simple"},"_links":{"self":[{"href":"https:\/\/ctsaul.com\/tienda\/wp-json\/wp\/v2\/product\/1223","targetHints":{"allow":["GET"]}}],"collection":[{"href":"https:\/\/ctsaul.com\/tienda\/wp-json\/wp\/v2\/product"}],"about":[{"href":"https:\/\/ctsaul.com\/tienda\/wp-json\/wp\/v2\/types\/product"}],"replies":[{"embeddable":true,"href":"https:\/\/ctsaul.com\/tienda\/wp-json\/wp\/v2\/comments?post=1223"}],"wp:featuredmedia":[{"embeddable":true,"href":"https:\/\/ctsaul.com\/tienda\/wp-json\/wp\/v2\/media\/1224"}],"wp:attachment":[{"href":"https:\/\/ctsaul.com\/tienda\/wp-json\/wp\/v2\/media?parent=1223"}],"wp:term":[{"taxonomy":"product_brand","embeddable":true,"href":"https:\/\/ctsaul.com\/tienda\/wp-json\/wp\/v2\/product_brand?post=1223"},{"taxonomy":"product_cat","embeddable":true,"href":"https:\/\/ctsaul.com\/tienda\/wp-json\/wp\/v2\/product_cat?post=1223"},{"taxonomy":"product_tag","embeddable":true,"href":"https:\/\/ctsaul.com\/tienda\/wp-json\/wp\/v2\/product_tag?post=1223"}],"curies":[{"name":"wp","href":"https:\/\/api.w.org\/{rel}","templated":true}]}}