{"id":1206,"date":"2025-03-28T11:43:39","date_gmt":"2025-03-28T16:43:39","guid":{"rendered":"http:\/\/172.16.1.1\/tienda\/?post_type=product&#038;p=1206"},"modified":"2025-05-27T10:41:30","modified_gmt":"2025-05-27T15:41:30","slug":"telefono-kx-tgb810-inalambrico","status":"publish","type":"product","link":"https:\/\/ctsaul.com\/tienda\/producto\/telefono-kx-tgb810-inalambrico\/","title":{"rendered":"TELEFONO KX-TGB810 INALAMBRICO"},"content":{"rendered":"<p class=\"ui-pdp-description__content\">Panasonic lider mundial en telefonia\u00a0 ofrece productos que logran poner la tecnolog\u00eda en manos de las personas gracias a avances en dise\u00f1o e innovaci\u00f3n. El telefonoPanasonic\u00a0 KX-TGB810 es un\u00a0 Tel\u00e9fono inal\u00e1mbrico compacto con DECT 6.0, pantalla LCD \u00e1mbar de 1.6 pulgadas y teclado HS iluminado, bloqueo de llamadas, identificador de llamadas y\u00a0 varios idiomas, entre muchas otras opciones<\/p>\n<p>Privacidad garantizada<br \/>\nCuando necesites un momento de silencio y descanso tendr\u00e1s la posibilidad de desactivar los tonos de llamada. As\u00ed, en horas concretas el tel\u00e9fono no emitir\u00e1 sonidos.<\/p>\n","protected":false},"excerpt":{"rendered":"<p>Panasonic lider mundial en telefonia\u00a0 ofrece productos que logran poner la tecnolog\u00eda en manos de las personas gracias a avances en dise\u00f1o e innovaci\u00f3n. El telefonoPanasonic\u00a0 KX-TGB810 es un\u00a0 Tel\u00e9fono inal\u00e1mbrico compacto con DECT 6.0, pantalla LCD \u00e1mbar de 1.6 pulgadas y teclado HS iluminado, bloqueo de llamadas, identificador de llamadas y\u00a0 varios idiomas, entre &hellip;<\/p>\n<p class=\"read-more\"> <a class=\" thunk-readmore button \" href=\"https:\/\/ctsaul.com\/tienda\/producto\/telefono-kx-tgb810-inalambrico\/\"> <span class=\"screen-reader-text\">TELEFONO KX-TGB810 INALAMBRICO<\/span>Leer m\u00e1s<\/a><\/p>\n","protected":false},"featured_media":1207,"comment_status":"open","ping_status":"closed","template":"","meta":[],"product_brand":[120],"product_cat":[169,167],"product_tag":[],"class_list":{"0":"post-1206","1":"product","2":"type-product","3":"status-publish","4":"has-post-thumbnail","6":"product_brand-panasonic","7":"product_cat-inalambricos","8":"product_cat-telefonos","9":"thunk-woo-product-list","10":"opn-qv-enable","11":"big-store-woo-hover-zoom","12":"open-single-product-tab-horizontal","13":"open-shadow-","14":"open-shadow-hover-","16":"first","17":"instock","18":"sale","19":"taxable","20":"shipping-taxable","21":"purchasable","22":"product-type-simple"},"_links":{"self":[{"href":"https:\/\/ctsaul.com\/tienda\/wp-json\/wp\/v2\/product\/1206","targetHints":{"allow":["GET"]}}],"collection":[{"href":"https:\/\/ctsaul.com\/tienda\/wp-json\/wp\/v2\/product"}],"about":[{"href":"https:\/\/ctsaul.com\/tienda\/wp-json\/wp\/v2\/types\/product"}],"replies":[{"embeddable":true,"href":"https:\/\/ctsaul.com\/tienda\/wp-json\/wp\/v2\/comments?post=1206"}],"wp:featuredmedia":[{"embeddable":true,"href":"https:\/\/ctsaul.com\/tienda\/wp-json\/wp\/v2\/media\/1207"}],"wp:attachment":[{"href":"https:\/\/ctsaul.com\/tienda\/wp-json\/wp\/v2\/media?parent=1206"}],"wp:term":[{"taxonomy":"product_brand","embeddable":true,"href":"https:\/\/ctsaul.com\/tienda\/wp-json\/wp\/v2\/product_brand?post=1206"},{"taxonomy":"product_cat","embeddable":true,"href":"https:\/\/ctsaul.com\/tienda\/wp-json\/wp\/v2\/product_cat?post=1206"},{"taxonomy":"product_tag","embeddable":true,"href":"https:\/\/ctsaul.com\/tienda\/wp-json\/wp\/v2\/product_tag?post=1206"}],"curies":[{"name":"wp","href":"https:\/\/api.w.org\/{rel}","templated":true}]}}