{"id":1176,"date":"2025-03-27T15:29:22","date_gmt":"2025-03-27T20:29:22","guid":{"rendered":"http:\/\/172.16.1.1\/tienda\/?post_type=product&#038;p=1176"},"modified":"2025-05-27T10:42:01","modified_gmt":"2025-05-27T15:42:01","slug":"telefono-t16-id-alambrico-alcatel","status":"publish","type":"product","link":"https:\/\/ctsaul.com\/tienda\/producto\/telefono-t16-id-alambrico-alcatel\/","title":{"rendered":"TELEFONO T16 ID ALAMBRICO ALCATEL"},"content":{"rendered":"<p>Con su\u00a0<strong>dise\u00f1o elegante y simple<\/strong>\u00a0y su forma\u00a0<strong>ultra-compacta, Alcatel T16<\/strong>\u00a0se adapta a\u00a0<strong>cualquier ambiente de trabajo u hogar<\/strong>\u00a0y a cada configuraci\u00f3n empresarial.<br \/>\nPuede ser\u00a0<strong>instalado en pared o escritorio<\/strong>, lo que lo hace un\u00a0<strong>tel\u00e9fono ideal<\/strong>\u00a0para salas de reuni\u00f3n, almacenes, habitaciones de hotel, etc.<br \/>\nSu\u00a0<strong>pantalla num\u00e9rica<\/strong>\u00a0le permite ver\u00a0<strong>el n\u00famero de qui\u00e9n est\u00e1 llamando<\/strong>. Cuenta con\u00a0<strong>agenda para 10 n\u00fameros y funci\u00f3n de rellamada<\/strong>.<br \/>\n<strong>Este tel\u00e9fono ultra-compacto<\/strong>\u00a0puede ser\u00a0<strong>configurado con los par\u00e1metros de su sistema telef\u00f3nico existente.<\/strong><\/p>\n<p>&nbsp;<\/p>\n","protected":false},"excerpt":{"rendered":"<p>Con su\u00a0dise\u00f1o elegante y simple\u00a0y su forma\u00a0ultra-compacta, Alcatel T16\u00a0se adapta a\u00a0cualquier ambiente de trabajo u hogar\u00a0y a cada configuraci\u00f3n empresarial. Puede ser\u00a0instalado en pared o escritorio, lo que lo hace un\u00a0tel\u00e9fono ideal\u00a0para salas de reuni\u00f3n, almacenes, habitaciones de hotel, etc. Su\u00a0pantalla num\u00e9rica\u00a0le permite ver\u00a0el n\u00famero de qui\u00e9n est\u00e1 llamando. Cuenta con\u00a0agenda para 10 n\u00fameros y &hellip;<\/p>\n<p class=\"read-more\"> <a class=\" thunk-readmore button \" href=\"https:\/\/ctsaul.com\/tienda\/producto\/telefono-t16-id-alambrico-alcatel\/\"> <span class=\"screen-reader-text\">TELEFONO T16 ID ALAMBRICO ALCATEL<\/span>Leer m\u00e1s<\/a><\/p>\n","protected":false},"featured_media":1177,"comment_status":"open","ping_status":"closed","template":"","meta":[],"product_brand":[171],"product_cat":[168,167],"product_tag":[],"class_list":{"0":"post-1176","1":"product","2":"type-product","3":"status-publish","4":"has-post-thumbnail","6":"product_brand-alcatel","7":"product_cat-alambricos","8":"product_cat-telefonos","9":"thunk-woo-product-list","10":"opn-qv-enable","11":"big-store-woo-hover-zoom","12":"open-single-product-tab-horizontal","13":"open-shadow-","14":"open-shadow-hover-","16":"first","17":"instock","18":"sale","19":"taxable","20":"shipping-taxable","21":"purchasable","22":"product-type-simple"},"_links":{"self":[{"href":"https:\/\/ctsaul.com\/tienda\/wp-json\/wp\/v2\/product\/1176","targetHints":{"allow":["GET"]}}],"collection":[{"href":"https:\/\/ctsaul.com\/tienda\/wp-json\/wp\/v2\/product"}],"about":[{"href":"https:\/\/ctsaul.com\/tienda\/wp-json\/wp\/v2\/types\/product"}],"replies":[{"embeddable":true,"href":"https:\/\/ctsaul.com\/tienda\/wp-json\/wp\/v2\/comments?post=1176"}],"wp:featuredmedia":[{"embeddable":true,"href":"https:\/\/ctsaul.com\/tienda\/wp-json\/wp\/v2\/media\/1177"}],"wp:attachment":[{"href":"https:\/\/ctsaul.com\/tienda\/wp-json\/wp\/v2\/media?parent=1176"}],"wp:term":[{"taxonomy":"product_brand","embeddable":true,"href":"https:\/\/ctsaul.com\/tienda\/wp-json\/wp\/v2\/product_brand?post=1176"},{"taxonomy":"product_cat","embeddable":true,"href":"https:\/\/ctsaul.com\/tienda\/wp-json\/wp\/v2\/product_cat?post=1176"},{"taxonomy":"product_tag","embeddable":true,"href":"https:\/\/ctsaul.com\/tienda\/wp-json\/wp\/v2\/product_tag?post=1176"}],"curies":[{"name":"wp","href":"https:\/\/api.w.org\/{rel}","templated":true}]}}