{"id":1121,"date":"2025-03-26T15:25:00","date_gmt":"2025-03-26T20:25:00","guid":{"rendered":"http:\/\/172.16.1.1\/tienda\/?post_type=product&#038;p=1121"},"modified":"2025-05-27T10:54:46","modified_gmt":"2025-05-27T15:54:46","slug":"antena-cpe710-ac86723dbi-5ghz-tp-link","status":"publish","type":"product","link":"https:\/\/ctsaul.com\/tienda\/producto\/antena-cpe710-ac86723dbi-5ghz-tp-link\/","title":{"rendered":"ANTENA CPE710 AC86723DBI 5GHZ  TP-LINK"},"content":{"rendered":"<h3>Access Point Antena Exteriores 5GHz AC 867Mbps \/ 23dBi, TP-Link CPE710<\/h3>\n<p>Wi-Fi 256 QAM y 80 MHz de ancho de banda aumentan las velocidades hasta 867 Mbps, 3\u00d7 m\u00e1s r\u00e1pido que el est\u00e1ndar 802.11n.<\/p>\n<p>23 dBi direccional Cassegrain de alta ganancia y reflector de metal dedicado para excelente directividad del haz, latencia mejorada e inmunidad al ruido. Dise\u00f1o f\u00e1cil de usar, ideal para aplicaciones de redes inal\u00e1mbricas de larga distancia en exteriores.<\/p>\n<p>Pharos Control \u2013 sistema de gesti\u00f3n centralizada para administrar dispositivos en la red desde una PC. Interfaz web PharOS para acceso a configuraciones m\u00e1s detalladas.<\/p>\n<p><strong>CARACTER\u00cdSTICAS<\/strong><\/p>\n<p>\u2022 802.11ac hasta 867 Mbps en 5 GHz<br \/>\n\u2022 23dBi direccional de alta ganancia MIMO 2 \u00d7 2<br \/>\n\u2022 Excelente directividad del haz, latencia mejorada y cancelaci\u00f3n de ruido<br \/>\n\u2022 Piezas de cierre r\u00e1pido para ensamblaje r\u00e1pido y dise\u00f1o estructural robusto contra vientos fuertes.<br \/>\n\u2022 Gabinete resistente a la intemperie IP65 con ESD de 15kV y protecci\u00f3n contra rayos de 6kV<br \/>\n\u2022 Pharos Control para gesti\u00f3n centralizada<br \/>\n\u2022 Soporte pasivo de PoE para implementaci\u00f3n flexible y instalaci\u00f3n conveniente<\/p>\n<p><strong>CARACTER\u00cdSTICAS DE HARDWARE<\/strong><\/p>\n<p>Procesador \u2022 Qualcomm 750MHz CPU, MIPS 74Kc<br \/>\nMemoria \u2022 128 MB DDR2 RAM, 16 MB Flash<br \/>\nInterfaz \u2022 1 Puerto 10\/100\/1000 Mbps Shielded Ethernet (LAN\/POE)<br \/>\n1 Bot\u00f3n Reset<br \/>\nFuente de Alimentaci\u00f3n \u2022 Passive Power over Ethernet via LAN (+4,5pins; -7,8pins)<br \/>\nVoltage range: 16-27V DC<br \/>\nDimensiones \u2022 366 x 280 x 207 mm<br \/>\nGanancia de Antena \u2022 23 dBi<br \/>\nAncho de Haz de la Antena \u2022 9\u00b0 (Azimuth)\/7\u00b0 (Elevation)<br \/>\nProtecci\u00f3n \u2022 15 KV ESD<br \/>\n6 KV contra rayos<br \/>\nCarcasa \u2022 Material: Plastico Exterior PC<br \/>\nPrueba Intemperie: IP65<\/p>\n<p><strong>CARACTER\u00cdSTICAS INAL\u00c1MBRICAS<\/strong><\/p>\n<p>Est\u00e1ndares Inal\u00e1mbricos \u2022 IEEE 802.11a\/n\/ac<br \/>\nVelocidad Inal\u00e1mbrica \u2022 Hasta 867 Mbps (80 MHz, Dynamic)<br \/>\nHasta 400 Mbps (40 MHz, Dynamic)<br \/>\nHasta 173.4 Mbps (20 MHz, Dynamic)<br \/>\nFrecuencia \u2022 5.15~5.85 GHz<br \/>\nPotencia de Transmisi\u00f3n \u2022 Max. 27 dBm (ajustable 1dBm)<\/p>\n<p><strong>CARACTER\u00cdSTICAS DE SOFTWARE<\/strong><\/p>\n<p>Configuraci\u00f3n de Red<br \/>\n\u2022 WAN: est\u00e1tico\/din\u00e1mico\/PPPoE<br \/>\nLAN: Est\u00e1tica\/Din\u00e1mica\/DHCP<br \/>\nReenv\u00edo: ALG\/UPnP\/Servidor virtual\/Activador de puertos<br \/>\nSeguridad: Firewall SPI\/Ping prohibido\/Protecci\u00f3n DoS<br \/>\nControl de acceso<br \/>\nEnrutamiento est\u00e1tico<br \/>\nControl de Ancho de Banda<br \/>\nEnlace de IP y MAC<\/p>\n<p>Herramientas Del Sistema<br \/>\n\u2022 Indicadores: intensidad de la se\u00f1al\/ruido\/transmisi\u00f3n CCQ\/CPU\/memoria<br \/>\nMonitores: Rendimiento\/Estaciones\/Interfaces\/ARP\/Rutas\/WAN\/DHCP<br \/>\nAnalizador de espectro<br \/>\nPrueba de velocidad<br \/>\nSilbido<br \/>\nTraceroute<br \/>\nAlineaci\u00f3n de la antena<\/p>\n<p>Optimizaciones Nivel de Sistema<br \/>\n\u2022 IGMP Snooping\/Proxy para aplicaciones multicast<\/p>\n<p><strong>CARACTER\u00cdSTICAS ADAPTADOR POE<\/strong><\/p>\n<p>Dimensiones \u2022 85.8\u00d743.9\u00d729.7 mm<br \/>\nInterfaces \u2022 1 Toma AC con protecci\u00f3n tierra<br \/>\n1 Puerto \u00d7 10\/100\/1000 Mbps Shielded Ethernet (Energ\u00eda + Datos)<br \/>\n1 Puerto\u00d7 10\/100\/1000 Mbps Shielded Ethernet (Datos)<br \/>\nBot\u00f3n \u2022 Bot\u00f3n Reset Remoto<br \/>\nLEDs de Estado Power \u2022 Verde<br \/>\nEntrada \u2022 100-240VAC, 50\/60Hz<br \/>\nSalida \u2022 24VDC, 0.5A Max<br \/>\n+4, 5pins; -7, 8pins. (Soporte hasta 60m Power over Ethernet)<br \/>\nEficiencia \u2022 &gt;84.29%<br \/>\nCertificaciones \u2022 CE\/FCC\/UL\/IC\/GS\/PSB\/C-tick\/SAA\/S-Mark\/KC-mark<\/p>\n<p><strong>Contenido del Paquete<\/strong><\/p>\n<p>\u2022 Outdoor Wireless CPE<br \/>\n\u2022 Adaptador 24V 0.5A PoE Pasivo<br \/>\n\u2022 Kit Montaje en M\u00e1stil<br \/>\n\u2022 Cable de energ\u00eda AC<br \/>\n\u2022 Gu\u00eda de Instalaci\u00f3n<\/p>\n","protected":false},"excerpt":{"rendered":"<p>Access Point Antena Exteriores 5GHz AC 867Mbps \/ 23dBi, TP-Link CPE710 Wi-Fi 256 QAM y 80 MHz de ancho de banda aumentan las velocidades hasta 867 Mbps, 3\u00d7 m\u00e1s r\u00e1pido que el est\u00e1ndar 802.11n. 23 dBi direccional Cassegrain de alta ganancia y reflector de metal dedicado para excelente directividad del haz, latencia mejorada e inmunidad &hellip;<\/p>\n<p class=\"read-more\"> <a class=\" thunk-readmore button \" href=\"https:\/\/ctsaul.com\/tienda\/producto\/antena-cpe710-ac86723dbi-5ghz-tp-link\/\"> <span class=\"screen-reader-text\">ANTENA CPE710 AC86723DBI 5GHZ  TP-LINK<\/span>Leer m\u00e1s<\/a><\/p>\n","protected":false},"featured_media":1122,"comment_status":"open","ping_status":"closed","template":"","meta":[],"product_brand":[124],"product_cat":[166,163,160],"product_tag":[],"class_list":{"0":"post-1121","1":"product","2":"type-product","3":"status-publish","4":"has-post-thumbnail","6":"product_brand-tp-link","7":"product_cat-access-point","8":"product_cat-punto-a-punto","9":"product_cat-redes","10":"thunk-woo-product-list","11":"opn-qv-enable","12":"big-store-woo-hover-zoom","13":"open-single-product-tab-horizontal","14":"open-shadow-","15":"open-shadow-hover-","17":"first","18":"instock","19":"sale","20":"taxable","21":"shipping-taxable","22":"purchasable","23":"product-type-simple"},"_links":{"self":[{"href":"https:\/\/ctsaul.com\/tienda\/wp-json\/wp\/v2\/product\/1121","targetHints":{"allow":["GET"]}}],"collection":[{"href":"https:\/\/ctsaul.com\/tienda\/wp-json\/wp\/v2\/product"}],"about":[{"href":"https:\/\/ctsaul.com\/tienda\/wp-json\/wp\/v2\/types\/product"}],"replies":[{"embeddable":true,"href":"https:\/\/ctsaul.com\/tienda\/wp-json\/wp\/v2\/comments?post=1121"}],"wp:featuredmedia":[{"embeddable":true,"href":"https:\/\/ctsaul.com\/tienda\/wp-json\/wp\/v2\/media\/1122"}],"wp:attachment":[{"href":"https:\/\/ctsaul.com\/tienda\/wp-json\/wp\/v2\/media?parent=1121"}],"wp:term":[{"taxonomy":"product_brand","embeddable":true,"href":"https:\/\/ctsaul.com\/tienda\/wp-json\/wp\/v2\/product_brand?post=1121"},{"taxonomy":"product_cat","embeddable":true,"href":"https:\/\/ctsaul.com\/tienda\/wp-json\/wp\/v2\/product_cat?post=1121"},{"taxonomy":"product_tag","embeddable":true,"href":"https:\/\/ctsaul.com\/tienda\/wp-json\/wp\/v2\/product_tag?post=1121"}],"curies":[{"name":"wp","href":"https:\/\/api.w.org\/{rel}","templated":true}]}}